{"id":1054,"date":"2017-07-11T14:34:20","date_gmt":"2017-07-11T14:34:20","guid":{"rendered":"http:\/\/www2.unsa.edu.pe\/escuelas\/artes\/?page_id=1054"},"modified":"2017-07-11T14:34:20","modified_gmt":"2017-07-11T14:34:20","slug":"resena-historica","status":"publish","type":"page","link":"https:\/\/ffh.unsa.edu.pe\/artes\/resena-historica\/","title":{"rendered":"Rese\u00f1a Hist\u00f3rica"},"content":{"rendered":"<p>Por resoluci\u00f3n N\u00b0 2654-82-CONAI de la Comisi\u00f3n Nacional lnteruniversitaria, con fecha 20 de julio de 1982, se cre\u00f3 la Escuela de Artes de la Universidad Nacional de San Agust\u00edn, por sesi\u00f3n del 19 de julio del mismo a\u00f1o, inicia su funcionamiento al a\u00f1o siguiente en el antiguo Claustro del Convento de San Agust\u00edn.<\/p>\n","protected":false},"excerpt":{"rendered":"<p>Por resoluci\u00f3n N\u00b0 2654-82-CONAI de la Comisi\u00f3n Nacional lnteruniversitaria, con fecha 20 de julio de 1982, se cre\u00f3 la Escuela de Artes de la Universidad Nacional de San Agust\u00edn, por sesi\u00f3n del 19 de julio del mismo a\u00f1o, inicia su funcionamiento al a\u00f1o siguiente en el antiguo Claustro del Convento de San Agust\u00edn.<\/p>\n","protected":false},"author":1,"featured_media":1235,"parent":0,"menu_order":0,"comment_status":"closed","ping_status":"closed","template":"","meta":{"_acf_changed":false,"footnotes":""},"class_list":["post-1054","page","type-page","status-publish","has-post-thumbnail","hentry"],"acf":[],"_links":{"self":[{"href":"https:\/\/ffh.unsa.edu.pe\/artes\/wp-json\/wp\/v2\/pages\/1054","targetHints":{"allow":["GET"]}}],"collection":[{"href":"https:\/\/ffh.unsa.edu.pe\/artes\/wp-json\/wp\/v2\/pages"}],"about":[{"href":"https:\/\/ffh.unsa.edu.pe\/artes\/wp-json\/wp\/v2\/types\/page"}],"author":[{"embeddable":true,"href":"https:\/\/ffh.unsa.edu.pe\/artes\/wp-json\/wp\/v2\/users\/1"}],"replies":[{"embeddable":true,"href":"https:\/\/ffh.unsa.edu.pe\/artes\/wp-json\/wp\/v2\/comments?post=1054"}],"version-history":[{"count":0,"href":"https:\/\/ffh.unsa.edu.pe\/artes\/wp-json\/wp\/v2\/pages\/1054\/revisions"}],"wp:featuredmedia":[{"embeddable":true,"href":"https:\/\/ffh.unsa.edu.pe\/artes\/wp-json\/wp\/v2\/media\/1235"}],"wp:attachment":[{"href":"https:\/\/ffh.unsa.edu.pe\/artes\/wp-json\/wp\/v2\/media?parent=1054"}],"curies":[{"name":"wp","href":"https:\/\/api.w.org\/{rel}","templated":true}]}}