{"id":1056,"date":"2017-07-11T14:35:33","date_gmt":"2017-07-11T14:35:33","guid":{"rendered":"http:\/\/www2.unsa.edu.pe\/escuelas\/artes\/?page_id=1056"},"modified":"2017-11-02T22:49:07","modified_gmt":"2017-11-02T22:49:07","slug":"vision-y-mision","status":"publish","type":"page","link":"https:\/\/ffh.unsa.edu.pe\/artes\/vision-y-mision\/","title":{"rendered":"Visi\u00f3n y Misi\u00f3n"},"content":{"rendered":"<div class=\"cua-gra\"><img loading=\"lazy\" decoding=\"async\" class=\"hidden-xs alignnone size-medium wp-image-1289\" src=\"https:\/\/ffh.unsa.edu.pe\/artes\/wp-content\/uploads\/sites\/2\/2017\/09\/filarmonica-10-360x203.jpg\" alt=\"\" width=\"360\" height=\"203\" \/><\/p>\n<h4>Visi\u00f3n<\/h4>\n<p>Formar artistas en Artes Visuales y M\u00fasica, que desarrollen un pensamiento cr\u00edtico, con esp\u00edritu creativo e investigador, con una s\u00f3lida formaci\u00f3n de valores capaces de tomar decisiones, solucionar problemas, contribuir al desarrollo musical y de las artes visuales de la localidad para ser competentes en el mercado laboral.<\/div>\n<div class=\"cua-gri\"><img loading=\"lazy\" decoding=\"async\" class=\"hidden-xs alignnone size-medium wp-image-1307\" src=\"https:\/\/ffh.unsa.edu.pe\/artes\/wp-content\/uploads\/sites\/2\/2017\/09\/concierto-61-e1505934402749-360x203.jpg\" alt=\"\" width=\"360\" height=\"203\" \/><\/p>\n<h4>Misi\u00f3n<\/h4>\n<p>Ser una Escuela competitiva nacional e internacionalmente, que promueva profesionales de un alto nivel de capacitaci\u00f3n acad\u00e9mica, de actualizaci\u00f3n permanente, con un compromiso \u00e9tico con la calidad, de pensamiento creativo, promotores de una democracia participativa, de respeto y tolerancia a la diversidad, que se comprometa con el desarrollo art\u00edstico, el fortalecimiento cultural y social de la regi\u00f3n y del pa\u00eds, y que realice actividades de investigaci\u00f3n, extensi\u00f3n y proyecci\u00f3n social.<\/div>\n","protected":false},"excerpt":{"rendered":"","protected":false},"author":1,"featured_media":0,"parent":0,"menu_order":0,"comment_status":"closed","ping_status":"closed","template":"","meta":{"_acf_changed":false,"footnotes":""},"class_list":["post-1056","page","type-page","status-publish","hentry"],"acf":[],"_links":{"self":[{"href":"https:\/\/ffh.unsa.edu.pe\/artes\/wp-json\/wp\/v2\/pages\/1056","targetHints":{"allow":["GET"]}}],"collection":[{"href":"https:\/\/ffh.unsa.edu.pe\/artes\/wp-json\/wp\/v2\/pages"}],"about":[{"href":"https:\/\/ffh.unsa.edu.pe\/artes\/wp-json\/wp\/v2\/types\/page"}],"author":[{"embeddable":true,"href":"https:\/\/ffh.unsa.edu.pe\/artes\/wp-json\/wp\/v2\/users\/1"}],"replies":[{"embeddable":true,"href":"https:\/\/ffh.unsa.edu.pe\/artes\/wp-json\/wp\/v2\/comments?post=1056"}],"version-history":[{"count":1,"href":"https:\/\/ffh.unsa.edu.pe\/artes\/wp-json\/wp\/v2\/pages\/1056\/revisions"}],"predecessor-version":[{"id":1353,"href":"https:\/\/ffh.unsa.edu.pe\/artes\/wp-json\/wp\/v2\/pages\/1056\/revisions\/1353"}],"wp:attachment":[{"href":"https:\/\/ffh.unsa.edu.pe\/artes\/wp-json\/wp\/v2\/media?parent=1056"}],"curies":[{"name":"wp","href":"https:\/\/api.w.org\/{rel}","templated":true}]}}