{"id":1058,"date":"2017-07-11T14:36:55","date_gmt":"2017-07-11T14:36:55","guid":{"rendered":"http:\/\/www2.unsa.edu.pe\/escuelas\/artes\/?page_id=1058"},"modified":"2018-07-04T12:04:59","modified_gmt":"2018-07-04T17:04:59","slug":"objetivos-academicos","status":"publish","type":"page","link":"https:\/\/ffh.unsa.edu.pe\/artes\/objetivos-academicos\/","title":{"rendered":"Objetivos Acad\u00e9micos"},"content":{"rendered":"<div class=\"cua-obj\">Formar profesionales, cient\u00edficos tecn\u00f3logos y <strong>artistas competentes<\/strong> de acuerdo a las necesidades del entorno y de servicio en bien de la sociedad<\/div>\n<div class=\"cua-obj\">Alcanzar<strong>\u00a0est\u00e1ndares internacionales en calidad<\/strong>\u00a0educativa en pregrado, postgrado segundas especialidades y diplomados.<\/div>\n<div class=\"cua-obj\">Impulsar la investigaci\u00f3n y promover la elaboraci\u00f3n de proyectos de inversi\u00f3n de inter\u00e9s cient\u00edfico y social para contribuir a la <strong>generaci\u00f3n de conocimiento<\/strong> y del desarrollo sostenible.<\/div>\n<div class=\"cua-obj\">Fomentar y estimular la creaci\u00f3n intelectual, cultura l y art\u00edstica, as\u00ed como la <strong>producci\u00f3n cient\u00edfica y tecnol\u00f3gica<\/strong> de docentes, estudiantes y administrativos.<\/div>\n<p>&nbsp;<\/p>\n","protected":false},"excerpt":{"rendered":"<p>&nbsp;<\/p>\n","protected":false},"author":1,"featured_media":1241,"parent":0,"menu_order":0,"comment_status":"closed","ping_status":"closed","template":"page-blanco.php","meta":{"_acf_changed":false,"footnotes":""},"class_list":["post-1058","page","type-page","status-publish","has-post-thumbnail","hentry"],"acf":[],"_links":{"self":[{"href":"https:\/\/ffh.unsa.edu.pe\/artes\/wp-json\/wp\/v2\/pages\/1058","targetHints":{"allow":["GET"]}}],"collection":[{"href":"https:\/\/ffh.unsa.edu.pe\/artes\/wp-json\/wp\/v2\/pages"}],"about":[{"href":"https:\/\/ffh.unsa.edu.pe\/artes\/wp-json\/wp\/v2\/types\/page"}],"author":[{"embeddable":true,"href":"https:\/\/ffh.unsa.edu.pe\/artes\/wp-json\/wp\/v2\/users\/1"}],"replies":[{"embeddable":true,"href":"https:\/\/ffh.unsa.edu.pe\/artes\/wp-json\/wp\/v2\/comments?post=1058"}],"version-history":[{"count":5,"href":"https:\/\/ffh.unsa.edu.pe\/artes\/wp-json\/wp\/v2\/pages\/1058\/revisions"}],"predecessor-version":[{"id":1581,"href":"https:\/\/ffh.unsa.edu.pe\/artes\/wp-json\/wp\/v2\/pages\/1058\/revisions\/1581"}],"wp:featuredmedia":[{"embeddable":true,"href":"https:\/\/ffh.unsa.edu.pe\/artes\/wp-json\/wp\/v2\/media\/1241"}],"wp:attachment":[{"href":"https:\/\/ffh.unsa.edu.pe\/artes\/wp-json\/wp\/v2\/media?parent=1058"}],"curies":[{"name":"wp","href":"https:\/\/api.w.org\/{rel}","templated":true}]}}