{"id":1066,"date":"2017-07-11T14:46:27","date_gmt":"2017-07-11T14:46:27","guid":{"rendered":"http:\/\/www2.unsa.edu.pe\/escuelas\/artes\/?page_id=1066"},"modified":"2025-09-04T12:09:06","modified_gmt":"2025-09-04T17:09:06","slug":"perfil-del-egresado-especialidad-de-plasticas","status":"publish","type":"page","link":"https:\/\/ffh.unsa.edu.pe\/artes\/perfil-del-egresado-especialidad-de-plasticas\/","title":{"rendered":"Perfil del Egresado Especialidad de Pl\u00e1sticas Plan de estudios 2017"},"content":{"rendered":"<p>Los egresados de la carrera de Artes Pl\u00e1sticas poseen una s\u00f3lida formaci\u00f3n art\u00edstica, con dominio de las teor\u00edas, procesos y lenguajes propios de las artes pl\u00e1sticas, con capacidad cr\u00edtica, investigadora y creativa, siendo responsables y sensibles en todos los procesos relacionados con su campo, con una visi\u00f3n proactiva de proyecci\u00f3n y promoci\u00f3n del trabajo art\u00edstico, y vinculados al desarrollo de la identidad cultural.<\/p>\n","protected":false},"excerpt":{"rendered":"<p>Los egresados de la carrera de Artes Pl\u00e1sticas poseen una s\u00f3lida formaci\u00f3n art\u00edstica, con dominio de las teor\u00edas, procesos y lenguajes propios de las artes pl\u00e1sticas, con capacidad cr\u00edtica, investigadora y creativa, siendo responsables y sensibles en todos los procesos relacionados con su campo, con una visi\u00f3n proactiva de proyecci\u00f3n y promoci\u00f3n del trabajo art\u00edstico, [&hellip;]<\/p>\n","protected":false},"author":1,"featured_media":1252,"parent":0,"menu_order":0,"comment_status":"closed","ping_status":"closed","template":"","meta":{"_acf_changed":false,"footnotes":""},"class_list":["post-1066","page","type-page","status-publish","has-post-thumbnail","hentry"],"acf":[],"_links":{"self":[{"href":"https:\/\/ffh.unsa.edu.pe\/artes\/wp-json\/wp\/v2\/pages\/1066","targetHints":{"allow":["GET"]}}],"collection":[{"href":"https:\/\/ffh.unsa.edu.pe\/artes\/wp-json\/wp\/v2\/pages"}],"about":[{"href":"https:\/\/ffh.unsa.edu.pe\/artes\/wp-json\/wp\/v2\/types\/page"}],"author":[{"embeddable":true,"href":"https:\/\/ffh.unsa.edu.pe\/artes\/wp-json\/wp\/v2\/users\/1"}],"replies":[{"embeddable":true,"href":"https:\/\/ffh.unsa.edu.pe\/artes\/wp-json\/wp\/v2\/comments?post=1066"}],"version-history":[{"count":4,"href":"https:\/\/ffh.unsa.edu.pe\/artes\/wp-json\/wp\/v2\/pages\/1066\/revisions"}],"predecessor-version":[{"id":4448,"href":"https:\/\/ffh.unsa.edu.pe\/artes\/wp-json\/wp\/v2\/pages\/1066\/revisions\/4448"}],"wp:featuredmedia":[{"embeddable":true,"href":"https:\/\/ffh.unsa.edu.pe\/artes\/wp-json\/wp\/v2\/media\/1252"}],"wp:attachment":[{"href":"https:\/\/ffh.unsa.edu.pe\/artes\/wp-json\/wp\/v2\/media?parent=1066"}],"curies":[{"name":"wp","href":"https:\/\/api.w.org\/{rel}","templated":true}]}}