{"id":1068,"date":"2017-07-11T14:53:58","date_gmt":"2017-07-11T14:53:58","guid":{"rendered":"http:\/\/www2.unsa.edu.pe\/escuelas\/artes\/?page_id=1068"},"modified":"2019-02-27T10:48:06","modified_gmt":"2019-02-27T15:48:06","slug":"campo-ocupacional-plasticas","status":"publish","type":"page","link":"https:\/\/ffh.unsa.edu.pe\/artes\/campo-ocupacional-plasticas\/","title":{"rendered":"Campo Ocupacional Pl\u00e1sticas"},"content":{"rendered":"<p>Los egresados de la carrera de Arte tendr\u00e1n la capacidad para desempe\u00f1arse en los siguientes campos:<\/p>\n<ol>\n<li>Artista pl\u00e1stico profesional aut\u00f3nomo, para producir obras y objetos de car\u00e1cter bi y tridimensional para el consumo de clientes particulares o coleccionistas.<\/li>\n<li>Se encuentra\u00a0capacitado para realizar exposiciones individuales y colectivas con dominio en las diferentes t\u00e9cnicas y materiales tradicionales y modernos.<\/li>\n<li>Desarrollo en las actividades de dise\u00f1o gr\u00e1fico, fotograf\u00eda e ilustraci\u00f3n art\u00edstica.<\/li>\n<li>Actividades en organismos del estado o privados como museos de arte, galer\u00edas y centros culturales que requieren de sus servicios como profesional aut\u00f3nomo para cr\u00edtico de arte,<\/li>\n<li>Docencia universitaria, asesor\u00eda en gobiernos municipales y otros organismos relacionados con la cultura y su proyecci\u00f3n social<\/li>\n<\/ol>\n","protected":false},"excerpt":{"rendered":"<p>Los egresados de la carrera de Arte tendr\u00e1n la capacidad para desempe\u00f1arse en los siguientes campos: Artista pl\u00e1stico profesional aut\u00f3nomo, para producir obras y objetos de car\u00e1cter bi y tridimensional para el consumo de clientes particulares o coleccionistas. Se encuentra\u00a0capacitado para realizar exposiciones individuales y colectivas con dominio en las diferentes t\u00e9cnicas y materiales tradicionales [&hellip;]<\/p>\n","protected":false},"author":1,"featured_media":1248,"parent":0,"menu_order":0,"comment_status":"closed","ping_status":"closed","template":"","meta":{"_acf_changed":false,"footnotes":""},"class_list":["post-1068","page","type-page","status-publish","has-post-thumbnail","hentry"],"acf":[],"_links":{"self":[{"href":"https:\/\/ffh.unsa.edu.pe\/artes\/wp-json\/wp\/v2\/pages\/1068","targetHints":{"allow":["GET"]}}],"collection":[{"href":"https:\/\/ffh.unsa.edu.pe\/artes\/wp-json\/wp\/v2\/pages"}],"about":[{"href":"https:\/\/ffh.unsa.edu.pe\/artes\/wp-json\/wp\/v2\/types\/page"}],"author":[{"embeddable":true,"href":"https:\/\/ffh.unsa.edu.pe\/artes\/wp-json\/wp\/v2\/users\/1"}],"replies":[{"embeddable":true,"href":"https:\/\/ffh.unsa.edu.pe\/artes\/wp-json\/wp\/v2\/comments?post=1068"}],"version-history":[{"count":3,"href":"https:\/\/ffh.unsa.edu.pe\/artes\/wp-json\/wp\/v2\/pages\/1068\/revisions"}],"predecessor-version":[{"id":1596,"href":"https:\/\/ffh.unsa.edu.pe\/artes\/wp-json\/wp\/v2\/pages\/1068\/revisions\/1596"}],"wp:featuredmedia":[{"embeddable":true,"href":"https:\/\/ffh.unsa.edu.pe\/artes\/wp-json\/wp\/v2\/media\/1248"}],"wp:attachment":[{"href":"https:\/\/ffh.unsa.edu.pe\/artes\/wp-json\/wp\/v2\/media?parent=1068"}],"curies":[{"name":"wp","href":"https:\/\/api.w.org\/{rel}","templated":true}]}}