{"id":1321,"date":"2017-07-03T14:33:37","date_gmt":"2017-07-03T14:33:37","guid":{"rendered":"http:\/\/www2.unsa.edu.pe\/escuelas\/artes\/?page_id=2"},"modified":"2025-01-13T15:07:33","modified_gmt":"2025-01-13T20:07:33","slug":"presentacion","status":"publish","type":"page","link":"https:\/\/ffh.unsa.edu.pe\/artes\/presentacion\/","title":{"rendered":"Presentaci\u00f3n de la Escuela"},"content":{"rendered":"<p>La Escuela Profesional de Artes en sus dos carreras est\u00e1 organizada dentro de la Facultad de Filosof\u00eda y Humanidades de la Universidad Nacional de San Agust\u00edn. Tiene una direcci\u00f3n de escuela para ambas carreras y un departamento acad\u00e9mico que agrupa a los profesores de ambas disciplinas. Las carreras de m\u00fasica y artes pl\u00e1sticas tienen programas de estudio perfectamente diferenciados siendo al presente procesos completamente separados, sin la existencia de cursos en com\u00fan pero s\u00ed interdisciplinarios. Ambas carreras duran un total de diez semestres acad\u00e9micos.<\/p>\n<p>La carrera de m\u00fasica ofrece las especialidades instrumentales de viol\u00edn, viola, chelo, contrabajo, piano, flauta, oboe, clarinete, fagot, corno, trompeta, tromb\u00f3n, tuba, percusi\u00f3n, canto, charango e instrumentos nativos peruanos. La carrera de artes pl\u00e1sticas se centra fundamentalmente en la creaci\u00f3n pl\u00e1stica a trav\u00e9s de la pintura, el dibujo, el grabado y la fotograf\u00eda. Para ello cuenta con talleres especializados y cursos te\u00f3ricos: composici\u00f3n art\u00edstica, perspectiva, dibujo geom\u00e9trico, dise\u00f1o aplicado, arte multimedia, historia del arte universal, arte peruano y latinoamericano, arte popular e integraci\u00f3n de las artes.<\/p>\n","protected":false},"excerpt":{"rendered":"<p>La Escuela Profesional de Artes en sus dos carreras est\u00e1 organizada dentro de la Facultad de Filosof\u00eda y Humanidades de la Universidad Nacional de San Agust\u00edn. Tiene una direcci\u00f3n de escuela para ambas carreras y un departamento acad\u00e9mico que agrupa a los profesores de ambas disciplinas. Las carreras de m\u00fasica y artes pl\u00e1sticas tienen programas [&hellip;]<\/p>\n","protected":false},"author":1,"featured_media":1278,"parent":0,"menu_order":0,"comment_status":"closed","ping_status":"open","template":"","meta":{"_acf_changed":false,"footnotes":""},"class_list":["post-1321","page","type-page","status-publish","has-post-thumbnail","hentry"],"acf":[],"_links":{"self":[{"href":"https:\/\/ffh.unsa.edu.pe\/artes\/wp-json\/wp\/v2\/pages\/1321","targetHints":{"allow":["GET"]}}],"collection":[{"href":"https:\/\/ffh.unsa.edu.pe\/artes\/wp-json\/wp\/v2\/pages"}],"about":[{"href":"https:\/\/ffh.unsa.edu.pe\/artes\/wp-json\/wp\/v2\/types\/page"}],"author":[{"embeddable":true,"href":"https:\/\/ffh.unsa.edu.pe\/artes\/wp-json\/wp\/v2\/users\/1"}],"replies":[{"embeddable":true,"href":"https:\/\/ffh.unsa.edu.pe\/artes\/wp-json\/wp\/v2\/comments?post=1321"}],"version-history":[{"count":10,"href":"https:\/\/ffh.unsa.edu.pe\/artes\/wp-json\/wp\/v2\/pages\/1321\/revisions"}],"predecessor-version":[{"id":4182,"href":"https:\/\/ffh.unsa.edu.pe\/artes\/wp-json\/wp\/v2\/pages\/1321\/revisions\/4182"}],"wp:featuredmedia":[{"embeddable":true,"href":"https:\/\/ffh.unsa.edu.pe\/artes\/wp-json\/wp\/v2\/media\/1278"}],"wp:attachment":[{"href":"https:\/\/ffh.unsa.edu.pe\/artes\/wp-json\/wp\/v2\/media?parent=1321"}],"curies":[{"name":"wp","href":"https:\/\/api.w.org\/{rel}","templated":true}]}}