{"id":1597,"date":"2019-02-27T10:47:51","date_gmt":"2019-02-27T15:47:51","guid":{"rendered":"https:\/\/ffh.unsa.edu.pe\/artes\/?page_id=1597"},"modified":"2019-02-27T10:47:51","modified_gmt":"2019-02-27T15:47:51","slug":"campo-ocupacional-musica","status":"publish","type":"page","link":"https:\/\/ffh.unsa.edu.pe\/artes\/campo-ocupacional-musica\/","title":{"rendered":"Campo Ocupacional M\u00fasica"},"content":{"rendered":"<p>Los egresados de la carrera de m\u00fasica tendr\u00e1n la capacidad para desempe\u00f1arse en los siguientes campos:<\/p>\n<ol>\n<li>Instrumentistas de grupos musicales de gran formato para m\u00fasica acad\u00e9mica: orquestas sinf\u00f3nicas, filarm\u00f3nicas, bandas sinf\u00f3nicas<\/li>\n<li>Instrumentistas de grupos de c\u00e1mara para m\u00fasica acad\u00e9mica: m\u00fasica de c\u00e1mara<\/li>\n<li>Instrumentistas de grupos de m\u00fasica popular<\/li>\n<li>Cantantes solistas<\/li>\n<li>Cantantes de coro<\/li>\n<li>Cantantes de m\u00fasica popular<\/li>\n<li>Profesores de instrumento<\/li>\n<li>Profesores de teor\u00eda, historia y est\u00e9tica musical<\/li>\n<li>Arreglista y gestor \u00a0cultural con menci\u00f3n musical<\/li>\n<\/ol>\n","protected":false},"excerpt":{"rendered":"<p>Los egresados de la carrera de m\u00fasica tendr\u00e1n la capacidad para desempe\u00f1arse en los siguientes campos: Instrumentistas de grupos musicales de gran formato para m\u00fasica acad\u00e9mica: orquestas sinf\u00f3nicas, filarm\u00f3nicas, bandas sinf\u00f3nicas Instrumentistas de grupos de c\u00e1mara para m\u00fasica acad\u00e9mica: m\u00fasica de c\u00e1mara Instrumentistas de grupos de m\u00fasica popular Cantantes solistas Cantantes de coro Cantantes de [&hellip;]<\/p>\n","protected":false},"author":1,"featured_media":1288,"parent":0,"menu_order":0,"comment_status":"closed","ping_status":"closed","template":"","meta":{"_acf_changed":false,"footnotes":""},"class_list":["post-1597","page","type-page","status-publish","has-post-thumbnail","hentry"],"acf":[],"_links":{"self":[{"href":"https:\/\/ffh.unsa.edu.pe\/artes\/wp-json\/wp\/v2\/pages\/1597","targetHints":{"allow":["GET"]}}],"collection":[{"href":"https:\/\/ffh.unsa.edu.pe\/artes\/wp-json\/wp\/v2\/pages"}],"about":[{"href":"https:\/\/ffh.unsa.edu.pe\/artes\/wp-json\/wp\/v2\/types\/page"}],"author":[{"embeddable":true,"href":"https:\/\/ffh.unsa.edu.pe\/artes\/wp-json\/wp\/v2\/users\/1"}],"replies":[{"embeddable":true,"href":"https:\/\/ffh.unsa.edu.pe\/artes\/wp-json\/wp\/v2\/comments?post=1597"}],"version-history":[{"count":1,"href":"https:\/\/ffh.unsa.edu.pe\/artes\/wp-json\/wp\/v2\/pages\/1597\/revisions"}],"predecessor-version":[{"id":1598,"href":"https:\/\/ffh.unsa.edu.pe\/artes\/wp-json\/wp\/v2\/pages\/1597\/revisions\/1598"}],"wp:featuredmedia":[{"embeddable":true,"href":"https:\/\/ffh.unsa.edu.pe\/artes\/wp-json\/wp\/v2\/media\/1288"}],"wp:attachment":[{"href":"https:\/\/ffh.unsa.edu.pe\/artes\/wp-json\/wp\/v2\/media?parent=1597"}],"curies":[{"name":"wp","href":"https:\/\/api.w.org\/{rel}","templated":true}]}}