{"id":1600,"date":"2019-02-27T10:50:13","date_gmt":"2019-02-27T15:50:13","guid":{"rendered":"https:\/\/ffh.unsa.edu.pe\/artes\/?page_id=1600"},"modified":"2025-09-04T12:09:00","modified_gmt":"2025-09-04T17:09:00","slug":"perfil-del-egresado-especialidad-de-musica","status":"publish","type":"page","link":"https:\/\/ffh.unsa.edu.pe\/artes\/perfil-del-egresado-especialidad-de-musica\/","title":{"rendered":"Perfil del Egresado Especialidad de M\u00fasica Plan de estudios 2017"},"content":{"rendered":"<p>Los egresados de la carrera de m\u00fasica poseen una s\u00f3lida formaci\u00f3n art\u00edstica, con dominio de las teor\u00edas, procesos y lenguajes propios de la m\u00fasica, con capacidad cr\u00edtica, investigadora y creativa, siendo responsables y sensibles en todos los procesos relacionados con su campo, con una visi\u00f3n proactiva de proyecci\u00f3n y promoci\u00f3n del trabajo musical, y vinculados al desarrollo de la identidad cultural.<\/p>\n","protected":false},"excerpt":{"rendered":"<p>Los egresados de la carrera de m\u00fasica poseen una s\u00f3lida formaci\u00f3n art\u00edstica, con dominio de las teor\u00edas, procesos y lenguajes propios de la m\u00fasica, con capacidad cr\u00edtica, investigadora y creativa, siendo responsables y sensibles en todos los procesos relacionados con su campo, con una visi\u00f3n proactiva de proyecci\u00f3n y promoci\u00f3n del trabajo musical, y vinculados [&hellip;]<\/p>\n","protected":false},"author":1,"featured_media":1286,"parent":0,"menu_order":0,"comment_status":"closed","ping_status":"closed","template":"","meta":{"_acf_changed":false,"footnotes":""},"class_list":["post-1600","page","type-page","status-publish","has-post-thumbnail","hentry"],"acf":[],"_links":{"self":[{"href":"https:\/\/ffh.unsa.edu.pe\/artes\/wp-json\/wp\/v2\/pages\/1600","targetHints":{"allow":["GET"]}}],"collection":[{"href":"https:\/\/ffh.unsa.edu.pe\/artes\/wp-json\/wp\/v2\/pages"}],"about":[{"href":"https:\/\/ffh.unsa.edu.pe\/artes\/wp-json\/wp\/v2\/types\/page"}],"author":[{"embeddable":true,"href":"https:\/\/ffh.unsa.edu.pe\/artes\/wp-json\/wp\/v2\/users\/1"}],"replies":[{"embeddable":true,"href":"https:\/\/ffh.unsa.edu.pe\/artes\/wp-json\/wp\/v2\/comments?post=1600"}],"version-history":[{"count":2,"href":"https:\/\/ffh.unsa.edu.pe\/artes\/wp-json\/wp\/v2\/pages\/1600\/revisions"}],"predecessor-version":[{"id":4447,"href":"https:\/\/ffh.unsa.edu.pe\/artes\/wp-json\/wp\/v2\/pages\/1600\/revisions\/4447"}],"wp:featuredmedia":[{"embeddable":true,"href":"https:\/\/ffh.unsa.edu.pe\/artes\/wp-json\/wp\/v2\/media\/1286"}],"wp:attachment":[{"href":"https:\/\/ffh.unsa.edu.pe\/artes\/wp-json\/wp\/v2\/media?parent=1600"}],"curies":[{"name":"wp","href":"https:\/\/api.w.org\/{rel}","templated":true}]}}