{"id":1607,"date":"2019-02-27T11:48:48","date_gmt":"2019-02-27T16:48:48","guid":{"rendered":"https:\/\/ffh.unsa.edu.pe\/artes\/?page_id=1607"},"modified":"2019-02-27T11:49:48","modified_gmt":"2019-02-27T16:49:48","slug":"competencias-de-la-carrera-especialidad-musica","status":"publish","type":"page","link":"https:\/\/ffh.unsa.edu.pe\/artes\/competencias-de-la-carrera-especialidad-musica\/","title":{"rendered":"Competencias de la Carrera Especialidad M\u00fasica"},"content":{"rendered":"<h4><strong>Competencias espec\u00edficas y de especialidad de la Especialidad de M\u00fasica<\/strong><\/h4>\n<ul>\n<li>Analiza cr\u00edticamente los fundamentos te\u00f3ricos en los que se cimenta la m\u00fasica para el estudio de la interpretaci\u00f3n musical y otras disciplinas afines en sus expresiones local, nacional e internacional, con base en un pensar complejo, responsable, valorando el trabajo individual, colectivo y los aportes interdisciplinares.<\/li>\n<li>Aplica las metodolog\u00edas propias de la formaci\u00f3n musical para la planeaci\u00f3n y realizaci\u00f3n de trabajos interpretativos o pr\u00e1cticos y actividades de proyecci\u00f3n y extensi\u00f3n, mostrando criterios de calidad interpretativa.<\/li>\n<li>Desarrolla actividades de pr\u00e1cticas pre-profesionales y de gesti\u00f3n en el capo de la M\u00fasica buscando preparaci\u00f3n previa y conducente a la inserci\u00f3n en el mercado art\u00edstico y laboral demostrado un desenvolvimiento \u00e9tico, responsable y comprometido con el desarrollo cultural de su sociedad.<\/li>\n<li>Genera nuevos conocimientos en el campo de la m\u00fasica para el desarrollo y profundizaci\u00f3n de los estudios sonoros a trav\u00e9s de investigaciones vinculadas a las necesidades sociales del contexto social con responsabilidad \u00e9tica y criterios de calidad internacional.<\/li>\n<\/ul>\n<h4><strong>Competencias Generales <\/strong><\/h4>\n<p>Las competencias generales para la Facultad de Filosof\u00eda y Humanidades que comprende a la carrera de Artes Pl\u00e1sticas de la Escuela de Artes son:<\/p>\n<ol>\n<li><strong>Reforzamiento del Aprendizaje<\/strong>\n<ul>\n<li>Resuelve diferentes tipos de problemas matem\u00e1ticos relacionados con la pr\u00e1ctica profesional y social, tanto puros como aplicados, demostrando razonamientos l\u00f3gicos.<\/li>\n<li>Interact\u00faa con otras personas y en diferentes contextos, comunic\u00e1ndose \u00edntegramente, en su lengua materna y en otras lenguas.<\/li>\n<li>Utiliza diferentes t\u00e9cnicas de estudio que le permiten lograr aprendizajes de manera individual y cooperativa<\/li>\n<li>Organiza de manera planificada su autoaprendizaje continuo, tanto individual como colectivo, de acuerdo a los diferentes contextos.<\/li>\n<li>Gestiona la informaci\u00f3n proveniente de diversas fuentes para utilizarla, de manera cr\u00edtica, creativa y con iniciativa, en la resoluci\u00f3n de problemas personales y en el emprendimiento de proyectos profesionales y sociales.<\/li>\n<li>Identifica los principios b\u00e1sicos de las ciencias naturales y sociales para una comprensi\u00f3n global del mundo, as\u00ed como de la realidad nacional y local<\/li>\n<\/ul>\n<\/li>\n<li><strong>Formaci\u00f3n Human\u00edstica, Identidad y Ciudadan\u00eda<\/strong>\n<ol>\n<li>Act\u00faa \u00e9ticamente en sus comportamientos, dentro y fuera de la Universidad, a fin de fortalecer sus valores y transformar la sociedad.<\/li>\n<li>Explica los problemas sociales m\u00e1s relevantes del Per\u00fa desde el punto de vista econ\u00f3mico, social, pol\u00edtico, cultural, etc., con el fin de comprometerse a contribuir en su soluci\u00f3n.<\/li>\n<li>Valora los sistemas democr\u00e1ticos de gobierno como medio para el an\u00e1lisis de la universidad, la comunidad y el desarrollo social.<\/li>\n<li>Defiende los derechos y deberes ciudadanos como estudiantiles, dentro del marco de la ley, consolidando las bases para la transformaci\u00f3n y desarrollo de una sociedad democr\u00e1tica y justa.<\/li>\n<li>Reconoce la libertad de expresi\u00f3n dentro y fuera de la universidad, propiciando un ambiente con diversidad de ideas y defensa de posiciones fundamentadas que enaltezcan la sociedad arequipe\u00f1a.<\/li>\n<li>Comprende el significado de conceptos como diversidad cultural, interculturalidad y otros como prejuicio, estereotipo, discriminaci\u00f3n y tolerancia en funci\u00f3n del bienestar personal y social.<\/li>\n<li>Respeta la diversidad cultural y de pensamiento que est\u00e1 presente en la universidad y en la regi\u00f3n, reconociendo sus diferentes manifestaciones y contribuyendo al desarrollo de una sociedad interculturalidad.<\/li>\n<li>Asume el compromiso de respetar y conservar el medio ambiente, cumpliendo las normas respectivas, a fin de vivir en una relaci\u00f3n armoniosa con la naturaleza<\/li>\n<li>Aprecia obras art\u00edsticas demostrando altos niveles de sensibilidad e identidad local y nacional<\/li>\n<li>Interpreta su realidad a partir de los procesos hist\u00f3ricos y culturales, tanto a nivel local, nacional e internacional fortaleciendo su identidad cultural, arequipe\u00f1a y peruana.<\/li>\n<li>Realiza obras art\u00edsticas demostrando altos niveles de sensibilidad e identidad local y nacional.<\/li>\n<\/ol>\n<\/li>\n<\/ol>\n","protected":false},"excerpt":{"rendered":"<p>Competencias espec\u00edficas y de especialidad de la Especialidad de M\u00fasica Analiza cr\u00edticamente los fundamentos te\u00f3ricos en los que se cimenta la m\u00fasica para el estudio de la interpretaci\u00f3n musical y otras disciplinas afines en sus expresiones local, nacional e internacional, con base en un pensar complejo, responsable, valorando el trabajo individual, colectivo y los aportes [&hellip;]<\/p>\n","protected":false},"author":1,"featured_media":0,"parent":0,"menu_order":0,"comment_status":"closed","ping_status":"closed","template":"","meta":{"_acf_changed":false,"footnotes":""},"class_list":["post-1607","page","type-page","status-publish","hentry"],"acf":[],"_links":{"self":[{"href":"https:\/\/ffh.unsa.edu.pe\/artes\/wp-json\/wp\/v2\/pages\/1607","targetHints":{"allow":["GET"]}}],"collection":[{"href":"https:\/\/ffh.unsa.edu.pe\/artes\/wp-json\/wp\/v2\/pages"}],"about":[{"href":"https:\/\/ffh.unsa.edu.pe\/artes\/wp-json\/wp\/v2\/types\/page"}],"author":[{"embeddable":true,"href":"https:\/\/ffh.unsa.edu.pe\/artes\/wp-json\/wp\/v2\/users\/1"}],"replies":[{"embeddable":true,"href":"https:\/\/ffh.unsa.edu.pe\/artes\/wp-json\/wp\/v2\/comments?post=1607"}],"version-history":[{"count":1,"href":"https:\/\/ffh.unsa.edu.pe\/artes\/wp-json\/wp\/v2\/pages\/1607\/revisions"}],"predecessor-version":[{"id":1608,"href":"https:\/\/ffh.unsa.edu.pe\/artes\/wp-json\/wp\/v2\/pages\/1607\/revisions\/1608"}],"wp:attachment":[{"href":"https:\/\/ffh.unsa.edu.pe\/artes\/wp-json\/wp\/v2\/media?parent=1607"}],"curies":[{"name":"wp","href":"https:\/\/api.w.org\/{rel}","templated":true}]}}