{"id":1911,"date":"2020-08-11T10:32:37","date_gmt":"2020-08-11T15:32:37","guid":{"rendered":"https:\/\/ffh.unsa.edu.pe\/artes\/?page_id=1911"},"modified":"2025-09-04T15:35:11","modified_gmt":"2025-09-04T20:35:11","slug":"reglamento-de-responsabilidad-social-universitaria-2","status":"publish","type":"page","link":"https:\/\/ffh.unsa.edu.pe\/artes\/reglamento-de-responsabilidad-social-universitaria-2\/","title":{"rendered":"Reglamentos de Responsabilidad Social Universitaria"},"content":{"rendered":"<p>Para ver el documento dar click:<\/p>\n<p><strong>Responsabilidad Social Universitaria.<\/strong><\/p>\n<p><a href=\"https:\/\/ffh.unsa.edu.pe\/artes\/wp-content\/uploads\/sites\/2\/2025\/09\/RCUN041.pdf\">RCU N\u00b0 0442-2024 APRUEBA MANUAL DE BUENAS PRACTICAS DE RESPONSABILIDAD SOCIAL<\/a><\/p>\n<p><a href=\"https:\/\/ffh.unsa.edu.pe\/artes\/wp-content\/uploads\/sites\/2\/2020\/08\/REGLAMENTO-DE-RESPONSABILIDAD-SOCIAL-UNIVERSITARIA.pdf\">RCU N\u00b0 486-2017 REGLAMENTO DE RESPONSABILIDAD SOCIAL UNIVERSITARIA<\/a><\/p>\n<p>&nbsp;<\/p>\n<p><strong>L\u00edneas de Acci\u00f3n Socio Ambiental<\/strong><\/p>\n<p><a href=\"https:\/\/ffh.unsa.edu.pe\/artes\/wp-content\/uploads\/sites\/2\/2025\/09\/LINEAS-DE-ACCION-SOCIO-AMBIENTAL-2023.pdf\">L\u00cdNEAS DE ACCI\u00d3N SOCIO AMBIENTAL\u00a0<\/a><\/p>\n<p>&nbsp;<\/p>\n<p><strong>Voluntariado<\/strong><\/p>\n<p><a href=\"https:\/\/ffh.unsa.edu.pe\/artes\/wp-content\/uploads\/sites\/2\/2025\/09\/GUIA-DEL-VOLUNTARIADO.pdf\">GUIA DEL VOLUNTARIADO<\/a>\u00a0<a href=\"https:\/\/ffh.unsa.edu.pe\/artes\/wp-content\/uploads\/sites\/2\/2025\/09\/REGLAMENTO-VOLUNTARIADO-AGUSTINO.pdf\">REGLAMENTO VOLUNTARIADO AGUSTINO<\/a><\/p>\n<p><a href=\"https:\/\/ffh.unsa.edu.pe\/artes\/wp-content\/uploads\/sites\/2\/2025\/09\/REGLAMENTO-VOLUNTARIADO-AGUSTINO-1.pdf\">REGLAMENTO VOLUNTARIADO AGUSTINO<\/a><\/p>\n","protected":false},"excerpt":{"rendered":"<p>Para ver el documento dar click: Responsabilidad Social Universitaria. RCU N\u00b0 0442-2024 APRUEBA MANUAL DE BUENAS PRACTICAS DE RESPONSABILIDAD SOCIAL RCU N\u00b0 486-2017 REGLAMENTO DE RESPONSABILIDAD SOCIAL UNIVERSITARIA &nbsp; L\u00edneas de Acci\u00f3n Socio Ambiental L\u00cdNEAS DE ACCI\u00d3N SOCIO AMBIENTAL\u00a0 &nbsp; Voluntariado GUIA DEL VOLUNTARIADO\u00a0REGLAMENTO VOLUNTARIADO AGUSTINO REGLAMENTO VOLUNTARIADO AGUSTINO<\/p>\n","protected":false},"author":9,"featured_media":0,"parent":0,"menu_order":0,"comment_status":"closed","ping_status":"closed","template":"","meta":{"_acf_changed":false,"footnotes":""},"class_list":["post-1911","page","type-page","status-publish","hentry"],"acf":[],"_links":{"self":[{"href":"https:\/\/ffh.unsa.edu.pe\/artes\/wp-json\/wp\/v2\/pages\/1911","targetHints":{"allow":["GET"]}}],"collection":[{"href":"https:\/\/ffh.unsa.edu.pe\/artes\/wp-json\/wp\/v2\/pages"}],"about":[{"href":"https:\/\/ffh.unsa.edu.pe\/artes\/wp-json\/wp\/v2\/types\/page"}],"author":[{"embeddable":true,"href":"https:\/\/ffh.unsa.edu.pe\/artes\/wp-json\/wp\/v2\/users\/9"}],"replies":[{"embeddable":true,"href":"https:\/\/ffh.unsa.edu.pe\/artes\/wp-json\/wp\/v2\/comments?post=1911"}],"version-history":[{"count":6,"href":"https:\/\/ffh.unsa.edu.pe\/artes\/wp-json\/wp\/v2\/pages\/1911\/revisions"}],"predecessor-version":[{"id":4504,"href":"https:\/\/ffh.unsa.edu.pe\/artes\/wp-json\/wp\/v2\/pages\/1911\/revisions\/4504"}],"wp:attachment":[{"href":"https:\/\/ffh.unsa.edu.pe\/artes\/wp-json\/wp\/v2\/media?parent=1911"}],"curies":[{"name":"wp","href":"https:\/\/api.w.org\/{rel}","templated":true}]}}