{"id":1920,"date":"2020-08-17T19:36:55","date_gmt":"2020-08-18T00:36:55","guid":{"rendered":"https:\/\/ffh.unsa.edu.pe\/artes\/?page_id=1920"},"modified":"2020-08-17T20:06:18","modified_gmt":"2020-08-18T01:06:18","slug":"mision-vision-musica","status":"publish","type":"page","link":"https:\/\/ffh.unsa.edu.pe\/artes\/mision-vision-musica\/","title":{"rendered":"Visi\u00f3n &#8211; Misi\u00f3n (M\u00fasica)"},"content":{"rendered":"<div class=\"cua-gra\"><img loading=\"lazy\" decoding=\"async\" class=\"hidden-xs alignnone size-medium wp-image-1289\" src=\"https:\/\/ffh.unsa.edu.pe\/artes\/wp-content\/uploads\/sites\/2\/2017\/09\/filarmonica-10-360x203.jpg\" alt=\"\" width=\"360\" height=\"203\" \/><\/p>\n<h4>Visi\u00f3n<\/h4>\n<p>Ser un programa de estudios competitivo nacional e internacionalmente, que promueva profesionales de un alto nivel de capacitaci\u00f3n acad\u00e9mica, de actualizaci\u00f3n permanente en pedagog\u00eda musical y gesti\u00f3n, con un compromiso \u00e9tico con la calidad y demanda laboral, de pensamiento creativo, promotores de una democracia participativa, de respeto y tolerancia a la diversidad, que se comprometa con el desarrollo y liderazgo art\u00edstico, el fortalecimiento cultural y social de la regi\u00f3n y del pa\u00eds, y que realice actividades de investigaci\u00f3n, extensi\u00f3n y proyecci\u00f3n social.<\/div>\n<div class=\"cua-gri\"><img loading=\"lazy\" decoding=\"async\" class=\"hidden-xs alignnone wp-image-1291 size-medium\" src=\"https:\/\/ffh.unsa.edu.pe\/artes\/wp-content\/uploads\/sites\/2\/2017\/09\/filarmonica-17-360x203.jpg\" alt=\"\" width=\"360\" height=\"203\" \/><\/p>\n<h4>Misi\u00f3n<\/h4>\n<p>El programa de Estudios de Artes con Especialidad de M\u00fasica de la Universidad Nacional de San Agust\u00edn de Arequipa es una instituci\u00f3n dedicada a la formaci\u00f3n integral de m\u00fasicos profesionales que desarrollen un pensamiento cr\u00edtico, auto cr\u00edtico y de valores, capacitados en la investigaci\u00f3n, producci\u00f3n, promoci\u00f3n y la creaci\u00f3n musical, orientados a la preservaci\u00f3n del medio ambiente, al uso adecuado de nuevas tecnolog\u00edas y a la aplicaci\u00f3n de conocimientos que respondan a las necesidades y exigencias de su entorno social y cultural.<\/div>\n","protected":false},"excerpt":{"rendered":"","protected":false},"author":9,"featured_media":0,"parent":0,"menu_order":0,"comment_status":"closed","ping_status":"closed","template":"","meta":{"_acf_changed":false,"footnotes":""},"class_list":["post-1920","page","type-page","status-publish","hentry"],"acf":[],"_links":{"self":[{"href":"https:\/\/ffh.unsa.edu.pe\/artes\/wp-json\/wp\/v2\/pages\/1920","targetHints":{"allow":["GET"]}}],"collection":[{"href":"https:\/\/ffh.unsa.edu.pe\/artes\/wp-json\/wp\/v2\/pages"}],"about":[{"href":"https:\/\/ffh.unsa.edu.pe\/artes\/wp-json\/wp\/v2\/types\/page"}],"author":[{"embeddable":true,"href":"https:\/\/ffh.unsa.edu.pe\/artes\/wp-json\/wp\/v2\/users\/9"}],"replies":[{"embeddable":true,"href":"https:\/\/ffh.unsa.edu.pe\/artes\/wp-json\/wp\/v2\/comments?post=1920"}],"version-history":[{"count":4,"href":"https:\/\/ffh.unsa.edu.pe\/artes\/wp-json\/wp\/v2\/pages\/1920\/revisions"}],"predecessor-version":[{"id":1925,"href":"https:\/\/ffh.unsa.edu.pe\/artes\/wp-json\/wp\/v2\/pages\/1920\/revisions\/1925"}],"wp:attachment":[{"href":"https:\/\/ffh.unsa.edu.pe\/artes\/wp-json\/wp\/v2\/media?parent=1920"}],"curies":[{"name":"wp","href":"https:\/\/api.w.org\/{rel}","templated":true}]}}