{"id":1926,"date":"2020-08-17T20:12:29","date_gmt":"2020-08-18T01:12:29","guid":{"rendered":"https:\/\/ffh.unsa.edu.pe\/artes\/?page_id=1926"},"modified":"2020-08-17T23:36:58","modified_gmt":"2020-08-18T04:36:58","slug":"vision-mision-plasticas","status":"publish","type":"page","link":"https:\/\/ffh.unsa.edu.pe\/artes\/vision-mision-plasticas\/","title":{"rendered":"Visi\u00f3n &#8211; Misi\u00f3n (Pl\u00e1sticas)"},"content":{"rendered":"<div class=\"cua-gra\"><img loading=\"lazy\" decoding=\"async\" class=\"hidden-xs wp-image-1255 size-medium alignnone\" src=\"https:\/\/ffh.unsa.edu.pe\/artes\/wp-content\/uploads\/sites\/2\/2017\/08\/pintura57-artes-360x203.jpg\" alt=\"\" width=\"360\" height=\"203\" \/><\/p>\n<h4>Visi\u00f3n<\/h4>\n<p>Ser un programa de estudios de calidad, l\u00edder en la formaci\u00f3n de artistas pl\u00e1sticos profesionales, capaces de desarrollar actividades de investigaci\u00f3n, creaci\u00f3n y gesti\u00f3n art\u00edstica, asumiendo una actitud humanista, \u00e9tica y responsable con el medio ambiente, que integren el aprendizaje en al aula con los requerimientos y necesidades de la regi\u00f3n a trav\u00e9s de las propuestas de los grupos de inter\u00e9s, as\u00ed como las exigencias profesionales del medio laboral.<\/div>\n<div class=\"cua-gri\"><img loading=\"lazy\" decoding=\"async\" class=\"hidden-xs wp-image-1246 size-medium alignnone\" src=\"https:\/\/ffh.unsa.edu.pe\/artes\/wp-content\/uploads\/sites\/2\/2017\/08\/53-artes-360x203.jpg\" alt=\"\" width=\"360\" height=\"203\" \/><\/p>\n<h4>Misi\u00f3n<\/h4>\n<p>El Programa de Estudios de Artes con Especialidad de Pl\u00e1sticas, est\u00e1 dedicado a la formaci\u00f3n integral de artistas pl\u00e1sticos profesionales competentes, con pensamiento cr\u00edtico de valores, conocedor de su cultura, con capacidad para la investigaci\u00f3n, creaci\u00f3n y producci\u00f3n art\u00edstica, proyecci\u00f3n social y responsabilidad social, generando nuevos conocimientos dentro del campo de la especialidad, en correspondencia con las necesidades de su entorno sociocultural.<\/div>\n","protected":false},"excerpt":{"rendered":"","protected":false},"author":9,"featured_media":0,"parent":0,"menu_order":0,"comment_status":"closed","ping_status":"closed","template":"","meta":{"_acf_changed":false,"footnotes":""},"class_list":["post-1926","page","type-page","status-publish","hentry"],"acf":[],"_links":{"self":[{"href":"https:\/\/ffh.unsa.edu.pe\/artes\/wp-json\/wp\/v2\/pages\/1926","targetHints":{"allow":["GET"]}}],"collection":[{"href":"https:\/\/ffh.unsa.edu.pe\/artes\/wp-json\/wp\/v2\/pages"}],"about":[{"href":"https:\/\/ffh.unsa.edu.pe\/artes\/wp-json\/wp\/v2\/types\/page"}],"author":[{"embeddable":true,"href":"https:\/\/ffh.unsa.edu.pe\/artes\/wp-json\/wp\/v2\/users\/9"}],"replies":[{"embeddable":true,"href":"https:\/\/ffh.unsa.edu.pe\/artes\/wp-json\/wp\/v2\/comments?post=1926"}],"version-history":[{"count":5,"href":"https:\/\/ffh.unsa.edu.pe\/artes\/wp-json\/wp\/v2\/pages\/1926\/revisions"}],"predecessor-version":[{"id":1932,"href":"https:\/\/ffh.unsa.edu.pe\/artes\/wp-json\/wp\/v2\/pages\/1926\/revisions\/1932"}],"wp:attachment":[{"href":"https:\/\/ffh.unsa.edu.pe\/artes\/wp-json\/wp\/v2\/media?parent=1926"}],"curies":[{"name":"wp","href":"https:\/\/api.w.org\/{rel}","templated":true}]}}