{"id":2061,"date":"2021-03-04T21:21:24","date_gmt":"2021-03-05T02:21:24","guid":{"rendered":"https:\/\/ffh.unsa.edu.pe\/artes\/?page_id=2061"},"modified":"2021-03-04T21:21:24","modified_gmt":"2021-03-05T02:21:24","slug":"procedimientos-para-la-obtencion-de-grados-academicos-y-titulos-profesionales","status":"publish","type":"page","link":"https:\/\/ffh.unsa.edu.pe\/artes\/procedimientos-para-la-obtencion-de-grados-academicos-y-titulos-profesionales\/","title":{"rendered":"Procedimientos para la obtenci\u00f3n de Grados Acad\u00e9micos y T\u00edtulos Profesionales"},"content":{"rendered":"<p>Click en el enlace para descargar el procedimiento para la obtenci\u00f3n de Grados Acad\u00e9micos y T\u00edtulos Profesionales:<\/p>\n<p><a href=\"https:\/\/ffh.unsa.edu.pe\/artes\/wp-content\/uploads\/sites\/2\/2021\/03\/Procedimiento-Obtencio\u0301n-Grados-y-Ti\u0301tulos-Artes.pdf\">Procedimiento Obtencio\u0301n Grados y Ti\u0301tulos Artes<\/a><\/p>\n","protected":false},"excerpt":{"rendered":"<p>Click en el enlace para descargar el procedimiento para la obtenci\u00f3n de Grados Acad\u00e9micos y T\u00edtulos Profesionales: Procedimiento Obtencio\u0301n Grados y Ti\u0301tulos Artes<\/p>\n","protected":false},"author":9,"featured_media":1255,"parent":0,"menu_order":0,"comment_status":"closed","ping_status":"closed","template":"","meta":{"_acf_changed":false,"footnotes":""},"class_list":["post-2061","page","type-page","status-publish","has-post-thumbnail","hentry"],"acf":[],"_links":{"self":[{"href":"https:\/\/ffh.unsa.edu.pe\/artes\/wp-json\/wp\/v2\/pages\/2061","targetHints":{"allow":["GET"]}}],"collection":[{"href":"https:\/\/ffh.unsa.edu.pe\/artes\/wp-json\/wp\/v2\/pages"}],"about":[{"href":"https:\/\/ffh.unsa.edu.pe\/artes\/wp-json\/wp\/v2\/types\/page"}],"author":[{"embeddable":true,"href":"https:\/\/ffh.unsa.edu.pe\/artes\/wp-json\/wp\/v2\/users\/9"}],"replies":[{"embeddable":true,"href":"https:\/\/ffh.unsa.edu.pe\/artes\/wp-json\/wp\/v2\/comments?post=2061"}],"version-history":[{"count":1,"href":"https:\/\/ffh.unsa.edu.pe\/artes\/wp-json\/wp\/v2\/pages\/2061\/revisions"}],"predecessor-version":[{"id":2062,"href":"https:\/\/ffh.unsa.edu.pe\/artes\/wp-json\/wp\/v2\/pages\/2061\/revisions\/2062"}],"wp:featuredmedia":[{"embeddable":true,"href":"https:\/\/ffh.unsa.edu.pe\/artes\/wp-json\/wp\/v2\/media\/1255"}],"wp:attachment":[{"href":"https:\/\/ffh.unsa.edu.pe\/artes\/wp-json\/wp\/v2\/media?parent=2061"}],"curies":[{"name":"wp","href":"https:\/\/api.w.org\/{rel}","templated":true}]}}