{"id":2064,"date":"2021-03-04T21:32:51","date_gmt":"2021-03-05T02:32:51","guid":{"rendered":"https:\/\/ffh.unsa.edu.pe\/artes\/?page_id=2064"},"modified":"2024-06-05T11:28:09","modified_gmt":"2024-06-05T16:28:09","slug":"direccion-de-la-escuela","status":"publish","type":"page","link":"https:\/\/ffh.unsa.edu.pe\/artes\/direccion-de-la-escuela\/","title":{"rendered":"Direcci\u00f3n de la Escuela"},"content":{"rendered":"<div class=\"cua-gra\"><img loading=\"lazy\" decoding=\"async\" class=\"hidden-xs aligncenter wp-image-3742\" src=\"https:\/\/ffh.unsa.edu.pe\/artes\/wp-content\/uploads\/sites\/2\/2024\/06\/Captura-de-Pantalla-2024-06-05-a-las-11.21.54-a.-m.png\" alt=\"\" width=\"463\" height=\"301\" srcset=\"https:\/\/ffh.unsa.edu.pe\/artes\/wp-content\/uploads\/sites\/2\/2024\/06\/Captura-de-Pantalla-2024-06-05-a-las-11.21.54-a.-m.png 1224w, https:\/\/ffh.unsa.edu.pe\/artes\/wp-content\/uploads\/sites\/2\/2024\/06\/Captura-de-Pantalla-2024-06-05-a-las-11.21.54-a.-m-768x499.png 768w\" sizes=\"auto, (max-width: 463px) 100vw, 463px\" \/><\/p>\n<p>&nbsp;<\/p>\n<p>La direcci\u00f3n de la Escuela Profesional de Artes se encuentra a cargo del <strong>Dr. Hugo Cueto Vasquez.<\/strong><\/p>\n<p>El Dr. Hugo Cueto Vasquez inicia sus estudios musicales a temprana edad con diversos maestros, como el gran compositor peruano-belga Andr\u00e9 Sas, con el pianista italiano Pietro Zanocco Z. e Ignace Verkerk Van Halen.<\/p>\n<p>Ha tocado junto a importantes figuras musicales como el obo\u00edsta Ignace Verkerk, con destacados m\u00fasicos de la Filarm\u00f3nica de Par\u00eds como el violonchelista Ren\u00e9 Benedetti y el violinista Stefan Tran Nok. En su actividad musical ha actuado m\u00faltiples veces como solista al piano, y tambi\u00e9n en diversas oportunidades ha tocado con Orquestas Sinf\u00f3nicas de la regi\u00f3n en conciertos para piano de Bach, Mozart Beethoven y otros.<\/p>\n<p><img loading=\"lazy\" decoding=\"async\" class=\"aligncenter wp-image-3741\" src=\"https:\/\/ffh.unsa.edu.pe\/artes\/wp-content\/uploads\/sites\/2\/2024\/06\/Captura-de-Pantalla-2024-06-05-a-las-11.19.11-a.-m.png\" alt=\"\" width=\"371\" height=\"333\" srcset=\"https:\/\/ffh.unsa.edu.pe\/artes\/wp-content\/uploads\/sites\/2\/2024\/06\/Captura-de-Pantalla-2024-06-05-a-las-11.19.11-a.-m.png 966w, https:\/\/ffh.unsa.edu.pe\/artes\/wp-content\/uploads\/sites\/2\/2024\/06\/Captura-de-Pantalla-2024-06-05-a-las-11.19.11-a.-m-768x690.png 768w\" sizes=\"auto, (max-width: 371px) 100vw, 371px\" \/><\/p>\n<p>&nbsp;<\/p>\n<p>Adem\u00e1s de sus estudios musicales, ha realizado estudios completos en Derecho en la Universidad Cat\u00f3lica Santa Mar\u00eda de Arequipa. Graduado de la Maestr\u00eda en Educaci\u00f3n Superior y estudios en la Maestr\u00eda de Gesti\u00f3n Social y Desarrollo Sostenible. Es Doctor en Ciencias Sociales en la Universidad Nacional de San Agust\u00edn.<\/p>\n<p>En su actividad acad\u00e9mica, se ha desarrollado desde hace muchos a\u00f1os como docente de las c\u00e1tedras de Armon\u00eda, Contrapunto y Piano. A si mismo, ha desempe\u00f1ado el cargo de Director del Departamento Acad\u00e9mico de Artes en dos oportunidades, Director de la Escuela Profesional de Artes en el periodo 2015 \u2013 2019, Decano de la Facultad de Filosof\u00eda y Humanidades en el periodo 2019 \u2013 2023.<\/p>\n<p><\/div>\n<p>&nbsp;<\/p>\n<p>&nbsp;<\/p>\n<p>&nbsp;<\/p>\n<p>&nbsp;<\/p>\n<p>&nbsp;<\/p>\n<p>&nbsp;<\/p>\n<p>&nbsp;<\/p>\n<p>&nbsp;<\/p>\n<p>&nbsp;<\/p>\n<p>&nbsp;<\/p>\n<p>&nbsp;<\/p>\n<p>&nbsp;<\/p>\n<p>&nbsp;<\/p>\n<p>&nbsp;<\/p>\n<p>&nbsp;<\/p>\n<p>&nbsp;<\/p>\n<p>&nbsp;<\/p>\n<p>&nbsp;<\/p>\n<p>&nbsp;<\/p>\n<p>&nbsp;<\/p>\n<p>&nbsp;<\/p>\n<p>&nbsp;<\/p>\n<p>&nbsp;<\/p>\n<p>&nbsp;<\/p>\n<p>&nbsp;<\/p>\n<p>&nbsp;<\/p>\n","protected":false},"excerpt":{"rendered":"<p>&nbsp; &nbsp; &nbsp; &nbsp; &nbsp; &nbsp; &nbsp; &nbsp; &nbsp; &nbsp; &nbsp; &nbsp; &nbsp; &nbsp; &nbsp; &nbsp; &nbsp; &nbsp; &nbsp; &nbsp; &nbsp; &nbsp; &nbsp; &nbsp; &nbsp; &nbsp;<\/p>\n","protected":false},"author":9,"featured_media":0,"parent":0,"menu_order":0,"comment_status":"closed","ping_status":"closed","template":"","meta":{"_acf_changed":false,"footnotes":""},"class_list":["post-2064","page","type-page","status-publish","hentry"],"acf":[],"_links":{"self":[{"href":"https:\/\/ffh.unsa.edu.pe\/artes\/wp-json\/wp\/v2\/pages\/2064","targetHints":{"allow":["GET"]}}],"collection":[{"href":"https:\/\/ffh.unsa.edu.pe\/artes\/wp-json\/wp\/v2\/pages"}],"about":[{"href":"https:\/\/ffh.unsa.edu.pe\/artes\/wp-json\/wp\/v2\/types\/page"}],"author":[{"embeddable":true,"href":"https:\/\/ffh.unsa.edu.pe\/artes\/wp-json\/wp\/v2\/users\/9"}],"replies":[{"embeddable":true,"href":"https:\/\/ffh.unsa.edu.pe\/artes\/wp-json\/wp\/v2\/comments?post=2064"}],"version-history":[{"count":41,"href":"https:\/\/ffh.unsa.edu.pe\/artes\/wp-json\/wp\/v2\/pages\/2064\/revisions"}],"predecessor-version":[{"id":2068,"href":"https:\/\/ffh.unsa.edu.pe\/artes\/wp-json\/wp\/v2\/pages\/2064\/revisions\/2068"}],"wp:attachment":[{"href":"https:\/\/ffh.unsa.edu.pe\/artes\/wp-json\/wp\/v2\/media?parent=2064"}],"curies":[{"name":"wp","href":"https:\/\/api.w.org\/{rel}","templated":true}]}}