{"id":2196,"date":"2021-03-28T18:53:00","date_gmt":"2021-03-28T23:53:00","guid":{"rendered":"https:\/\/ffh.unsa.edu.pe\/artes\/?page_id=2196"},"modified":"2021-04-27T10:18:39","modified_gmt":"2021-04-27T15:18:39","slug":"cristina-salome-conde-vargas","status":"publish","type":"page","link":"https:\/\/ffh.unsa.edu.pe\/artes\/cristina-salome-conde-vargas\/","title":{"rendered":"Cristina Salom\u00e9 Conde Vargas"},"content":{"rendered":"<div class=\"cua-gra\"><img loading=\"lazy\" decoding=\"async\" class=\"hidden-xs aligncenter wp-image-2197\" src=\"https:\/\/ffh.unsa.edu.pe\/artes\/wp-content\/uploads\/sites\/2\/2021\/03\/Conde-Vargas-2-scaled.jpg\" alt=\"\" width=\"381\" height=\"522\" srcset=\"https:\/\/ffh.unsa.edu.pe\/artes\/wp-content\/uploads\/sites\/2\/2021\/03\/Conde-Vargas-2-scaled.jpg 1868w, https:\/\/ffh.unsa.edu.pe\/artes\/wp-content\/uploads\/sites\/2\/2021\/03\/Conde-Vargas-2-768x1053.jpg 768w, https:\/\/ffh.unsa.edu.pe\/artes\/wp-content\/uploads\/sites\/2\/2021\/03\/Conde-Vargas-2-1121x1536.jpg 1121w, https:\/\/ffh.unsa.edu.pe\/artes\/wp-content\/uploads\/sites\/2\/2021\/03\/Conde-Vargas-2-1494x2048.jpg 1494w\" sizes=\"auto, (max-width: 381px) 100vw, 381px\" \/><strong>Cristina Conde Vargas (soprano L\u00edrica)<\/strong><br \/>\nInicia sus estudios en la Escuela de artes de la UNSA en el 2002, bajo la tutela de la Maestra Elizabeth Urizar, ha sido reconocida por su trayectoria artistica durante sus a\u00f1os de estudio. Ha participado como solista en las \u00f3peras: Cavalleria Rusticana de Mascagni, Carmen de G. Bizet, las Bodas de Figaro de W.A. Mozart. En el 2011 viaja a Italia donde contin\u00faa sus estudios musicales en el conservatorio &amp;quot;Giovanni Battista Martini&amp;quot; en la ciudad de Bolonia(Italia) con la Maestra Marina Gentile. Como integrante del coro Arca Musicae en la ciudad de Bolonia, participa como solista y coreuta de dicho grupo en numerosas presentaciones como: La petite Messe di Rossini, Requiem de Mozart, obras de compositores como G.A. Perti, G.P. Colonna y Zelenka. En el mismo a\u00f1o Obtiene el tercer lugar en el concurso internacional de canto l\u00edrico en la ciudad de Teramo(Italia).<br \/>\nEn noviembre a su regreso al Per\u00fa queda como finalista en el XIX Concurso Internacional de canto l\u00edrico ciudad Trujillo y ha participado como solista en el Requiem de Mozart y en El Magnificat de J. Rutter en la ciudad de Arequipa.<br \/>\nEn el 2017 particip\u00f3 en la Misa Criolla del Maestro Arequipe\u00f1o Kato Rodr\u00edguez y en el estreno de su obra El tr\u00edptico, tambi\u00e9n, en la grabaci\u00f3n del disco de dicha obra. Junto a la Orquesta Sinf\u00f3nica de Arequipa realiza numerosas presentaciones como solista en: Concierto Sinf\u00f3nico Coral por el 477 y 478 aniversario de la fundaci\u00f3n espa\u00f1ola de Arequipa, Noche L\u00edrica de Opera Y Zarzuela y Cantata Carmina Burana de Karl Off. En el 2018 es invitada por el Maestro Espartaco Lavalle para participar como solista en el Requiem de Mozart realizado en la Ciudad de Trujillo. Tambien participa en numerosos conciertos como : La misa Cubana dirigida por el maestro Kato Rodriguez , el musical Los miserables organizado por la Universidad San Agust\u00edn bajo la direcci\u00f3n de la Maestra Pilar Lopera, en el Concierto de Navidad junto a la Orquesta Sinf\u00f3nica de Arequipa y otros.<\/div>\n","protected":false},"excerpt":{"rendered":"","protected":false},"author":9,"featured_media":0,"parent":0,"menu_order":0,"comment_status":"closed","ping_status":"closed","template":"","meta":{"_acf_changed":false,"footnotes":""},"class_list":["post-2196","page","type-page","status-publish","hentry"],"acf":[],"_links":{"self":[{"href":"https:\/\/ffh.unsa.edu.pe\/artes\/wp-json\/wp\/v2\/pages\/2196","targetHints":{"allow":["GET"]}}],"collection":[{"href":"https:\/\/ffh.unsa.edu.pe\/artes\/wp-json\/wp\/v2\/pages"}],"about":[{"href":"https:\/\/ffh.unsa.edu.pe\/artes\/wp-json\/wp\/v2\/types\/page"}],"author":[{"embeddable":true,"href":"https:\/\/ffh.unsa.edu.pe\/artes\/wp-json\/wp\/v2\/users\/9"}],"replies":[{"embeddable":true,"href":"https:\/\/ffh.unsa.edu.pe\/artes\/wp-json\/wp\/v2\/comments?post=2196"}],"version-history":[{"count":4,"href":"https:\/\/ffh.unsa.edu.pe\/artes\/wp-json\/wp\/v2\/pages\/2196\/revisions"}],"predecessor-version":[{"id":2248,"href":"https:\/\/ffh.unsa.edu.pe\/artes\/wp-json\/wp\/v2\/pages\/2196\/revisions\/2248"}],"wp:attachment":[{"href":"https:\/\/ffh.unsa.edu.pe\/artes\/wp-json\/wp\/v2\/media?parent=2196"}],"curies":[{"name":"wp","href":"https:\/\/api.w.org\/{rel}","templated":true}]}}