{"id":2283,"date":"2021-04-28T10:55:34","date_gmt":"2021-04-28T15:55:34","guid":{"rendered":"https:\/\/ffh.unsa.edu.pe\/artes\/?page_id=2283"},"modified":"2021-07-10T15:41:06","modified_gmt":"2021-07-10T20:41:06","slug":"emily-delphy-rodriguez-quiros","status":"publish","type":"page","link":"https:\/\/ffh.unsa.edu.pe\/artes\/emily-delphy-rodriguez-quiros\/","title":{"rendered":"Emily Delphy Rodr\u00edguez Quir\u00f3s"},"content":{"rendered":"<p><strong><div class=\"cua-gra\"><\/strong><\/p>\n<p><img loading=\"lazy\" decoding=\"async\" class=\"hidden-xs aligncenter wp-image-2587\" src=\"https:\/\/ffh.unsa.edu.pe\/artes\/wp-content\/uploads\/sites\/2\/2021\/07\/image_6483441.jpg\" alt=\"\" width=\"381\" height=\"285\" srcset=\"https:\/\/ffh.unsa.edu.pe\/artes\/wp-content\/uploads\/sites\/2\/2021\/07\/image_6483441.jpg 1242w, https:\/\/ffh.unsa.edu.pe\/artes\/wp-content\/uploads\/sites\/2\/2021\/07\/image_6483441-88x67.jpg 88w, https:\/\/ffh.unsa.edu.pe\/artes\/wp-content\/uploads\/sites\/2\/2021\/07\/image_6483441-768x574.jpg 768w\" sizes=\"auto, (max-width: 381px) 100vw, 381px\" \/><\/p>\n<p><strong>Emily Delphy Rodr\u00edguez Quir\u00f3s<\/strong><\/p>\n<p>Inici\u00f3 sus estudios musicales a los 3 a\u00f1os en su pa\u00eds natal, la Bella Isla del Encanto, Puerto Rico. Estudi\u00f3 la Secundaria en la Escuela Libre de M\u00fasica Ernesto Ramos Antonini. Al terminar sus estudios escolares, ingres\u00f3 al Conservatorio de M\u00fasica de Puerto Rico donde obtuvo su Licenciatura en Ejecuci\u00f3n del Viol\u00edn bajo la tutela del Maestro Henry Hutchinson, y Omar Vel\u00e1squez. Egres\u00f3 con honores y durante sus estudios recibi\u00f3 la beca por mantener notas sobresalientes. En el 2010, ingres\u00f3 a la Universidad de Akron, Ohio EEUU, donde obtuvo una beca que cubri\u00f3 todos sus estudios como Teaching Assistant, o asistente de c\u00e1tedra de viol\u00edn. Curs\u00f3 su Maestr\u00eda en Ejecuci\u00f3n del Viol\u00edn con el profesor Alan Bodman, y Pedagog\u00eda del Viol\u00edn con el profesor Cory Smith. Realiz\u00f3 cursos de musicolog\u00eda en la Universidad Aut\u00f3noma de Barcelona. Posee una certificaci\u00f3n en coaching educativo y Mindfulness Based Wellness Pedagogy para m\u00fasicos . Se encuentra realizando su doctorado en Educaci\u00f3n en la Universidad Nacional de San Agust\u00edn. Ha participado en diversos festivales internacionales de m\u00fasica en Puerto Rico, Estados Unidos y Europa, y tocado con diferentes orquestas sinf\u00f3nicas del Caribe, Estados Unidos y Sur Am\u00e9rica. Creadora del primer festival internacional educativo musical en Arequipa: VerArte. Movida por el talento de los ni\u00f1os y j\u00f3venes m\u00fasicos del Per\u00fa cre\u00f3 el VerArte International Music Festival en el 2015, con la intenci\u00f3n de ofrecerle a los alumnos la mejor calidad de clases e intercambios musicales con profesores reconocidos internacionalmente. Ha trabajado por varios a\u00f1os como profesora de la carrera de viol\u00edn en el Conservatorio Regional Luis Duncker Lavalle, es profesora del Programa de Altos Estudios Musicales del Colegio San Jos\u00e9 y Directora del Programa de M\u00fasica del Colegio San Hilari\u00f3n desde el 2014. Durante el 2020, tuvo el honor de representar al Per\u00fa y Puerto Rico en diversos estados de Estados Unidos junto con una delegaci\u00f3n de VerArtianos con quien viaj\u00f3 y realiz\u00f3 conciertos en Madison, Chicago y Walt Disney World, Orlando. Durante el 2020 ha sido profesora invitada de viol\u00edn y viola de la Universidad Nacional de San Agust\u00edn. En el 2021 gan\u00f3 el concurso docente para la plaza de viol\u00edn de la Universidad Nacional de San Agust\u00edn.<\/p>\n<p><strong><\/div><\/strong><\/p>\n","protected":false},"excerpt":{"rendered":"","protected":false},"author":9,"featured_media":0,"parent":0,"menu_order":0,"comment_status":"closed","ping_status":"closed","template":"","meta":{"_acf_changed":false,"footnotes":""},"class_list":["post-2283","page","type-page","status-publish","hentry"],"acf":[],"_links":{"self":[{"href":"https:\/\/ffh.unsa.edu.pe\/artes\/wp-json\/wp\/v2\/pages\/2283","targetHints":{"allow":["GET"]}}],"collection":[{"href":"https:\/\/ffh.unsa.edu.pe\/artes\/wp-json\/wp\/v2\/pages"}],"about":[{"href":"https:\/\/ffh.unsa.edu.pe\/artes\/wp-json\/wp\/v2\/types\/page"}],"author":[{"embeddable":true,"href":"https:\/\/ffh.unsa.edu.pe\/artes\/wp-json\/wp\/v2\/users\/9"}],"replies":[{"embeddable":true,"href":"https:\/\/ffh.unsa.edu.pe\/artes\/wp-json\/wp\/v2\/comments?post=2283"}],"version-history":[{"count":3,"href":"https:\/\/ffh.unsa.edu.pe\/artes\/wp-json\/wp\/v2\/pages\/2283\/revisions"}],"predecessor-version":[{"id":2588,"href":"https:\/\/ffh.unsa.edu.pe\/artes\/wp-json\/wp\/v2\/pages\/2283\/revisions\/2588"}],"wp:attachment":[{"href":"https:\/\/ffh.unsa.edu.pe\/artes\/wp-json\/wp\/v2\/media?parent=2283"}],"curies":[{"name":"wp","href":"https:\/\/api.w.org\/{rel}","templated":true}]}}