{"id":2291,"date":"2021-04-28T11:09:42","date_gmt":"2021-04-28T16:09:42","guid":{"rendered":"https:\/\/ffh.unsa.edu.pe\/artes\/?page_id=2291"},"modified":"2021-04-28T11:09:42","modified_gmt":"2021-04-28T16:09:42","slug":"javier-vizcarra-pinto","status":"publish","type":"page","link":"https:\/\/ffh.unsa.edu.pe\/artes\/javier-vizcarra-pinto\/","title":{"rendered":"Javier Vizcarra Pinto"},"content":{"rendered":"<div class=\"cua-gra\"><img loading=\"lazy\" decoding=\"async\" class=\"hidden-xs aligncenter wp-image-2289\" src=\"https:\/\/ffh.unsa.edu.pe\/artes\/wp-content\/uploads\/sites\/2\/2021\/04\/Vizcarra-Pinto-scaled.jpg\" alt=\"\" width=\"381\" height=\"573\" srcset=\"https:\/\/ffh.unsa.edu.pe\/artes\/wp-content\/uploads\/sites\/2\/2021\/04\/Vizcarra-Pinto-scaled.jpg 1703w, https:\/\/ffh.unsa.edu.pe\/artes\/wp-content\/uploads\/sites\/2\/2021\/04\/Vizcarra-Pinto-768x1154.jpg 768w, https:\/\/ffh.unsa.edu.pe\/artes\/wp-content\/uploads\/sites\/2\/2021\/04\/Vizcarra-Pinto-1022x1536.jpg 1022w, https:\/\/ffh.unsa.edu.pe\/artes\/wp-content\/uploads\/sites\/2\/2021\/04\/Vizcarra-Pinto-1363x2048.jpg 1363w\" sizes=\"auto, (max-width: 381px) 100vw, 381px\" \/><\/p>\n<p><strong>Javier Vizcarra Pinto (violinista)<\/strong><\/p>\n<p>Inici\u00f3 sus estudios profesionales en la Escuela Profesional de Artes en el a\u00f1o 2009, obteniendo la Licenciatura en 2014. Durante sus a\u00f1os de estudio estuvo bajo la tutela de la Dra. Zoila Vega Salvatierra. De estudiante particip\u00f3 como solista con la Orquesta Sinf\u00f3nica de Arequipa en el Festival Bach (2010), as\u00ed como con la Orquesta de la Universidad Nacional de San Agust\u00edn (2012). En 2011 fue cofundador de la Asociaci\u00f3n de M\u00fasicos Compositores \u201cOpus XXI\u201d, grupo en el cual participa activamente como compositor. En su \u00faltimo a\u00f1o de estudio tuvo la oportunidad de estrenar una composici\u00f3n original con el Coro y Orquesta de la UNSA. Desde el a\u00f1o 2014 es miembro de la Orquesta Sinf\u00f3nica de Arequipa como violinista de fila, elenco con el que tambi\u00e9n viene estrenando obras y orquestaciones propias. Desde el a\u00f1o 2016 es docente en la Escuela de Artes de la UNSA.<\/p>\n<p><\/div>\n","protected":false},"excerpt":{"rendered":"","protected":false},"author":9,"featured_media":0,"parent":0,"menu_order":0,"comment_status":"closed","ping_status":"closed","template":"","meta":{"_acf_changed":false,"footnotes":""},"class_list":["post-2291","page","type-page","status-publish","hentry"],"acf":[],"_links":{"self":[{"href":"https:\/\/ffh.unsa.edu.pe\/artes\/wp-json\/wp\/v2\/pages\/2291","targetHints":{"allow":["GET"]}}],"collection":[{"href":"https:\/\/ffh.unsa.edu.pe\/artes\/wp-json\/wp\/v2\/pages"}],"about":[{"href":"https:\/\/ffh.unsa.edu.pe\/artes\/wp-json\/wp\/v2\/types\/page"}],"author":[{"embeddable":true,"href":"https:\/\/ffh.unsa.edu.pe\/artes\/wp-json\/wp\/v2\/users\/9"}],"replies":[{"embeddable":true,"href":"https:\/\/ffh.unsa.edu.pe\/artes\/wp-json\/wp\/v2\/comments?post=2291"}],"version-history":[{"count":2,"href":"https:\/\/ffh.unsa.edu.pe\/artes\/wp-json\/wp\/v2\/pages\/2291\/revisions"}],"predecessor-version":[{"id":2293,"href":"https:\/\/ffh.unsa.edu.pe\/artes\/wp-json\/wp\/v2\/pages\/2291\/revisions\/2293"}],"wp:attachment":[{"href":"https:\/\/ffh.unsa.edu.pe\/artes\/wp-json\/wp\/v2\/media?parent=2291"}],"curies":[{"name":"wp","href":"https:\/\/api.w.org\/{rel}","templated":true}]}}