{"id":2298,"date":"2021-04-28T11:18:03","date_gmt":"2021-04-28T16:18:03","guid":{"rendered":"https:\/\/ffh.unsa.edu.pe\/artes\/?page_id=2298"},"modified":"2021-04-28T11:18:24","modified_gmt":"2021-04-28T16:18:24","slug":"viviana-carola-linares-pinto","status":"publish","type":"page","link":"https:\/\/ffh.unsa.edu.pe\/artes\/viviana-carola-linares-pinto\/","title":{"rendered":"Viviana Carola Linares Pinto"},"content":{"rendered":"<div class=\"cua-gra\"><img loading=\"lazy\" decoding=\"async\" class=\"hidden-xs aligncenter wp-image-2296\" src=\"https:\/\/ffh.unsa.edu.pe\/artes\/wp-content\/uploads\/sites\/2\/2021\/04\/Linares-Pinto.jpeg\" alt=\"\" width=\"381\" height=\"577\" srcset=\"https:\/\/ffh.unsa.edu.pe\/artes\/wp-content\/uploads\/sites\/2\/2021\/04\/Linares-Pinto.jpeg 1055w, https:\/\/ffh.unsa.edu.pe\/artes\/wp-content\/uploads\/sites\/2\/2021\/04\/Linares-Pinto-768x1164.jpeg 768w, https:\/\/ffh.unsa.edu.pe\/artes\/wp-content\/uploads\/sites\/2\/2021\/04\/Linares-Pinto-1013x1536.jpeg 1013w\" sizes=\"auto, (max-width: 381px) 100vw, 381px\" \/><\/p>\n<p><strong>Viviana Carola Linares Pinto<\/strong><\/p>\n<p>Licenciada en Artes \u2013 M\u00fasica, por la Universidad Nacional de San Agust\u00edn, Mg. en Artes, por la Universidad Nacional de San Agust\u00edn. Violoncellista integrante de la Orquesta Sinf\u00f3nica de Arequipa. Integrante del cuarteto Mozart y el cuarteto de cuerdas Arequipa. Actualmente dicta el curso de Instrumento Principal &#8211; Violoncello<\/p>\n<p><\/div>\n","protected":false},"excerpt":{"rendered":"","protected":false},"author":9,"featured_media":0,"parent":0,"menu_order":0,"comment_status":"closed","ping_status":"closed","template":"","meta":{"_acf_changed":false,"footnotes":""},"class_list":["post-2298","page","type-page","status-publish","hentry"],"acf":[],"_links":{"self":[{"href":"https:\/\/ffh.unsa.edu.pe\/artes\/wp-json\/wp\/v2\/pages\/2298","targetHints":{"allow":["GET"]}}],"collection":[{"href":"https:\/\/ffh.unsa.edu.pe\/artes\/wp-json\/wp\/v2\/pages"}],"about":[{"href":"https:\/\/ffh.unsa.edu.pe\/artes\/wp-json\/wp\/v2\/types\/page"}],"author":[{"embeddable":true,"href":"https:\/\/ffh.unsa.edu.pe\/artes\/wp-json\/wp\/v2\/users\/9"}],"replies":[{"embeddable":true,"href":"https:\/\/ffh.unsa.edu.pe\/artes\/wp-json\/wp\/v2\/comments?post=2298"}],"version-history":[{"count":2,"href":"https:\/\/ffh.unsa.edu.pe\/artes\/wp-json\/wp\/v2\/pages\/2298\/revisions"}],"predecessor-version":[{"id":2300,"href":"https:\/\/ffh.unsa.edu.pe\/artes\/wp-json\/wp\/v2\/pages\/2298\/revisions\/2300"}],"wp:attachment":[{"href":"https:\/\/ffh.unsa.edu.pe\/artes\/wp-json\/wp\/v2\/media?parent=2298"}],"curies":[{"name":"wp","href":"https:\/\/api.w.org\/{rel}","templated":true}]}}