{"id":2352,"date":"2021-04-29T11:56:11","date_gmt":"2021-04-29T16:56:11","guid":{"rendered":"https:\/\/ffh.unsa.edu.pe\/artes\/?page_id=2352"},"modified":"2025-09-04T12:56:12","modified_gmt":"2025-09-04T17:56:12","slug":"docentes-especialidad-plasticas-2","status":"publish","type":"page","link":"https:\/\/ffh.unsa.edu.pe\/artes\/docentes-especialidad-plasticas-2\/","title":{"rendered":"Docentes Especialidad Pl\u00e1sticas"},"content":{"rendered":"<div class=\"cua-gra\"><img loading=\"lazy\" decoding=\"async\" class=\"hidden-xs aligncenter wp-image-2353\" src=\"https:\/\/ffh.unsa.edu.pe\/artes\/wp-content\/uploads\/sites\/2\/2021\/04\/FOTO-ARTI\u0301STICA-SLINK-DUEN\u0303AS.jpg\" alt=\"\" width=\"104\" height=\"118\" \/><\/p>\n<p><strong>Slink Victor Due\u00f1as Silva,<\/strong> Maestro en Artes Pl\u00e1sticas por la Universidad Nacional de San Agust\u00edn de Arequipa, ha realizado estudios de Artes de Buenos Aires Argentina y ejercido c\u00e1tedra docente en Arica, Chile, es artista permanente en galer\u00edas nacionales e internacionales como Centaur Art Galleries en Las Vegas EE.UU. y fue ganador regional del concurso Pasaporte para un Artista 2006. Actualmente dicta el curso de Apreciaci\u00f3n y Expresi\u00f3n Art\u00edstica.<\/p>\n<p>En el periodo acad\u00e9mico en curso dicta las asignaturas: Apreciaci\u00f3n y Expresi\u00f3n Art\u00edstica.<\/p>\n<p>Contacto: sduenass@unsa.edu.pe<\/p>\n<p><a href=\"https:\/\/ffh.unsa.edu.pe\/artes\/slink-duenas-silva\/\"><img loading=\"lazy\" decoding=\"async\" class=\"alignnone wp-image-2203\" src=\"https:\/\/ffh.unsa.edu.pe\/artes\/wp-content\/uploads\/sites\/2\/2021\/03\/VER-MA\u0301S.jpg\" alt=\"\" width=\"69\" height=\"29\" \/><\/a><\/p>\n<p><\/div>\n<div class=\"cua-gri\"><img loading=\"lazy\" decoding=\"async\" class=\"hidden-xs aligncenter wp-image-2371\" src=\"https:\/\/ffh.unsa.edu.pe\/artes\/wp-content\/uploads\/sites\/2\/2021\/04\/Walter-ponce-del-castillo.jpg\" alt=\"\" width=\"104\" height=\"152\" \/><\/p>\n<p><strong>Walter Enrique Ponce del Castillo,\u00a0<\/strong> es Artista Pl\u00e1stico formado en Escuela Profesional de Artes de la Universidad Nacional de San Agust\u00edn de Arequipa sigue la Maestr\u00eda de Educaci\u00f3n Superior y una segunda Especialidad de Multimedia.<\/p>\n<p>En el periodo acad\u00e9mico en curso dicta las asignaturas: Dibujo I, Artes Integradas<\/p>\n<p>Contacto: cponced@unsa.edu.pe<\/p>\n<p><a href=\"https:\/\/ffh.unsa.edu.pe\/artes\/walter-enrique-ponce-del-castillo\/\"><img loading=\"lazy\" decoding=\"async\" class=\"alignnone wp-image-2203\" src=\"https:\/\/ffh.unsa.edu.pe\/artes\/wp-content\/uploads\/sites\/2\/2021\/03\/VER-MA\u0301S.jpg\" alt=\"\" width=\"69\" height=\"29\" \/><\/a><\/p>\n<p><\/div>\n<div class=\"cua-gra\"><img loading=\"lazy\" decoding=\"async\" class=\"hidden-xs aligncenter wp-image-2378\" src=\"https:\/\/ffh.unsa.edu.pe\/artes\/wp-content\/uploads\/sites\/2\/2021\/04\/Jose-Andres-Lara-Quilla-1.jpg\" alt=\"\" width=\"104\" height=\"137\" \/><strong>Jos\u00e9 Andr\u00e9s Lara Quilla<\/strong>, con estudios en la Escuela de Artes \u2013 Pl\u00e1sticas, de la Universidad Nacional de San Agust\u00edn de Arequipa, Pintor y Grabador, con Premios Nacionales de Pintura y participaci\u00f3n en Bienales y Trienales Internacionales de Grabado. Actualmente dicta en la Escuela de Artes de la UNSA, las asignaturas de Grabado, Dibujo, Perspectiva y An\u00e1lisis Pl\u00e1stico.<\/p>\n<p>En el periodo acad\u00e9mico en curso dicta las asignaturas: Grabado I, Dibujo III.<\/p>\n<p>Contacto: jlara@unsa.edu.pe<\/p>\n<p><a href=\"https:\/\/ffh.unsa.edu.pe\/artes\/jose-andres-lara-quilla\/\"><img loading=\"lazy\" decoding=\"async\" class=\"alignnone wp-image-2203\" src=\"https:\/\/ffh.unsa.edu.pe\/artes\/wp-content\/uploads\/sites\/2\/2021\/03\/VER-MA\u0301S.jpg\" alt=\"\" width=\"69\" height=\"29\" \/><\/a><\/p>\n<p><\/div>\n<div class=\"cua-gri\"><\/p>\n<p><strong>Gabriela Giovanna Mamani Quilcca<\/strong>, <span style=\"font-weight: 400\">maestra en Artes y licenciada en Artes pl\u00e1sticas por la Universidad Nacional de San Agust\u00edn de Arequipa, Bachiller en Educaci\u00f3n Art\u00edstica por la E.N.A. Carlos Baca Flor.\u00a0 Tiene conocimientos y capacitaciones en Exposici\u00f3n, Dise\u00f1o y Montaje, Gesti\u00f3n Cultural, Curadur\u00eda, Historia del Arte, segunda especialidad en multimedia, Diplomado en Educaci\u00f3n Superior por la Universidad Nacional de San Agust\u00edn, Diplomado en Historia del Arte por la Universidad la Salle, Diplomado Redacci\u00f3n en Investigaci\u00f3n por Universidad Cat\u00f3lica San Pablo.<\/span><\/p>\n<p><span style=\"font-weight: 400\">Ha realizado diversas exposiciones individuales y colectivas a nivel local, nacional e internacional. Sus tem\u00e1ticas son en Figura Humana, Bodegones, Paisajes u otros resaltando la identidad cultural peruana. Tambi\u00e9n realiza investigaci\u00f3n en el Arte Pict\u00f3rico Arequipe\u00f1o.<\/span><\/p>\n<p><b>Exposiciones Individuales<\/b><\/p>\n<p><span style=\"font-weight: 400\">2018 \u2013 Exposici\u00f3n individual \u201c<\/span><b>AS\u00cd ES MI TIERRA I<\/b><span style=\"font-weight: 400\">\u201d en la Sala de Exposici\u00f3n Temporal Casa del Inka Garcilaso de la Vega \u2013 CUSCO, con el apoyo de la Direcci\u00f3n Desconcentrada de Cultura de Cusco.<\/span><\/p>\n<p><span style=\"font-weight: 400\">2015 \u2013 Exposici\u00f3n individual <\/span><b>\u201cAS\u00cd ES MI TIERRA II\u201d<\/b><span style=\"font-weight: 400\">\u00a0 en el Complejo Cultural de la UNSA.<\/span><\/p>\n<p><span style=\"font-weight: 400\">2014 \u2013 Exposici\u00f3n individual <\/span><b>\u201cAS\u00cd BAILA MI TIERRA II\u201d<\/b><span style=\"font-weight: 400\">\u00a0 en el Complejo Cultural de la UNSA.<\/span><\/p>\n<p><span style=\"font-weight: 400\">2013 \u2013 Exposici\u00f3n individual <\/span><b>\u201cAS\u00cd BAILA MI TIERRA\u201d<\/b><span style=\"font-weight: 400\">\u00a0 en el Complejo Cultural de la UNSA.<\/span><\/p>\n<p>En el periodo acad\u00e9mico en curso dicta la signatura: Apreciaci\u00f3n y Expresi\u00f3n Art\u00edstica, Dibujo III, Grabado I.<\/p>\n<p>Contacto: gmamaniquil@unsa.edu.pe<\/p>\n<p><a href=\"https:\/\/ffh.unsa.edu.pe\/artes\/gabriela-giovanna-mamani-quilcca\/\"><img loading=\"lazy\" decoding=\"async\" class=\"hidden-xs alignnone wp-image-2203\" src=\"https:\/\/ffh.unsa.edu.pe\/artes\/wp-content\/uploads\/sites\/2\/2021\/03\/VER-MA\u0301S.jpg\" alt=\"\" width=\"69\" height=\"29\" \/><\/a><\/p>\n<p><\/div>\n<div class=\"cua-gra\"><img loading=\"lazy\" decoding=\"async\" class=\"hidden-xs aligncenter wp-image-2498\" src=\"https:\/\/ffh.unsa.edu.pe\/artes\/wp-content\/uploads\/sites\/2\/2021\/07\/ygnacio-tomaylla-3-Copiar.jpg\" alt=\"\" width=\"104\" height=\"121\" srcset=\"https:\/\/ffh.unsa.edu.pe\/artes\/wp-content\/uploads\/sites\/2\/2021\/07\/ygnacio-tomaylla-3-Copiar.jpg 1600w, https:\/\/ffh.unsa.edu.pe\/artes\/wp-content\/uploads\/sites\/2\/2021\/07\/ygnacio-tomaylla-3-Copiar-768x891.jpg 768w, https:\/\/ffh.unsa.edu.pe\/artes\/wp-content\/uploads\/sites\/2\/2021\/07\/ygnacio-tomaylla-3-Copiar-1324x1536.jpg 1324w\" sizes=\"auto, (max-width: 104px) 100vw, 104px\" \/><\/p>\n<p><strong>Ygnacio Salvador Tomaylla Quispe<\/strong>, Artista pl\u00e1stico y docente universitario. Ejerce la docencia desde 1987 hasta la actualidad en la UNSA. Ha hecho exposiciones individuales y colectivas de pintura en las t\u00e9cnicas de \u00f3leo y acuarela en el pa\u00eds y en el extranjero. Formaci\u00f3n: 1982 -1987 Licenciado en Artes: Pl\u00e1sticas Universidad Nacional de San Agust\u00edn de Arequipa 1992 -1993 Maestr\u00eda en Educaci\u00f3n: menci\u00f3n Educaci\u00f3n Superior. Universidad Nacional de San Agust\u00edn de Arequipa. 1995-1997 Doctor en Ciencias: Educaci\u00f3n. Universidad Nacional de San Agust\u00edn de Arequipa 2019 &#8211; 2020 Maestr\u00eda En Artes Universidad Nacional de San Agust\u00edn de Arequipa.<\/p>\n<p>En el periodo acad\u00e9mico en curso dicta la signatura: Investigaci\u00f3n Art\u00edstica I y II Did\u00e1ctica de las Artes. Fotograf\u00eda I y II Fotograf\u00eda y Cine<\/p>\n<p>Contacto: itomaylla@unsa.edu.pe<\/p>\n<p><a href=\"https:\/\/ffh.unsa.edu.pe\/artes\/ygnacio-salvador-tomaylla-quispe\/\"><img loading=\"lazy\" decoding=\"async\" class=\"alignnone wp-image-2203\" src=\"https:\/\/ffh.unsa.edu.pe\/artes\/wp-content\/uploads\/sites\/2\/2021\/03\/VER-MA\u0301S.jpg\" alt=\"\" width=\"69\" height=\"29\" \/><\/a><\/div>\n<div class=\"cua-gri\"><img loading=\"lazy\" decoding=\"async\" class=\"hidden-xs aligncenter wp-image-3258\" src=\"https:\/\/ffh.unsa.edu.pe\/artes\/wp-content\/uploads\/sites\/2\/2021\/12\/ROSE.jpeg\" alt=\"\" width=\"106\" height=\"169\" srcset=\"https:\/\/ffh.unsa.edu.pe\/artes\/wp-content\/uploads\/sites\/2\/2021\/12\/ROSE.jpeg 805w, https:\/\/ffh.unsa.edu.pe\/artes\/wp-content\/uploads\/sites\/2\/2021\/12\/ROSE-768x1221.jpeg 768w\" sizes=\"auto, (max-width: 106px) 100vw, 106px\" \/><\/p>\n<p><b>Rose Marie Torres Pinto<\/b>, Licenciada y Maestra en Artes por la Universidad Nacional de San Agust\u00edn, con experiencia en la docencia en arte en el nivel b\u00e1sico y superior y capacitaci\u00f3n constante en el campo art\u00edstico. Asimismo, ha expuesto individualmente y ha participado en diversas exposiciones pict\u00f3ricas colectivas.<\/p>\n<p>Actualmente dicta los cursos te\u00f3ricos de: Arte Peruano y Latinoamericano II, An\u00e1lisis Pl\u00e1stico, Arte Popular, Arte y Est\u00e9tica, Teor\u00eda del Color y Apreciaci\u00f3n y Expresi\u00f3n Art\u00edstica.<\/p>\n<p>Contacto: rtorrespi@unsa.edu.pe<\/p>\n<p><a href=\"https:\/\/ffh.unsa.edu.pe\/artes\/rose-marie-torres-pinto\/\"><img loading=\"lazy\" decoding=\"async\" class=\"alignnone wp-image-2203\" src=\"https:\/\/ffh.unsa.edu.pe\/artes\/wp-content\/uploads\/sites\/2\/2021\/03\/VER-MA\u0301S.jpg\" alt=\"\" width=\"69\" height=\"29\" \/><\/a><\/p>\n<p><\/div>\n<div class=\"cua-gra\"><\/p>\n<p><img loading=\"lazy\" decoding=\"async\" class=\"hidden-xs size-full wp-image-4468 aligncenter\" src=\"https:\/\/ffh.unsa.edu.pe\/artes\/wp-content\/uploads\/sites\/2\/2025\/09\/Bruno-Arivilca-e1757007091108.png\" alt=\"\" width=\"106\" height=\"120\" \/><\/p>\n<p><b>Emiliano Bruno Arivilca Guillermo, <\/b><span style=\"font-weight: 400\">me encuentro realizando c\u00e1tedra en la escuela de Arte en la Universidad Nacional de San Agust\u00edn, como especialista en dibujo, pintura y composici\u00f3n.<\/span><\/p>\n<p><span style=\"font-weight: 400\">Mi experiencia profesional cuenta con muestras de obras art\u00edsticas colectivas e individuales, nacionales, internacionales, Colombia Ecuador Chile Espa\u00f1a, adem\u00e1s de ser ganador del primer premio del concurso nacional Michell S.A. estudios adicionales en los idiomas ingl\u00e9s, italiano<\/span><\/p>\n<p>Contacto: earivilca@unsa.edu.pe<\/p>\n<p><a href=\"https:\/\/ffh.unsa.edu.pe\/artes\/Emiliano-Bruno- Arivilca-Guillermo\/\"><img loading=\"lazy\" decoding=\"async\" class=\"alignnone wp-image-2203\" src=\"https:\/\/ffh.unsa.edu.pe\/artes\/wp-content\/uploads\/sites\/2\/2021\/03\/VER-MA\u0301S.jpg\" alt=\"\" width=\"69\" height=\"29\" \/><\/a><\/div>\n<div class=\"cua-gri\"><\/p>\n<p><img loading=\"lazy\" decoding=\"async\" class=\"hidden-xs  wp-image-4472 aligncenter\" src=\"https:\/\/ffh.unsa.edu.pe\/artes\/wp-content\/uploads\/sites\/2\/2025\/09\/Yeny-Ticona-287x203.png\" alt=\"\" width=\"165\" height=\"117\" \/><\/p>\n<p><b>Irene Yeny Ticona Gonzalo, a<\/b><span style=\"font-weight: 400\">rtista profesional especializada en el retrato y figura humana, con exposiciones en el Per\u00fa y el extranjero, licenciada y maestra en artes de la escuela profesional de artes de la Universidad Nacional de San Agust\u00edn, actualmente dicta el curso de dibujo interpretativo y anatom\u00eda.<\/span><\/p>\n<p>Contacto: iticonag@unsa.edu.pe<\/p>\n<p><img loading=\"lazy\" decoding=\"async\" class=\"alignnone wp-image-2203\" src=\"https:\/\/ffh.unsa.edu.pe\/artes\/wp-content\/uploads\/sites\/2\/2021\/03\/VER-MA\u0301S.jpg\" alt=\"\" width=\"69\" height=\"29\" \/><\/p>\n<p><\/div>\n<div class=\"cua-gra\"><\/p>\n<p><img loading=\"lazy\" decoding=\"async\" class=\"hidden-xs wp-image-4476  aligncenter\" src=\"https:\/\/ffh.unsa.edu.pe\/artes\/wp-content\/uploads\/sites\/2\/2025\/09\/Pequeno-1-176x203.png\" alt=\"\" width=\"94\" height=\"108\" \/><\/p>\n<p><b>Richard Jos\u00e9 Peque\u00f1o Ticona, <\/b><span style=\"font-weight: 400\">artista licenciado en Artes Pl\u00e1sticas con experiencia en pintura e ilustraci\u00f3n. Con una excelente t\u00e9cnica en el manejo del \u00f3leo, acuarela, ilustraci\u00f3n y grabado relacionado a las artes visuales espec\u00edficamente en elrealismo pict\u00f3rico.<\/span><\/p>\n<p><span style=\"font-weight: 400\">Cuento con poco mas de 20 a\u00f1os de experiencia como artista pl\u00e1stico (2004-2024), he realizado labor de <\/span><span style=\"font-weight: 400\">docente en el curso extracurricular de\u00a0 ilustraci\u00f3n periodo 2020- 2023 , tambi\u00e9n realice labor de docente en la escuela de artes periodo 2024 Cuento con exposiciones nacionales e internacionales en Chile; Ecuador, Colombia, M\u00e9xico<\/span><\/p>\n<p>Contacto: rpequenot@unsa.edu.pe<\/p>\n<p><img loading=\"lazy\" decoding=\"async\" class=\"alignnone wp-image-2203\" src=\"https:\/\/ffh.unsa.edu.pe\/artes\/wp-content\/uploads\/sites\/2\/2021\/03\/VER-MA\u0301S.jpg\" alt=\"\" width=\"69\" height=\"29\" \/><\/div>\n","protected":false},"excerpt":{"rendered":"","protected":false},"author":9,"featured_media":0,"parent":0,"menu_order":0,"comment_status":"closed","ping_status":"closed","template":"","meta":{"_acf_changed":false,"footnotes":""},"class_list":["post-2352","page","type-page","status-publish","hentry"],"acf":[],"_links":{"self":[{"href":"https:\/\/ffh.unsa.edu.pe\/artes\/wp-json\/wp\/v2\/pages\/2352","targetHints":{"allow":["GET"]}}],"collection":[{"href":"https:\/\/ffh.unsa.edu.pe\/artes\/wp-json\/wp\/v2\/pages"}],"about":[{"href":"https:\/\/ffh.unsa.edu.pe\/artes\/wp-json\/wp\/v2\/types\/page"}],"author":[{"embeddable":true,"href":"https:\/\/ffh.unsa.edu.pe\/artes\/wp-json\/wp\/v2\/users\/9"}],"replies":[{"embeddable":true,"href":"https:\/\/ffh.unsa.edu.pe\/artes\/wp-json\/wp\/v2\/comments?post=2352"}],"version-history":[{"count":34,"href":"https:\/\/ffh.unsa.edu.pe\/artes\/wp-json\/wp\/v2\/pages\/2352\/revisions"}],"predecessor-version":[{"id":4466,"href":"https:\/\/ffh.unsa.edu.pe\/artes\/wp-json\/wp\/v2\/pages\/2352\/revisions\/4466"}],"wp:attachment":[{"href":"https:\/\/ffh.unsa.edu.pe\/artes\/wp-json\/wp\/v2\/media?parent=2352"}],"curies":[{"name":"wp","href":"https:\/\/api.w.org\/{rel}","templated":true}]}}