{"id":2364,"date":"2021-04-29T12:15:25","date_gmt":"2021-04-29T17:15:25","guid":{"rendered":"https:\/\/ffh.unsa.edu.pe\/artes\/?page_id=2364"},"modified":"2021-04-29T12:27:07","modified_gmt":"2021-04-29T17:27:07","slug":"walter-enrique-ponce-del-castillo","status":"publish","type":"page","link":"https:\/\/ffh.unsa.edu.pe\/artes\/walter-enrique-ponce-del-castillo\/","title":{"rendered":"Walter Enrique Ponce del Castillo"},"content":{"rendered":"<div class=\"cua-gra\"><img loading=\"lazy\" decoding=\"async\" class=\"hidden-xs aligncenter wp-image-2371\" src=\"https:\/\/ffh.unsa.edu.pe\/artes\/wp-content\/uploads\/sites\/2\/2021\/04\/Walter-ponce-del-castillo.jpg\" alt=\"\" width=\"381\" height=\"558\" \/><\/p>\n<p>&nbsp;<\/p>\n<p><strong>Walter Enrique Ponce del Castillo<\/strong><\/p>\n<p>Artista Pl\u00e1stico formado en Escuela Profesional de Artes de la Universidad Nacional de San Agust\u00edn de Arequipa sigue la Maestr\u00eda de Educaci\u00f3n Superior y una segunda Especialidad de Multimedia. Fue Docente de varias Instituciones Superiores como : Instituto de Dise\u00f1o Thomas Jefferson, Escuela Nacional de Bellas Artes Carlos Baca Flor, donde fue Docente de la Segunda Especialidad de Dise\u00f1o, y en la Universidad Nacional Diego Quispe Tito del Cusco, dicta en la Segunda Especialidad de Artes Visuales. Como artista pl\u00e1stico ha participado en una serie de movimientos art\u00edsticos, desde 1980 realizando exposiciones individuales y colectivas, es organizador de las Jornadas Pict\u00f3ricas y fotogr\u00e1ficas m\u00e1s importantes del Valle del Colca, Cotahuasi y Valle de los Volcanes.<\/div>\n","protected":false},"excerpt":{"rendered":"","protected":false},"author":9,"featured_media":0,"parent":0,"menu_order":0,"comment_status":"closed","ping_status":"closed","template":"","meta":{"_acf_changed":false,"footnotes":""},"class_list":["post-2364","page","type-page","status-publish","hentry"],"acf":[],"_links":{"self":[{"href":"https:\/\/ffh.unsa.edu.pe\/artes\/wp-json\/wp\/v2\/pages\/2364","targetHints":{"allow":["GET"]}}],"collection":[{"href":"https:\/\/ffh.unsa.edu.pe\/artes\/wp-json\/wp\/v2\/pages"}],"about":[{"href":"https:\/\/ffh.unsa.edu.pe\/artes\/wp-json\/wp\/v2\/types\/page"}],"author":[{"embeddable":true,"href":"https:\/\/ffh.unsa.edu.pe\/artes\/wp-json\/wp\/v2\/users\/9"}],"replies":[{"embeddable":true,"href":"https:\/\/ffh.unsa.edu.pe\/artes\/wp-json\/wp\/v2\/comments?post=2364"}],"version-history":[{"count":5,"href":"https:\/\/ffh.unsa.edu.pe\/artes\/wp-json\/wp\/v2\/pages\/2364\/revisions"}],"predecessor-version":[{"id":2375,"href":"https:\/\/ffh.unsa.edu.pe\/artes\/wp-json\/wp\/v2\/pages\/2364\/revisions\/2375"}],"wp:attachment":[{"href":"https:\/\/ffh.unsa.edu.pe\/artes\/wp-json\/wp\/v2\/media?parent=2364"}],"curies":[{"name":"wp","href":"https:\/\/api.w.org\/{rel}","templated":true}]}}