{"id":2501,"date":"2021-07-08T00:57:06","date_gmt":"2021-07-08T05:57:06","guid":{"rendered":"https:\/\/ffh.unsa.edu.pe\/artes\/?page_id=2501"},"modified":"2021-07-08T00:58:47","modified_gmt":"2021-07-08T05:58:47","slug":"ygnacio-salvador-tomaylla-quispe","status":"publish","type":"page","link":"https:\/\/ffh.unsa.edu.pe\/artes\/ygnacio-salvador-tomaylla-quispe\/","title":{"rendered":"Ygnacio Salvador Tomaylla Quispe"},"content":{"rendered":"<div class=\"cua-gra\"><img loading=\"lazy\" decoding=\"async\" class=\"hidden-xs aligncenter wp-image-2502\" src=\"https:\/\/ffh.unsa.edu.pe\/artes\/wp-content\/uploads\/sites\/2\/2021\/07\/ygnacio-tomaylla-1-Copiar.jpg\" alt=\"\" width=\"381\" height=\"409\" srcset=\"https:\/\/ffh.unsa.edu.pe\/artes\/wp-content\/uploads\/sites\/2\/2021\/07\/ygnacio-tomaylla-1-Copiar.jpg 1600w, https:\/\/ffh.unsa.edu.pe\/artes\/wp-content\/uploads\/sites\/2\/2021\/07\/ygnacio-tomaylla-1-Copiar-768x825.jpg 768w, https:\/\/ffh.unsa.edu.pe\/artes\/wp-content\/uploads\/sites\/2\/2021\/07\/ygnacio-tomaylla-1-Copiar-1431x1536.jpg 1431w\" sizes=\"auto, (max-width: 381px) 100vw, 381px\" \/><\/p>\n<p><strong>Ygnacio Salvador Tomaylla Quispe<\/strong> <strong>(Artista pl\u00e1stico y docente universitario)<\/strong><\/p>\n<p>Ejerce la docencia desde 1987 hasta la actualidad en la UNSA. Ha hecho exposiciones individuales y colectivas de pintura en las t\u00e9cnicas de \u00f3leo y acuarela en el pa\u00eds y en el extranjero. Formaci\u00f3n: 1982 -1987 Licenciado en Artes: Pl\u00e1sticas Universidad Nacional de San Agust\u00edn de Arequipa 1992 -1993 Maestr\u00eda en Educaci\u00f3n: menci\u00f3n Educaci\u00f3n Superior. Universidad Nacional de San Agust\u00edn de Arequipa. 1995-1997 Doctor en Ciencias: Educaci\u00f3n. Universidad Nacional de San Agust\u00edn de Arequipa 2019 &#8211; 2020 Maestr\u00eda En Artes Universidad Nacional de San Agust\u00edn de Arequipa.\u00a0 Capacitaci\u00f3n: Diplomado en Docencia en Educaci\u00f3n Superior. 2016. Universidad Cat\u00f3lica de Santa Mar\u00eda. M\u00e9todos de Investigaci\u00f3n Estad\u00edstica con SPSS. 2016. Universidad Nacional de San Agust\u00edn de Arequipa. Uso de base de datos para la investigaci\u00f3n cient\u00edfica. 2017. Universidad Cat\u00f3lica de Santa Mar\u00eda Sistema De Gesti\u00f3n De La Calidad Universitaria. UCSM. Taller de Fortalecimiento en gesti\u00f3n de los entornos virtuales para el aprendizaje. 2020. Universidad Cat\u00f3lica de Santa Mar\u00eda. Cargos directivos: 2008 \u2013 2010. Director de la Escuela Profesional de Artes de la UNSA. 2010 \u2013 2011. Jefe de Departamento Acad\u00e9mico en la Escuela Profesional de Artes de la UNSA.<\/div>\n","protected":false},"excerpt":{"rendered":"","protected":false},"author":9,"featured_media":0,"parent":0,"menu_order":0,"comment_status":"closed","ping_status":"closed","template":"","meta":{"_acf_changed":false,"footnotes":""},"class_list":["post-2501","page","type-page","status-publish","hentry"],"acf":[],"_links":{"self":[{"href":"https:\/\/ffh.unsa.edu.pe\/artes\/wp-json\/wp\/v2\/pages\/2501","targetHints":{"allow":["GET"]}}],"collection":[{"href":"https:\/\/ffh.unsa.edu.pe\/artes\/wp-json\/wp\/v2\/pages"}],"about":[{"href":"https:\/\/ffh.unsa.edu.pe\/artes\/wp-json\/wp\/v2\/types\/page"}],"author":[{"embeddable":true,"href":"https:\/\/ffh.unsa.edu.pe\/artes\/wp-json\/wp\/v2\/users\/9"}],"replies":[{"embeddable":true,"href":"https:\/\/ffh.unsa.edu.pe\/artes\/wp-json\/wp\/v2\/comments?post=2501"}],"version-history":[{"count":1,"href":"https:\/\/ffh.unsa.edu.pe\/artes\/wp-json\/wp\/v2\/pages\/2501\/revisions"}],"predecessor-version":[{"id":2503,"href":"https:\/\/ffh.unsa.edu.pe\/artes\/wp-json\/wp\/v2\/pages\/2501\/revisions\/2503"}],"wp:attachment":[{"href":"https:\/\/ffh.unsa.edu.pe\/artes\/wp-json\/wp\/v2\/media?parent=2501"}],"curies":[{"name":"wp","href":"https:\/\/api.w.org\/{rel}","templated":true}]}}