{"id":2521,"date":"2021-07-08T08:14:40","date_gmt":"2021-07-08T13:14:40","guid":{"rendered":"https:\/\/ffh.unsa.edu.pe\/artes\/?page_id=2521"},"modified":"2021-07-08T08:14:40","modified_gmt":"2021-07-08T13:14:40","slug":"gissela-marivel-llica-yaguno","status":"publish","type":"page","link":"https:\/\/ffh.unsa.edu.pe\/artes\/gissela-marivel-llica-yaguno\/","title":{"rendered":"Gissela Marivel Llica Yaguno"},"content":{"rendered":"<div class=\"cua-gra\"><img loading=\"lazy\" decoding=\"async\" class=\"hidden-xs aligncenter wp-image-2522\" src=\"https:\/\/ffh.unsa.edu.pe\/artes\/wp-content\/uploads\/sites\/2\/2021\/07\/Marivel-Llica-2.jpg\" alt=\"\" width=\"381\" height=\"548\" \/><\/p>\n<p><strong>Gissela Marivel Llica Yaguno (Guitarra)<\/strong><\/p>\n<p>Licenciada en Artes M\u00fasica (2007) y Licenciada en Ciencias de la Educaci\u00f3n (2004), ambos t\u00edtulos por la Universidad Nacional de San Agust\u00edn de Arequipa. En el periodo acad\u00e9mico en curso dicta las asignaturas: Instrumento Principal Guitarra, M\u00fasica de C\u00e1mara Guitarra. Contacto: gllica@unsa.edu.pe Licenciada en Artes M\u00fasica y Ciencias de la Educaci\u00f3n. En el a\u00f1o 2010 se desempe\u00f1\u00f3 como docente en la escuela Superior de M\u00fasica Mario Urteaga Alvarado, teniendo a su cargo estudiantes de instrumento principal guitarra. En el a\u00f1o 2011 se desempe\u00f1\u00f3 como docente de guitarra y ensambles de guitarra en la escuela Superior de M\u00fasica Francisco Laso de Tacna. Organiz\u00f3 y particip\u00f3 en el concierto: \u201dDesde El Sur\u201d Solistas y orquesta de guitarras de la ESFAP \u201cFrancisco Laso\u201d. Recibi\u00f3 de ambas instituciones Resoluciones de Felicitaci\u00f3n por la labor musical realizada. Docente miembro de la Asociaci\u00f3n Suzuki del Per\u00fa desde el a\u00f1o 2010. <\/div>\n","protected":false},"excerpt":{"rendered":"","protected":false},"author":9,"featured_media":0,"parent":0,"menu_order":0,"comment_status":"closed","ping_status":"closed","template":"","meta":{"_acf_changed":false,"footnotes":""},"class_list":["post-2521","page","type-page","status-publish","hentry"],"acf":[],"_links":{"self":[{"href":"https:\/\/ffh.unsa.edu.pe\/artes\/wp-json\/wp\/v2\/pages\/2521","targetHints":{"allow":["GET"]}}],"collection":[{"href":"https:\/\/ffh.unsa.edu.pe\/artes\/wp-json\/wp\/v2\/pages"}],"about":[{"href":"https:\/\/ffh.unsa.edu.pe\/artes\/wp-json\/wp\/v2\/types\/page"}],"author":[{"embeddable":true,"href":"https:\/\/ffh.unsa.edu.pe\/artes\/wp-json\/wp\/v2\/users\/9"}],"replies":[{"embeddable":true,"href":"https:\/\/ffh.unsa.edu.pe\/artes\/wp-json\/wp\/v2\/comments?post=2521"}],"version-history":[{"count":2,"href":"https:\/\/ffh.unsa.edu.pe\/artes\/wp-json\/wp\/v2\/pages\/2521\/revisions"}],"predecessor-version":[{"id":2524,"href":"https:\/\/ffh.unsa.edu.pe\/artes\/wp-json\/wp\/v2\/pages\/2521\/revisions\/2524"}],"wp:attachment":[{"href":"https:\/\/ffh.unsa.edu.pe\/artes\/wp-json\/wp\/v2\/media?parent=2521"}],"curies":[{"name":"wp","href":"https:\/\/api.w.org\/{rel}","templated":true}]}}