{"id":2529,"date":"2021-07-08T09:11:41","date_gmt":"2021-07-08T14:11:41","guid":{"rendered":"https:\/\/ffh.unsa.edu.pe\/artes\/?page_id=2529"},"modified":"2021-07-08T09:11:41","modified_gmt":"2021-07-08T14:11:41","slug":"jose-antonio-flores-calisaya","status":"publish","type":"page","link":"https:\/\/ffh.unsa.edu.pe\/artes\/jose-antonio-flores-calisaya\/","title":{"rendered":"Jos\u00e9 Antonio Flores Calisaya"},"content":{"rendered":"<div class=\"cua-gra\"><img loading=\"lazy\" decoding=\"async\" class=\"hidden-xs aligncenter wp-image-2532\" src=\"https:\/\/ffh.unsa.edu.pe\/artes\/wp-content\/uploads\/sites\/2\/2021\/07\/Jose\u0301-Antonio-flores-foto-scaled.jpg\" alt=\"\" width=\"381\" height=\"577\" srcset=\"https:\/\/ffh.unsa.edu.pe\/artes\/wp-content\/uploads\/sites\/2\/2021\/07\/Jose\u0301-Antonio-flores-foto-scaled.jpg 1690w, https:\/\/ffh.unsa.edu.pe\/artes\/wp-content\/uploads\/sites\/2\/2021\/07\/Jose\u0301-Antonio-flores-foto-768x1164.jpg 768w, https:\/\/ffh.unsa.edu.pe\/artes\/wp-content\/uploads\/sites\/2\/2021\/07\/Jose\u0301-Antonio-flores-foto-1014x1536.jpg 1014w, https:\/\/ffh.unsa.edu.pe\/artes\/wp-content\/uploads\/sites\/2\/2021\/07\/Jose\u0301-Antonio-flores-foto-1352x2048.jpg 1352w\" sizes=\"auto, (max-width: 381px) 100vw, 381px\" \/><\/p>\n<p><strong>Jos\u00e9 Antonio Flores Calisaya (Instrumentos Nativos)<\/strong><\/p>\n<p>Docente de la Universidad Nacional de San Agust\u00edn Arequipa por 30 a\u00f1os de servicio. Trabaj\u00f3 en la escuela Superior de M\u00fasica Luis Duncker La valle, docente en el Instituto Pedag\u00f3gico Particular Jos\u00e9 Luis Bustamante y Rivero. Ex integrante de la agrupaci\u00f3n Arequipe\u00f1a Musocc Illary, viajando con la agrupaci\u00f3n el a\u00f1o 1990 por Italia, Alemania, Holanda y Francia. Especialidad Flauta traversa, dicta la Catedra de instrumentos Andinos, Lenguaje Musical e Interpretaci\u00f3n de la Musca tradicional Peruana en la Escuela de Artes de la UNSA.<\/p>\n<p>Composiciones: &#8211; Renacer ( Solo de Quena, cuerdas frotadas, Andantino, allegro) &#8211; Wayra (compuesta para vientos andinos) &#8211; Un destino por tres caminos (Contrapunto de Quenas y zampo\u00f1a) &#8211; Dios es mi Roca (Merengue) &#8211; Se\u00f1or mi Dios (Carnavalito) &#8211; Te alabo Se\u00f1or (Balada) &#8211; Perd\u00f3n Se\u00f1or, perd\u00f3n Balada) 30 a\u00f1os de experiencia en la elaboraci\u00f3n quenas de bamb\u00fa, madera y pvc, en todas las tonalidades. Tambi\u00e9n es constructor de zampo\u00f1as en diferentes tonalidades y zampo\u00f1as crom\u00e1ticas.<\/div>\n","protected":false},"excerpt":{"rendered":"","protected":false},"author":9,"featured_media":0,"parent":0,"menu_order":0,"comment_status":"closed","ping_status":"closed","template":"","meta":{"_acf_changed":false,"footnotes":""},"class_list":["post-2529","page","type-page","status-publish","hentry"],"acf":[],"_links":{"self":[{"href":"https:\/\/ffh.unsa.edu.pe\/artes\/wp-json\/wp\/v2\/pages\/2529","targetHints":{"allow":["GET"]}}],"collection":[{"href":"https:\/\/ffh.unsa.edu.pe\/artes\/wp-json\/wp\/v2\/pages"}],"about":[{"href":"https:\/\/ffh.unsa.edu.pe\/artes\/wp-json\/wp\/v2\/types\/page"}],"author":[{"embeddable":true,"href":"https:\/\/ffh.unsa.edu.pe\/artes\/wp-json\/wp\/v2\/users\/9"}],"replies":[{"embeddable":true,"href":"https:\/\/ffh.unsa.edu.pe\/artes\/wp-json\/wp\/v2\/comments?post=2529"}],"version-history":[{"count":1,"href":"https:\/\/ffh.unsa.edu.pe\/artes\/wp-json\/wp\/v2\/pages\/2529\/revisions"}],"predecessor-version":[{"id":2533,"href":"https:\/\/ffh.unsa.edu.pe\/artes\/wp-json\/wp\/v2\/pages\/2529\/revisions\/2533"}],"wp:attachment":[{"href":"https:\/\/ffh.unsa.edu.pe\/artes\/wp-json\/wp\/v2\/media?parent=2529"}],"curies":[{"name":"wp","href":"https:\/\/api.w.org\/{rel}","templated":true}]}}