{"id":2536,"date":"2021-07-08T09:22:20","date_gmt":"2021-07-08T14:22:20","guid":{"rendered":"https:\/\/ffh.unsa.edu.pe\/artes\/?page_id=2536"},"modified":"2021-07-08T09:23:47","modified_gmt":"2021-07-08T14:23:47","slug":"ramiro-antonio-miranda-paredes","status":"publish","type":"page","link":"https:\/\/ffh.unsa.edu.pe\/artes\/ramiro-antonio-miranda-paredes\/","title":{"rendered":"Ramiro Antonio Miranda Paredes"},"content":{"rendered":"<div class=\"cua-gra\"><img loading=\"lazy\" decoding=\"async\" class=\"hidden-xs aligncenter wp-image-2539\" src=\"https:\/\/ffh.unsa.edu.pe\/artes\/wp-content\/uploads\/sites\/2\/2021\/07\/Mg.-Ramiro-Antonio-Miranda-Paredes-Docente-de-Clarinete.jpeg\" alt=\"\" width=\"381\" height=\"572\" srcset=\"https:\/\/ffh.unsa.edu.pe\/artes\/wp-content\/uploads\/sites\/2\/2021\/07\/Mg.-Ramiro-Antonio-Miranda-Paredes-Docente-de-Clarinete.jpeg 800w, https:\/\/ffh.unsa.edu.pe\/artes\/wp-content\/uploads\/sites\/2\/2021\/07\/Mg.-Ramiro-Antonio-Miranda-Paredes-Docente-de-Clarinete-768x1152.jpeg 768w\" sizes=\"auto, (max-width: 381px) 100vw, 381px\" \/><\/p>\n<p><strong>Ramiro Antonio Miranda Paredes (Clarinete)<\/strong><\/p>\n<p>Inicia su carrera de m\u00fasica en la Escuela de Artes de la Facultad de Filosof\u00eda y Humanidades de la Universidad Nacional de San Agust\u00edn de Arequipa, acrecentando sus estudios de clarinete en el Conservatorio Nacional de M\u00fasica de Lima con el Maestro Jos\u00e9 Luis Eca Fiestas. Adem\u00e1s, fue integrante de la Orquesta Sinf\u00f3nica Municipal de Piura y actualmente es Artista Ca\u00f1as Gonzales (Argentina). En 2001 fue Becado por el S\u00e9min\u00e0ire Saint Fran\u00e7ois del Estado Canadiense de Qu\u00e9bec, en donde particip\u00f3 en los Conciertos de temporada de la Banda Sinf\u00f3nica de la Ciudad de Charlesbourg. En 2011 fue becado por el Gobierno del Estado de Sao Paulo (Brasil) para conformar la Orquestra Brasileira de Sopros (Banda Sinf\u00f3nica del Conservatorio de Tatu\u00ed), bajo la direcci\u00f3n del Maestro Dario Sotelo. Durante su permanencia en Brasil estudi\u00f3 en el Conservat\u00f3rio de Tatu\u00ed, perfeccion\u00e1ndose con diversos maestros en Clarinete (Max Ferreira), M\u00fasica Brasile\u00f1a (Fabio Xavier), Clarinete Antiguo (Luciano Pereira) y M\u00fasica de C\u00e1mara (Roberto Pires). Adem\u00e1s de recibir clases con grandes maestros brasile\u00f1os de la talla de Edmilson Nery, S\u00e9rgio Burgani, Ovanir Buosi, Cristiano Alves, Giuliano Rosas, Luiz Montanha y de haber participado de las clases maestras de artistas mundialmente reconocidos como Luis Rossi (Argentina) Ronald Van Spaendonck (B\u00e9lgica), Yuan Gao (China) y Theodores Schoen (EEUU). Tambi\u00e9n realiz\u00f3 estudios de Direcci\u00f3n Musical con diversos Maestros, actualmente es Presidente de la Asociaci\u00f3n de Directores de Bandas Sinf\u00f3nicas del Per\u00fa y candidato a doctor en Ciencias de la Educaci\u00f3n en su Alma Mater.<\/div>\n","protected":false},"excerpt":{"rendered":"","protected":false},"author":9,"featured_media":0,"parent":0,"menu_order":0,"comment_status":"closed","ping_status":"closed","template":"","meta":{"_acf_changed":false,"footnotes":""},"class_list":["post-2536","page","type-page","status-publish","hentry"],"acf":[],"_links":{"self":[{"href":"https:\/\/ffh.unsa.edu.pe\/artes\/wp-json\/wp\/v2\/pages\/2536","targetHints":{"allow":["GET"]}}],"collection":[{"href":"https:\/\/ffh.unsa.edu.pe\/artes\/wp-json\/wp\/v2\/pages"}],"about":[{"href":"https:\/\/ffh.unsa.edu.pe\/artes\/wp-json\/wp\/v2\/types\/page"}],"author":[{"embeddable":true,"href":"https:\/\/ffh.unsa.edu.pe\/artes\/wp-json\/wp\/v2\/users\/9"}],"replies":[{"embeddable":true,"href":"https:\/\/ffh.unsa.edu.pe\/artes\/wp-json\/wp\/v2\/comments?post=2536"}],"version-history":[{"count":3,"href":"https:\/\/ffh.unsa.edu.pe\/artes\/wp-json\/wp\/v2\/pages\/2536\/revisions"}],"predecessor-version":[{"id":2540,"href":"https:\/\/ffh.unsa.edu.pe\/artes\/wp-json\/wp\/v2\/pages\/2536\/revisions\/2540"}],"wp:attachment":[{"href":"https:\/\/ffh.unsa.edu.pe\/artes\/wp-json\/wp\/v2\/media?parent=2536"}],"curies":[{"name":"wp","href":"https:\/\/api.w.org\/{rel}","templated":true}]}}