{"id":2543,"date":"2021-07-08T09:34:41","date_gmt":"2021-07-08T14:34:41","guid":{"rendered":"https:\/\/ffh.unsa.edu.pe\/artes\/?page_id=2543"},"modified":"2021-07-08T09:40:32","modified_gmt":"2021-07-08T14:40:32","slug":"henry-frank-garcia-condori","status":"publish","type":"page","link":"https:\/\/ffh.unsa.edu.pe\/artes\/henry-frank-garcia-condori\/","title":{"rendered":"Henry Frank Garc\u00eda Condori"},"content":{"rendered":"<div class=\"cua-gra\"><img loading=\"lazy\" decoding=\"async\" class=\"hidden-xs aligncenter wp-image-2544\" src=\"https:\/\/ffh.unsa.edu.pe\/artes\/wp-content\/uploads\/sites\/2\/2021\/07\/Henry-Garcia-2.jpg\" alt=\"\" width=\"381\" height=\"209\" \/><\/p>\n<p><strong>Henry Frank Garc\u00eda Condori (Percusi\u00f3n)<\/strong><\/p>\n<p>Inici\u00f3 sus estudios musicales a temprana edad y los continu\u00f3 profesionalmente en el \u201cConservatorio Regional de M\u00fasica \u201cLuis Duncker Lavalle\u201d, bajo la tutela del Mtro. Gino Callata, obteniendo los primeros puestos en su formaci\u00f3n musical. Prosigui\u00f3 sus estudios con el reconocido Maestro Alonso Acosta Flores, docente de la \u201cUniversidad Nacional de M\u00fasica\u201d (Lima), a su vez, particip\u00f3 en numerosos Encuentros y Festivales Internacionales de Percusi\u00f3n en la ciudad de Lima, organizados por la \u201cUniversidad Nacional de M\u00fasica\u201d y en \u201cVIBRACIONES\u201d- Festival Internacional de Vibr\u00e1fono y Marimba. Es Integrante titular de la Orquesta Sinf\u00f3nica de Arequipa, como instrumentista en Timbales Sinf\u00f3nicos y desempe\u00f1\u00e1ndose como capo de\u00a0 fila de Percusi\u00f3n desde el a\u00f1o 2011 hasta la actualidad, en el 2012 ha sido solista en el \u201cConcierto para Caj\u00f3n Peruano y Orquesta\u201d de Enrique Iturriaga. Desde el 2020 es miembro de \u201cMARIMBA ACTIVA\u201d (Espa\u00f1a), bajo la direcci\u00f3n de la Maestra Ver\u00f3nica Cagigao y recibiendo clases de reconocidos maestros marimbistas como: Katarzyna Mycka (Polonia), N. J. Zivkovic (Servia), Corado Moya (Espa\u00f1a), Theodor Milkov (Rusia), Adelaide Ferriere (Francia), Javier Nandayapa (Mexico), L. H. Stevens (EEUU), Keiko Kototu (Jap\u00f3n), Lucid Duo (Polonia &#8211; Bulgaria), Carolina Alcatraz (Espa\u00f1a), Ludwid Albert (B\u00e9lgica). Fundador del Ensamble de Percusi\u00f3n \u201cDRUMSA\u201d de la \u201cUniversidad Nacional de San Agust\u00edn\u201d. Se desempe\u00f1a como docente de la Escuela Profesional de Artes en la especialidad de Percusi\u00f3n desde el a\u00f1o 2009 a la actualidad.<\/div>\n","protected":false},"excerpt":{"rendered":"","protected":false},"author":9,"featured_media":0,"parent":0,"menu_order":0,"comment_status":"closed","ping_status":"closed","template":"","meta":{"_acf_changed":false,"footnotes":""},"class_list":["post-2543","page","type-page","status-publish","hentry"],"acf":[],"_links":{"self":[{"href":"https:\/\/ffh.unsa.edu.pe\/artes\/wp-json\/wp\/v2\/pages\/2543","targetHints":{"allow":["GET"]}}],"collection":[{"href":"https:\/\/ffh.unsa.edu.pe\/artes\/wp-json\/wp\/v2\/pages"}],"about":[{"href":"https:\/\/ffh.unsa.edu.pe\/artes\/wp-json\/wp\/v2\/types\/page"}],"author":[{"embeddable":true,"href":"https:\/\/ffh.unsa.edu.pe\/artes\/wp-json\/wp\/v2\/users\/9"}],"replies":[{"embeddable":true,"href":"https:\/\/ffh.unsa.edu.pe\/artes\/wp-json\/wp\/v2\/comments?post=2543"}],"version-history":[{"count":2,"href":"https:\/\/ffh.unsa.edu.pe\/artes\/wp-json\/wp\/v2\/pages\/2543\/revisions"}],"predecessor-version":[{"id":2546,"href":"https:\/\/ffh.unsa.edu.pe\/artes\/wp-json\/wp\/v2\/pages\/2543\/revisions\/2546"}],"wp:attachment":[{"href":"https:\/\/ffh.unsa.edu.pe\/artes\/wp-json\/wp\/v2\/media?parent=2543"}],"curies":[{"name":"wp","href":"https:\/\/api.w.org\/{rel}","templated":true}]}}