{"id":2559,"date":"2021-07-08T13:55:34","date_gmt":"2021-07-08T18:55:34","guid":{"rendered":"https:\/\/ffh.unsa.edu.pe\/artes\/?page_id=2559"},"modified":"2021-07-08T14:01:15","modified_gmt":"2021-07-08T19:01:15","slug":"paul-ernesto-valdivia-alejos","status":"publish","type":"page","link":"https:\/\/ffh.unsa.edu.pe\/artes\/paul-ernesto-valdivia-alejos\/","title":{"rendered":"Paul Ernesto Valdivia Alejos"},"content":{"rendered":"<div class=\"cua-gra\"><img loading=\"lazy\" decoding=\"async\" class=\"hidden-xs aligncenter wp-image-2560\" src=\"https:\/\/ffh.unsa.edu.pe\/artes\/wp-content\/uploads\/sites\/2\/2021\/07\/Paul-Valdivia-2-scaled.jpg\" alt=\"\" width=\"381\" height=\"224\" srcset=\"https:\/\/ffh.unsa.edu.pe\/artes\/wp-content\/uploads\/sites\/2\/2021\/07\/Paul-Valdivia-2-scaled.jpg 2560w, https:\/\/ffh.unsa.edu.pe\/artes\/wp-content\/uploads\/sites\/2\/2021\/07\/Paul-Valdivia-2-768x452.jpg 768w, https:\/\/ffh.unsa.edu.pe\/artes\/wp-content\/uploads\/sites\/2\/2021\/07\/Paul-Valdivia-2-1536x903.jpg 1536w, https:\/\/ffh.unsa.edu.pe\/artes\/wp-content\/uploads\/sites\/2\/2021\/07\/Paul-Valdivia-2-2048x1204.jpg 2048w\" sizes=\"auto, (max-width: 381px) 100vw, 381px\" \/><\/p>\n<p><strong>Paul Ernesto Valdivia Alejos (Flauta Traversa)<\/strong><\/p>\n<p>Flautista peruano, titulado como Licenciado en Artes \u2013 M\u00fasica. Ejerce la docencia en la Universidad Nacional de San Agust\u00edn. En la especialidad de flauta Traversa. Flauta principal solista de la Orquesta Sinf\u00f3nica de Arequipa y Flauta solista \u2013 Director de la Orquesta de C\u00e1mara A tempo. Ha interpretado a compositores cl\u00e1sicos y latinoamericanos en pa\u00edses como Argentina, Chile, Bolivia, Ecuador. En su pa\u00eds Per\u00fa ha realizado diversos conciertos y clases maestras en las principales ciudades. En el a\u00f1o 2014 el compositor Arequipe\u00f1o Javier Vizcarra Pinto compuso y dedico el concierto para flauta traversa y orquesta \u00abAl sol la Puna y las Monta\u00f1as\u00bb estren\u00e1ndose el 25 de setiembre del 2014 con la Orquesta Sinf\u00f3nica de Arequipa bajo la direcci\u00f3n Fernando Valc\u00e1rcel director de la sinf\u00f3nica Nacional del Per\u00fa. En la Plata (Argentina) ha dictado clases maestras organizado por el Conservatorio de Giraldi. En la Paz (Bolivia) comparti\u00f3 conocimiento en el \u201cTaller de flauta traversa\u201d en el Conservatorio Plurinacional de M\u00fasica. Buenos aires (Argentina) dio clases maestras en la \u201cEscuela de Artes Republica de Italia\u201d Ecuador dio clases Maestras y Concierto organizado por SEDEMUSICA en las ciudades de Quito y Ambato En Chile fue invitado a participar y tocar en el festival \u201cFlauteando en el Rio\u201d organizado por la Universidad Austral. En 2021 fue invitado a participar del XXXVI festival Internacional de Flautistas en Lima Pa\u00fal Valdivia recibi\u00f3 conocimientos del destacado flautista Lars Nilsson (suecia). Ha sido docente de la universidad Alas Peruanas (2004-2007). Desde el 2004 hasta la actualidad docente de la Universidad Nacional de San Agust\u00edn en la especialidad de Flauta Traversa, as\u00ed como flautista oficial y fundador de la Orquesta de C\u00e1mara Atempo desde el 2008 hasta la actualidad.<\/div>\n","protected":false},"excerpt":{"rendered":"","protected":false},"author":9,"featured_media":0,"parent":0,"menu_order":0,"comment_status":"closed","ping_status":"closed","template":"","meta":{"_acf_changed":false,"footnotes":""},"class_list":["post-2559","page","type-page","status-publish","hentry"],"acf":[],"_links":{"self":[{"href":"https:\/\/ffh.unsa.edu.pe\/artes\/wp-json\/wp\/v2\/pages\/2559","targetHints":{"allow":["GET"]}}],"collection":[{"href":"https:\/\/ffh.unsa.edu.pe\/artes\/wp-json\/wp\/v2\/pages"}],"about":[{"href":"https:\/\/ffh.unsa.edu.pe\/artes\/wp-json\/wp\/v2\/types\/page"}],"author":[{"embeddable":true,"href":"https:\/\/ffh.unsa.edu.pe\/artes\/wp-json\/wp\/v2\/users\/9"}],"replies":[{"embeddable":true,"href":"https:\/\/ffh.unsa.edu.pe\/artes\/wp-json\/wp\/v2\/comments?post=2559"}],"version-history":[{"count":3,"href":"https:\/\/ffh.unsa.edu.pe\/artes\/wp-json\/wp\/v2\/pages\/2559\/revisions"}],"predecessor-version":[{"id":2564,"href":"https:\/\/ffh.unsa.edu.pe\/artes\/wp-json\/wp\/v2\/pages\/2559\/revisions\/2564"}],"wp:attachment":[{"href":"https:\/\/ffh.unsa.edu.pe\/artes\/wp-json\/wp\/v2\/media?parent=2559"}],"curies":[{"name":"wp","href":"https:\/\/api.w.org\/{rel}","templated":true}]}}