{"id":2571,"date":"2021-07-10T15:14:07","date_gmt":"2021-07-10T20:14:07","guid":{"rendered":"https:\/\/ffh.unsa.edu.pe\/artes\/?page_id=2571"},"modified":"2021-07-10T15:14:07","modified_gmt":"2021-07-10T20:14:07","slug":"piero-del-mar-palacios-cruz","status":"publish","type":"page","link":"https:\/\/ffh.unsa.edu.pe\/artes\/piero-del-mar-palacios-cruz\/","title":{"rendered":"Piero del Mar Palacios Cruz"},"content":{"rendered":"<div class=\"cua-gra\"><img loading=\"lazy\" decoding=\"async\" class=\"hidden-xs aligncenter wp-image-2572\" src=\"https:\/\/ffh.unsa.edu.pe\/artes\/wp-content\/uploads\/sites\/2\/2021\/07\/Piero-del-mar1-scaled.jpg\" alt=\"\" width=\"381\" height=\"571\" srcset=\"https:\/\/ffh.unsa.edu.pe\/artes\/wp-content\/uploads\/sites\/2\/2021\/07\/Piero-del-mar1-scaled.jpg 1709w, https:\/\/ffh.unsa.edu.pe\/artes\/wp-content\/uploads\/sites\/2\/2021\/07\/Piero-del-mar1-768x1151.jpg 768w, https:\/\/ffh.unsa.edu.pe\/artes\/wp-content\/uploads\/sites\/2\/2021\/07\/Piero-del-mar1-1025x1536.jpg 1025w, https:\/\/ffh.unsa.edu.pe\/artes\/wp-content\/uploads\/sites\/2\/2021\/07\/Piero-del-mar1-1367x2048.jpg 1367w\" sizes=\"auto, (max-width: 381px) 100vw, 381px\" \/><\/p>\n<p><strong>Piero del Mar Palacios Cruz (Oboe)<\/strong><\/p>\n<p>M\u00fasico obo\u00edsta natural de Piura, egresado de la Universidad Nacional de M\u00fasica con el t\u00edtulo de \u201cLicenciado en Interpretaci\u00f3n Musical\u201d y maestr\u00eda en \u201cDirecci\u00f3n de Orquestas Infantiles y juveniles\u201d de la Universidad De Talca (Chile). Su principales maestros han sido Carlos Ot\u00e1rola (Orquesta Sinf\u00f3nica Nacional de Per\u00fa), N\u00e9stor Garrote (Orquesta Filarm\u00f3nica del Teatro Col\u00f3n de Buenos Aires) y Jorge Andr\u00e9s Pinz\u00f3n (Orquesta Filarm\u00f3nica de Santiago de Chile).<br \/>\nHa participado en los Festivales de M\u00fasica de Santa Catarina (Brasil) entre los a\u00f1os 2011 y 2015, en el Sexto Festival de M\u00fasica Brasil-Alemania (Rio de Janeiro &#8211; 2011), \u201cTercer Encuentro de Obo\u00edstas Latinoamericanos\u201d (Argentina &#8211; 2014), \u201cCongreso de Obo\u00edstas y Fagotistas de Centroam\u00e9rica y M\u00e9xico\u201d (2018), y en la \u201cSemana Nacional del oboe en M\u00e9xico\u201d (Ciudad de M\u00e9xico\u20132019).<br \/>\nDentro de su trayectoria art\u00edstica, ha participado en las distintitas agrupaciones de orquestas juveniles (Orquesta juvenil Sinfon\u00eda por el Per\u00fa) y tambi\u00e9n profesionales como principalmente la \u201cOrquesta Sinf\u00f3nica Nacional de Per\u00fa\u201d, as\u00ed como tambi\u00e9n en las temporadas de \u00f3pera de \u201cPro-L\u00edrica\u201d y \u201cRomanza\u201d.<br \/>\nGanador del concurso de \u201cJ\u00f3venes Solistas\u201d con la \u201cOrquesta Sinf\u00f3nica Nacional\u201d en 5 ocasiones (2006-213), participando tambi\u00e9n como invitado con la Orquesta sinf\u00f3nica de la Universidad Nacional de M\u00fasica, y la Orquesta sinf\u00f3nica juvenil de la iniciativa pedag\u00f3gica Orquestando.<br \/>\nHa sido obo\u00edsta principal de la \u201cOrquesta Cl\u00e1sica Regional del Maule\u201d (Chile-20213) por 6 a\u00f1os, a lado de la batuta del reconocido maestro chileno Francisco Rettig, estrenando la obra \u201cDesde<br \/>\nel Puente\u201d para oboe y orquesta de Cuerda del compositor chileno Guillermo Riffo. Ha sido m\u00fasico invitado en la Orquesta Filarm\u00f3nica de Temuco y en la Filarm\u00f3nica del teatro Municipal de Santiago (Chile). En M\u00e9xico ha participado con la Camerata Metropolitana de la Ciudad de M\u00e9xico y la Orquesta Filarm\u00f3nica de Jalisco. Actualmente es integrante de la Orquesta Sinf\u00f3nica Nacional Juvenil Bicentenario del Gran Teatro Nacional. En Arequipa ha participado como m\u00fasico de oboe invitado con la Orquesta Sinf\u00f3nica de Arequipa, y el Ensamble Barroco de Arequipa.<br \/>\nDentro sus logros como docente, ha formado la c\u00e1tedra de oboe en el Conservatorio de la Facultad de Arquitectura, Arte y Dise\u00f1o en la Universidad de Talca (Chile-2015). Actualmente es profesor de oboe de la iniciativa pedag\u00f3gica \u201cOrquestando\u201d, y docente universitario de la c\u00e1tedra de oboe y m\u00fasica de c\u00e1mara de la \u201cEscuela Profesional de Artes-M\u00fasica\u201d de la Universidad Nacional San Agust\u00edn de Arequipa.<\/div>\n","protected":false},"excerpt":{"rendered":"","protected":false},"author":9,"featured_media":0,"parent":0,"menu_order":0,"comment_status":"closed","ping_status":"closed","template":"","meta":{"_acf_changed":false,"footnotes":""},"class_list":["post-2571","page","type-page","status-publish","hentry"],"acf":[],"_links":{"self":[{"href":"https:\/\/ffh.unsa.edu.pe\/artes\/wp-json\/wp\/v2\/pages\/2571","targetHints":{"allow":["GET"]}}],"collection":[{"href":"https:\/\/ffh.unsa.edu.pe\/artes\/wp-json\/wp\/v2\/pages"}],"about":[{"href":"https:\/\/ffh.unsa.edu.pe\/artes\/wp-json\/wp\/v2\/types\/page"}],"author":[{"embeddable":true,"href":"https:\/\/ffh.unsa.edu.pe\/artes\/wp-json\/wp\/v2\/users\/9"}],"replies":[{"embeddable":true,"href":"https:\/\/ffh.unsa.edu.pe\/artes\/wp-json\/wp\/v2\/comments?post=2571"}],"version-history":[{"count":2,"href":"https:\/\/ffh.unsa.edu.pe\/artes\/wp-json\/wp\/v2\/pages\/2571\/revisions"}],"predecessor-version":[{"id":2574,"href":"https:\/\/ffh.unsa.edu.pe\/artes\/wp-json\/wp\/v2\/pages\/2571\/revisions\/2574"}],"wp:attachment":[{"href":"https:\/\/ffh.unsa.edu.pe\/artes\/wp-json\/wp\/v2\/media?parent=2571"}],"curies":[{"name":"wp","href":"https:\/\/api.w.org\/{rel}","templated":true}]}}