{"id":2580,"date":"2021-07-10T15:34:14","date_gmt":"2021-07-10T20:34:14","guid":{"rendered":"https:\/\/ffh.unsa.edu.pe\/artes\/?page_id=2580"},"modified":"2021-07-10T15:38:15","modified_gmt":"2021-07-10T20:38:15","slug":"pablo-sabat-mindreau","status":"publish","type":"page","link":"https:\/\/ffh.unsa.edu.pe\/artes\/pablo-sabat-mindreau\/","title":{"rendered":"Pablo Sabat Mindreau"},"content":{"rendered":"<div class=\"cua-gra\"><img loading=\"lazy\" decoding=\"async\" class=\"hidden-xs aligncenter wp-image-2581\" src=\"https:\/\/ffh.unsa.edu.pe\/artes\/wp-content\/uploads\/sites\/2\/2021\/07\/pablo-sabat2.jpeg\" alt=\"\" width=\"381\" height=\"277\" srcset=\"https:\/\/ffh.unsa.edu.pe\/artes\/wp-content\/uploads\/sites\/2\/2021\/07\/pablo-sabat2.jpeg 1280w, https:\/\/ffh.unsa.edu.pe\/artes\/wp-content\/uploads\/sites\/2\/2021\/07\/pablo-sabat2-768x559.jpeg 768w\" sizes=\"auto, (max-width: 381px) 100vw, 381px\" \/><\/p>\n<p><strong>Pablo Sabat Mindreau (Piano)<\/strong><\/p>\n<p>Ganador de la Westminster Keyboard Competition en los Estados Unidos, se ha presentado en recitales de piano solo, m\u00fasica de c\u00e1mara, y de canci\u00f3n de c\u00e1mara en salas de Per\u00fa, Venezuela, Colombia, Trinidad &amp;amp; Tobago, M\u00e9xico, Estados Unidos, Espa\u00f1a, Polonia, Austria y Rusia. Ha actuado como solista con orquestas en Sudam\u00e9rica y Europa y ha trabajado con directores como Mario Benzecry, Carlos Miguel Prieto y Enrique Diemecke, entre otros, y tambi\u00e9n como solista dirigiendo desde el piano conciertos de Beethoven. Ha presentado ciclos completos de obras de Liszt (A\u00f1os de Peregrinaje, Libros I, II y III), Debussy (Preludios, Libros I y II) y Mahler (colecciones completas de canciones), y ha sido miembro del jurado del Concurso de Conciertos del Festival Internacional de m\u00fasica Busan Maru en Busan, Corea del Sur.<\/p>\n<p>Pablo es tambi\u00e9n Director Art\u00edstico de la Orquesta Sinf\u00f3nica Nacional Juvenil Bicentenario (OSNJB), y ha estado al frente de algunas de las orquestas sinf\u00f3nicas m\u00e1s importantes del pa\u00eds incluyendo la Orquesta Sinf\u00f3nica Nacional y la Orquesta de la Ciudad de los Reyes. Ha dirigido orquestas en Argentina, Colombia, Ecuador, Venezuela, Brasil, M\u00e9xico, Estados Unidos, Polonia, Ucrania y la Rep\u00fablica Checa, y colaborado con grandes solistas de la talla de Gil Shaham, Andrei Gavrilov, Sarah Chang, Joaqu\u00edn Ach\u00facarro, Nicola Benedetti, Maurice Hasson, Philip Setzer, Lukas Vondracek, Yeol Eum Son y Valentina Lisitsa, entre otros.<br \/>\nPablo ha realizado estrenos en el Per\u00fa de importantes obras de Mahler, Strauss, Bruckner, Bernstein, Britten, Stravinsky, y el estreno mundial del Concierto para Viol\u00edn del compositor peruano Sadiel Cuentas. Gan\u00f3 junto a la OSNJB el Premio Luces por su presentaci\u00f3n del ciclo completo de las 9 sinfon\u00edas de Beethoven.<br \/>\nPablo tiene una Licenciatura en Piano cum laude por el Instituto Universitario de Estudios Musicales de Venezuela, una Maestria en Piano con distinci\u00f3n por el Westminster Choir College, y una Maestr\u00eda en Direcci\u00f3n Orquestal por la Hartt School of Music, para completar la cual recibi\u00f3 una beca de la Organizaci\u00f3n de Estados Americanos (OEA). Entre sus maestros se cuentan, en piano, Ena Bronstein (disc\u00edpula de Claudio Arrau), en acompa\u00f1amiento vocal, Dalton Baldwin y Glenn Parker, y en direcci\u00f3n orquestal, Harold Farberman y Gustav Meier.<br \/>\nPablo es tambi\u00e9n profesor de Piano y Direcci\u00f3n Instrumental en el Nivel Superior de la Universidad Nacional de M\u00fasica, y de Piano en la Universidad Nacional de San Agust\u00edn (Arequipa), y de la Universidad Peruana de Ciencias Aplicadas.<\/div>\n","protected":false},"excerpt":{"rendered":"","protected":false},"author":9,"featured_media":0,"parent":0,"menu_order":0,"comment_status":"closed","ping_status":"closed","template":"","meta":{"_acf_changed":false,"footnotes":""},"class_list":["post-2580","page","type-page","status-publish","hentry"],"acf":[],"_links":{"self":[{"href":"https:\/\/ffh.unsa.edu.pe\/artes\/wp-json\/wp\/v2\/pages\/2580","targetHints":{"allow":["GET"]}}],"collection":[{"href":"https:\/\/ffh.unsa.edu.pe\/artes\/wp-json\/wp\/v2\/pages"}],"about":[{"href":"https:\/\/ffh.unsa.edu.pe\/artes\/wp-json\/wp\/v2\/types\/page"}],"author":[{"embeddable":true,"href":"https:\/\/ffh.unsa.edu.pe\/artes\/wp-json\/wp\/v2\/users\/9"}],"replies":[{"embeddable":true,"href":"https:\/\/ffh.unsa.edu.pe\/artes\/wp-json\/wp\/v2\/comments?post=2580"}],"version-history":[{"count":1,"href":"https:\/\/ffh.unsa.edu.pe\/artes\/wp-json\/wp\/v2\/pages\/2580\/revisions"}],"predecessor-version":[{"id":2582,"href":"https:\/\/ffh.unsa.edu.pe\/artes\/wp-json\/wp\/v2\/pages\/2580\/revisions\/2582"}],"wp:attachment":[{"href":"https:\/\/ffh.unsa.edu.pe\/artes\/wp-json\/wp\/v2\/media?parent=2580"}],"curies":[{"name":"wp","href":"https:\/\/api.w.org\/{rel}","templated":true}]}}