{"id":2589,"date":"2021-07-10T15:46:25","date_gmt":"2021-07-10T20:46:25","guid":{"rendered":"https:\/\/ffh.unsa.edu.pe\/artes\/?page_id=2589"},"modified":"2021-07-10T15:46:25","modified_gmt":"2021-07-10T20:46:25","slug":"miguel-angel-valdivia-calizaya","status":"publish","type":"page","link":"https:\/\/ffh.unsa.edu.pe\/artes\/miguel-angel-valdivia-calizaya\/","title":{"rendered":"Miguel Angel Valdivia Calizaya"},"content":{"rendered":"<div class=\"cua-gra\"><img loading=\"lazy\" decoding=\"async\" class=\"hidden-xs aligncenter wp-image-2590\" src=\"https:\/\/ffh.unsa.edu.pe\/artes\/wp-content\/uploads\/sites\/2\/2021\/07\/Miguel-Angel-valdivia1.jpg\" alt=\"\" width=\"381\" height=\"436\" srcset=\"https:\/\/ffh.unsa.edu.pe\/artes\/wp-content\/uploads\/sites\/2\/2021\/07\/Miguel-Angel-valdivia1.jpg 838w, https:\/\/ffh.unsa.edu.pe\/artes\/wp-content\/uploads\/sites\/2\/2021\/07\/Miguel-Angel-valdivia1-768x880.jpg 768w\" sizes=\"auto, (max-width: 381px) 100vw, 381px\" \/><\/p>\n<p><strong>Miguel Angel Valdivia Calizaya (Saxof\u00f3n)<\/strong><\/p>\n<p>M\u00fasico saxofonista y compositor arequipe\u00f1o, veinte a\u00f1os de trayectoria, licenciado en artes (UNSA) especialidad Saxof\u00f3n y magister en Educaci\u00f3n con menci\u00f3n en Educaci\u00f3n Superior, UNSA. Inicio camino del jazz y m\u00fasica popular en los festivales de m\u00fasica moderna en Lima \u2013 Per\u00fa, con los maestros Gabriel Alegr\u00eda (Per\u00fa) y Laura Andrea Leguia (Per\u00fa) embajadores del jazz afroperuano en el mundo, clases de direcci\u00f3n big band con la maestra Maria Schneider (EEUU) ganadora del gramy 2005 mejor disco de jazz, clases de lenguaje de jazz con la maestra Ingrid Jensen (EEUU), clases de improvisaci\u00f3n con el maestro Bobby Shew (EEUU), clases de jazz afroperuano con los maestros Freddy &amp;quot;Huevito&amp;quot; Lobat\u00f3n y Hugo Alcazar (Per\u00fa), participo en festivales de saxof\u00f3n en<br \/>\nArgentina 2009, jazz en Chile desde el 2005 y festivales por el Per\u00fa volvi\u00e9ndose en habituales lugares de difusi\u00f3n, tour Europa ALONG SAX 2015 conciertos en Morillon \u2013 Francia y Dinan &#8211; Belgica, pertenece a las agrupaciones musicales FOUR FOR JAZZ, BEBOB, ELECTRICO JAZZ, y como director de PROYECTO BEBIGNO, ORQUESTA DE MUSICA ALEATORIA y LOS CHUTOS. Discograf\u00eda: 2007 \u2013 De la conga su mare \u2013 BEBOB, 2008 \u2013 En vivob \u2013 BEBOB, 2013 \u2013 Mote azul \u2013 ELECTRICO JAZZ, 2014 \u2013 DVD \u2013 Saxof\u00f3n instrumental, 2016 LA RUTA DEL SAXO \u2013 Los cuatro cholos del saxo, 2016 \u2013 EVIDENCIA \u2013 Miguel Angel Valdivia. Tambi\u00e9n trabaja como Gestor Cultural en MAV Casa Productora, organizando eventos musicales acad\u00e9micos como populares.<\/div>\n","protected":false},"excerpt":{"rendered":"","protected":false},"author":9,"featured_media":0,"parent":0,"menu_order":0,"comment_status":"closed","ping_status":"closed","template":"","meta":{"_acf_changed":false,"footnotes":""},"class_list":["post-2589","page","type-page","status-publish","hentry"],"acf":[],"_links":{"self":[{"href":"https:\/\/ffh.unsa.edu.pe\/artes\/wp-json\/wp\/v2\/pages\/2589","targetHints":{"allow":["GET"]}}],"collection":[{"href":"https:\/\/ffh.unsa.edu.pe\/artes\/wp-json\/wp\/v2\/pages"}],"about":[{"href":"https:\/\/ffh.unsa.edu.pe\/artes\/wp-json\/wp\/v2\/types\/page"}],"author":[{"embeddable":true,"href":"https:\/\/ffh.unsa.edu.pe\/artes\/wp-json\/wp\/v2\/users\/9"}],"replies":[{"embeddable":true,"href":"https:\/\/ffh.unsa.edu.pe\/artes\/wp-json\/wp\/v2\/comments?post=2589"}],"version-history":[{"count":1,"href":"https:\/\/ffh.unsa.edu.pe\/artes\/wp-json\/wp\/v2\/pages\/2589\/revisions"}],"predecessor-version":[{"id":2591,"href":"https:\/\/ffh.unsa.edu.pe\/artes\/wp-json\/wp\/v2\/pages\/2589\/revisions\/2591"}],"wp:attachment":[{"href":"https:\/\/ffh.unsa.edu.pe\/artes\/wp-json\/wp\/v2\/media?parent=2589"}],"curies":[{"name":"wp","href":"https:\/\/api.w.org\/{rel}","templated":true}]}}