{"id":2594,"date":"2021-07-10T15:56:09","date_gmt":"2021-07-10T20:56:09","guid":{"rendered":"https:\/\/ffh.unsa.edu.pe\/artes\/?page_id=2594"},"modified":"2021-07-10T15:56:09","modified_gmt":"2021-07-10T20:56:09","slug":"socrates-efrain-diaz-espinoza","status":"publish","type":"page","link":"https:\/\/ffh.unsa.edu.pe\/artes\/socrates-efrain-diaz-espinoza\/","title":{"rendered":"Socrates Efra\u00edn D\u00edaz Espinoza"},"content":{"rendered":"<div class=\"cua-gra\"><img loading=\"lazy\" decoding=\"async\" class=\"hidden-xs aligncenter wp-image-2595\" src=\"https:\/\/ffh.unsa.edu.pe\/artes\/wp-content\/uploads\/sites\/2\/2021\/07\/So\u0301crates-foto-1-scaled.jpg\" alt=\"\" width=\"381\" height=\"286\" srcset=\"https:\/\/ffh.unsa.edu.pe\/artes\/wp-content\/uploads\/sites\/2\/2021\/07\/So\u0301crates-foto-1-scaled.jpg 2560w, https:\/\/ffh.unsa.edu.pe\/artes\/wp-content\/uploads\/sites\/2\/2021\/07\/So\u0301crates-foto-1-88x67.jpg 88w, https:\/\/ffh.unsa.edu.pe\/artes\/wp-content\/uploads\/sites\/2\/2021\/07\/So\u0301crates-foto-1-768x576.jpg 768w, https:\/\/ffh.unsa.edu.pe\/artes\/wp-content\/uploads\/sites\/2\/2021\/07\/So\u0301crates-foto-1-1536x1152.jpg 1536w, https:\/\/ffh.unsa.edu.pe\/artes\/wp-content\/uploads\/sites\/2\/2021\/07\/So\u0301crates-foto-1-2048x1536.jpg 2048w\" sizes=\"auto, (max-width: 381px) 100vw, 381px\" \/><\/p>\n<p><strong>Socrates Efra\u00edn D\u00edaz Espinoza (Corno)<\/strong><\/p>\n<p>Ingresa a la Orquesta Sinf\u00f3nica de Arequipa como 2da. Trompeta y despu\u00e9s de un a\u00f1o pasa a la plaza de corno 3ro. Ejerce la carrera de la docencia en varias instituciones como: Escuela Superior de m\u00fasica Luis Duncker Lavalle en el a\u00f1o de 1982, tambi\u00e9n como docente de aula y taller de banda en el colegio particular Prescott, en 1990 docente del taller de la Big Band del colegio particular Max Uhle , docente de banda en el colegio nacional Jorge Basadre, he tocado en varias ocasiones como trompeta en los festivales de m\u00fasica Arequipe\u00f1a de la canci\u00f3n criolla, as\u00ed mismo he participado como instrumentista de corno en varias agrupaciones de la localidad como invitado, en la m\u00fasica popular por muchos a\u00f1os he tocado la trompeta y dirigido la agrupaci\u00f3n musical de los \u201cHnos D\u00edaz\u201d.<br \/>\nDentro de las actividades m\u00e1s destacadas realizadas en la Escuela de Artes de la UNSA, se puede se\u00f1alar a los encuentro de Bronces que se realizaron a partir del a\u00f1o 2002 hasta el 2007 con la participaci\u00f3n de agrupaciones instrumentales de los conservatorios de m\u00fasica a nivel nacional., he formado la Banda Universitaria de la UNSA, los grupos de ensambles de bronces, maderas y el ensamble de vientos y percusi\u00f3n \u201cUNSA BRASS ENSAMBLE\u201d.<\/div>\n","protected":false},"excerpt":{"rendered":"","protected":false},"author":9,"featured_media":0,"parent":0,"menu_order":0,"comment_status":"closed","ping_status":"closed","template":"","meta":{"_acf_changed":false,"footnotes":""},"class_list":["post-2594","page","type-page","status-publish","hentry"],"acf":[],"_links":{"self":[{"href":"https:\/\/ffh.unsa.edu.pe\/artes\/wp-json\/wp\/v2\/pages\/2594","targetHints":{"allow":["GET"]}}],"collection":[{"href":"https:\/\/ffh.unsa.edu.pe\/artes\/wp-json\/wp\/v2\/pages"}],"about":[{"href":"https:\/\/ffh.unsa.edu.pe\/artes\/wp-json\/wp\/v2\/types\/page"}],"author":[{"embeddable":true,"href":"https:\/\/ffh.unsa.edu.pe\/artes\/wp-json\/wp\/v2\/users\/9"}],"replies":[{"embeddable":true,"href":"https:\/\/ffh.unsa.edu.pe\/artes\/wp-json\/wp\/v2\/comments?post=2594"}],"version-history":[{"count":1,"href":"https:\/\/ffh.unsa.edu.pe\/artes\/wp-json\/wp\/v2\/pages\/2594\/revisions"}],"predecessor-version":[{"id":2596,"href":"https:\/\/ffh.unsa.edu.pe\/artes\/wp-json\/wp\/v2\/pages\/2594\/revisions\/2596"}],"wp:attachment":[{"href":"https:\/\/ffh.unsa.edu.pe\/artes\/wp-json\/wp\/v2\/media?parent=2594"}],"curies":[{"name":"wp","href":"https:\/\/api.w.org\/{rel}","templated":true}]}}