{"id":2600,"date":"2021-07-10T16:10:18","date_gmt":"2021-07-10T21:10:18","guid":{"rendered":"https:\/\/ffh.unsa.edu.pe\/artes\/?page_id=2600"},"modified":"2021-07-10T16:10:18","modified_gmt":"2021-07-10T21:10:18","slug":"alejandra-lopera-quintanilla","status":"publish","type":"page","link":"https:\/\/ffh.unsa.edu.pe\/artes\/alejandra-lopera-quintanilla\/","title":{"rendered":"Alejandra Lopera Quintanilla"},"content":{"rendered":"<div class=\"cua-gra\"><img loading=\"lazy\" decoding=\"async\" class=\"hidden-xs aligncenter wp-image-2601\" src=\"https:\/\/ffh.unsa.edu.pe\/artes\/wp-content\/uploads\/sites\/2\/2021\/07\/Alejandra-Lopera-scaled.jpg\" alt=\"\" width=\"381\" height=\"492\" srcset=\"https:\/\/ffh.unsa.edu.pe\/artes\/wp-content\/uploads\/sites\/2\/2021\/07\/Alejandra-Lopera-scaled.jpg 1981w, https:\/\/ffh.unsa.edu.pe\/artes\/wp-content\/uploads\/sites\/2\/2021\/07\/Alejandra-Lopera-768x993.jpg 768w, https:\/\/ffh.unsa.edu.pe\/artes\/wp-content\/uploads\/sites\/2\/2021\/07\/Alejandra-Lopera-1188x1536.jpg 1188w, https:\/\/ffh.unsa.edu.pe\/artes\/wp-content\/uploads\/sites\/2\/2021\/07\/Alejandra-Lopera-1585x2048.jpg 1585w\" sizes=\"auto, (max-width: 381px) 100vw, 381px\" \/><strong>Alejandra Lopera Quintanilla (Flauta Dulce)<\/strong><\/p>\n<p>Inici\u00f3 los estudios de flauta dulce a la edad de siete a\u00f1os con Augusto Vera B\u00e9jar, y de piano a los 12 a\u00f1os con Maxine Windsor. Inici\u00f3 su carrera como solista a los 13 a\u00f1os present\u00e1ndose en los Festivales de J\u00f3venes Solistas organizados por la Camerata de Lima desde 1988, siendo solista junto con la Orquesta Sinf\u00f3nica de Arequipa a los 16 a\u00f1os. Desde los 13 a\u00f1os fue integrante del reconocido conjunto de m\u00fasica antigua Goethe dirigido por Augusto Vera B\u00e9jar. En 1991 siendo a\u00fan escolar fund\u00f3 el grupo El Ensamble Barroco de Arequipa con el que hasta la actualidad ha ofrecido m\u00e1s de un centenar de conciertos. A los 17 ingres\u00f3 a la North Carolina School of the Arts, donde realiz\u00f3 estudios de composici\u00f3n con Sherwood Shaffer, disc\u00edpulo de Bohuslav Martinu, y particip\u00f3 activamente en el ensamble de m\u00fasica antigua de la instituci\u00f3n ofreciendo conciertos en el \u00e1rea de Carolina del Norte. En 1995 viaj\u00f3 a Italia para estudiar flauta dulce en el Conservatorio Luigi Cherubini de Florencia, donde se gradu\u00f3 con honores en 1997 y estudi\u00f3 con el flautista David Bellugi y clavec\u00edn con la virtuosa clavecinista Anna Maria Pernafelli, disc\u00edpula de Ferruccio Vignanelli con quien contin\u00faa estudios hasta la actualidad. Posteriormente se gradu\u00f3 como licenciada en Artes en la Universidad Nacional de San Agust\u00edn y Magister en Educaci\u00f3n Superior en la<br \/>\nUniversidad Cat\u00f3lica de Santa Mar\u00eda. Ha sido solista con las principales orquestas del pa\u00eds como Orquesta Sinf\u00f3nica Nacional (1998.2003), Orquesta Filarm\u00f3nica de Lima (1994), orquesta del Festival Internacional Bela Bartok (1999), y Orquesta Sinf\u00f3nica de Bah\u00eda Blanca (2006), Argentina y Orquesta Sinf\u00f3nica Municipal del Alto, Bolivia (2008) y Orquesta Sinf\u00f3nica de<br \/>\nArequipa en varias ocasiones. Ha ofrecido recitales como solista en la Casa de Am\u00e9rica, Madrid, Espa\u00f1a, Italia, Estados Unidos, Bolivia, Cuba, Argentina. Ha sido solista invitada de importantes conjuntos como Carolina Pro M\u00fasica, Aula Harmoniae, junto a Kathleen McIntosh y Steven Redfield entre otras importantes agrupaciones. Ha participado en los Festivales de M\u00fasica Antigua FIMA de la Pontificia Universidad Cat\u00f3lica del Per\u00fa, Festival Internacional de Misiones Chiquitos 2008 y 2017, Festival Internacional de M\u00fasica de C\u00e1mara de la Habana, Encuentro Internacional sobre el Barroco en varias de sus ediciones, entre otros encuentros. Ha sido invitada a ofrecer conferencias sobre m\u00fasica barroca y clases maestras en varias ocasiones a la Universidad Nacional de M\u00fasica. Ganadora del Premio Southern Per\u00fa al Talento Musical 1999 y del I Concurso Nacional de Conciertos 1994. Ha sido becada en tres ocasiones (1998, 2003,2005) para asistir a los cursos de Virtuosismo y Academia Barroca del Amherst Early Music Festival donde ha recibido clases maestras de los principales flautistas a nivel mundial. Como directora y productora ha puesto en escena la \u00fanica \u00f3pera barroca en Arequipa, adem\u00e1s con una propuesta moderna: Dido y Eneas (2009) y el 2019 mont\u00f3 junto al Ensamble de M\u00fasica Antigua de la UNSA , que fund\u00f3 y dirigi\u00f3, todas las Danzas del C\u00f3dice Martinez Compa\u00f1\u00f3n en un espect\u00e1culo de m\u00fasica y danza hist\u00f3rica. Es docente principal de la Escuela de Artes de la Universidad Nacional de San Agust\u00edn.<\/div>\n","protected":false},"excerpt":{"rendered":"","protected":false},"author":9,"featured_media":0,"parent":0,"menu_order":0,"comment_status":"closed","ping_status":"closed","template":"","meta":{"_acf_changed":false,"footnotes":""},"class_list":["post-2600","page","type-page","status-publish","hentry"],"acf":[],"_links":{"self":[{"href":"https:\/\/ffh.unsa.edu.pe\/artes\/wp-json\/wp\/v2\/pages\/2600","targetHints":{"allow":["GET"]}}],"collection":[{"href":"https:\/\/ffh.unsa.edu.pe\/artes\/wp-json\/wp\/v2\/pages"}],"about":[{"href":"https:\/\/ffh.unsa.edu.pe\/artes\/wp-json\/wp\/v2\/types\/page"}],"author":[{"embeddable":true,"href":"https:\/\/ffh.unsa.edu.pe\/artes\/wp-json\/wp\/v2\/users\/9"}],"replies":[{"embeddable":true,"href":"https:\/\/ffh.unsa.edu.pe\/artes\/wp-json\/wp\/v2\/comments?post=2600"}],"version-history":[{"count":2,"href":"https:\/\/ffh.unsa.edu.pe\/artes\/wp-json\/wp\/v2\/pages\/2600\/revisions"}],"predecessor-version":[{"id":2603,"href":"https:\/\/ffh.unsa.edu.pe\/artes\/wp-json\/wp\/v2\/pages\/2600\/revisions\/2603"}],"wp:attachment":[{"href":"https:\/\/ffh.unsa.edu.pe\/artes\/wp-json\/wp\/v2\/media?parent=2600"}],"curies":[{"name":"wp","href":"https:\/\/api.w.org\/{rel}","templated":true}]}}