{"id":2615,"date":"2021-07-13T16:46:10","date_gmt":"2021-07-13T21:46:10","guid":{"rendered":"https:\/\/ffh.unsa.edu.pe\/artes\/?page_id=2615"},"modified":"2021-07-13T17:06:29","modified_gmt":"2021-07-13T22:06:29","slug":"objetivos-academicos-musica","status":"publish","type":"page","link":"https:\/\/ffh.unsa.edu.pe\/artes\/objetivos-academicos-musica\/","title":{"rendered":"Objetivos Educacionales Artes M\u00fasica"},"content":{"rendered":"<p>Se espera que el egresado del Programa Acad\u00e9mico de Artes especialidad M\u00fasica, despu\u00e9s de tres a\u00f1os de graduado, logre los siguientes objetivos educacionales algunos a\u00f1os despu\u00e9s de graduarse:<\/p>\n<div class=\"cua-obj\">Participar activamente como ejecutantes en diversas agrupaciones instrumentales como Orquestas Sinf\u00f3nicas, agrupaciones de c\u00e1mara, bandas sinf\u00f3nicas u orquestas populares de nivel profesional.<\/div>\n<div class=\"cua-obj\">Participar en diversas actividades de la producci\u00f3n musical para la creaci\u00f3n de conceptos musicales de obras aplicando la teor\u00eda y la tecnolog\u00eda musical que permita su \u00f3ptima ejecuci\u00f3n para su comercializaci\u00f3n.<\/div>\n<div class=\"cua-obj\">Gestionar eventos culturales en \u00e1reas ejecutivas de instituciones o empresas p\u00fablicas o privadas, generando proyectos de desarrollo cultural, que involucre la participaci\u00f3n articulada otras disciplinas art\u00edsticas.<\/div>\n<div class=\"cua-obj\">Aplicar los m\u00e9todos y estrategias de ense\u00f1anza- aprendizaje propios de la did\u00e1ctica musical dentro de la educaci\u00f3n formal y no formal, desde los niveles inicial hasta el profesional, tanto en instituciones p\u00fablicas y privadas como de manera particular.<\/div>\n<div class=\"cua-obj\">Conformar y dirigir diferentes agrupaciones musicales de car\u00e1cter formativo o de desarrollo art\u00edstico-cultural como bandas escolares, coros, orquestas de c\u00e1mara entre otras, tanto en espacios p\u00fablicos como privados.<\/div>\n","protected":false},"excerpt":{"rendered":"<p>Se espera que el egresado del Programa Acad\u00e9mico de Artes especialidad M\u00fasica, despu\u00e9s de tres a\u00f1os de graduado, logre los siguientes objetivos educacionales algunos a\u00f1os despu\u00e9s de graduarse:<\/p>\n","protected":false},"author":9,"featured_media":2082,"parent":0,"menu_order":0,"comment_status":"closed","ping_status":"closed","template":"","meta":{"_acf_changed":false,"footnotes":""},"class_list":["post-2615","page","type-page","status-publish","has-post-thumbnail","hentry"],"acf":[],"_links":{"self":[{"href":"https:\/\/ffh.unsa.edu.pe\/artes\/wp-json\/wp\/v2\/pages\/2615","targetHints":{"allow":["GET"]}}],"collection":[{"href":"https:\/\/ffh.unsa.edu.pe\/artes\/wp-json\/wp\/v2\/pages"}],"about":[{"href":"https:\/\/ffh.unsa.edu.pe\/artes\/wp-json\/wp\/v2\/types\/page"}],"author":[{"embeddable":true,"href":"https:\/\/ffh.unsa.edu.pe\/artes\/wp-json\/wp\/v2\/users\/9"}],"replies":[{"embeddable":true,"href":"https:\/\/ffh.unsa.edu.pe\/artes\/wp-json\/wp\/v2\/comments?post=2615"}],"version-history":[{"count":4,"href":"https:\/\/ffh.unsa.edu.pe\/artes\/wp-json\/wp\/v2\/pages\/2615\/revisions"}],"predecessor-version":[{"id":2625,"href":"https:\/\/ffh.unsa.edu.pe\/artes\/wp-json\/wp\/v2\/pages\/2615\/revisions\/2625"}],"wp:featuredmedia":[{"embeddable":true,"href":"https:\/\/ffh.unsa.edu.pe\/artes\/wp-json\/wp\/v2\/media\/2082"}],"wp:attachment":[{"href":"https:\/\/ffh.unsa.edu.pe\/artes\/wp-json\/wp\/v2\/media?parent=2615"}],"curies":[{"name":"wp","href":"https:\/\/api.w.org\/{rel}","templated":true}]}}