{"id":2619,"date":"2021-07-13T16:54:46","date_gmt":"2021-07-13T21:54:46","guid":{"rendered":"https:\/\/ffh.unsa.edu.pe\/artes\/?page_id=2619"},"modified":"2021-07-13T17:13:10","modified_gmt":"2021-07-13T22:13:10","slug":"objetivos-educacionales-artes-plasticas","status":"publish","type":"page","link":"https:\/\/ffh.unsa.edu.pe\/artes\/objetivos-educacionales-artes-plasticas\/","title":{"rendered":"Objetivos Educacionales Artes Pl\u00e1sticas"},"content":{"rendered":"<p>Los objetivos educacionales determinan los fines a lograr en un periodo de tiempo despu\u00e9s de que el estudiante culmina su formaci\u00f3n acad\u00e9mica y como egresado alcanza una presencia profesional y\/o laboral, como resultado de la preparaci\u00f3n obtenida en su formaci\u00f3n en el Programa de Estudios.<\/p>\n<div class=\"cua-obj\">Desempe\u00f1arse como artista profesional, produciendo obras de arte, originales y de calidad, que contribuyan con el desarrollo del arte y el ambiente cultural de su sociedad<\/div>\n<div class=\"cua-obj\">Realizar investigaciones art\u00edsticas con un sentido cr\u00edtico que contribuyan con el conocimiento, difusi\u00f3n y desarrollo de las artes<\/div>\n<div class=\"cua-obj\">Generar proyectos art\u00edsticos que tengan relaci\u00f3n y compromiso con las necesidades y realidad de su medio social<\/div>\n<div class=\"cua-obj\">Desenvolverse en el ambiente art\u00edstico, promoviendo y autogestionando su carrera, ser conocedores y dar asesor\u00eda en asuntos de gesti\u00f3n art\u00edstica.<\/div>\n<div class=\"cua-obj\">Desempe\u00f1arse en el ambiente laboral en actividades relacionadas o afines a la carrera y su formaci\u00f3n art\u00edstica.<\/div>\n","protected":false},"excerpt":{"rendered":"<p>Los objetivos educacionales determinan los fines a lograr en un periodo de tiempo despu\u00e9s de que el estudiante culmina su formaci\u00f3n acad\u00e9mica y como egresado alcanza una presencia profesional y\/o laboral, como resultado de la preparaci\u00f3n obtenida en su formaci\u00f3n en el Programa de Estudios.<\/p>\n","protected":false},"author":9,"featured_media":1246,"parent":0,"menu_order":0,"comment_status":"closed","ping_status":"closed","template":"","meta":{"_acf_changed":false,"footnotes":""},"class_list":["post-2619","page","type-page","status-publish","has-post-thumbnail","hentry"],"acf":[],"_links":{"self":[{"href":"https:\/\/ffh.unsa.edu.pe\/artes\/wp-json\/wp\/v2\/pages\/2619","targetHints":{"allow":["GET"]}}],"collection":[{"href":"https:\/\/ffh.unsa.edu.pe\/artes\/wp-json\/wp\/v2\/pages"}],"about":[{"href":"https:\/\/ffh.unsa.edu.pe\/artes\/wp-json\/wp\/v2\/types\/page"}],"author":[{"embeddable":true,"href":"https:\/\/ffh.unsa.edu.pe\/artes\/wp-json\/wp\/v2\/users\/9"}],"replies":[{"embeddable":true,"href":"https:\/\/ffh.unsa.edu.pe\/artes\/wp-json\/wp\/v2\/comments?post=2619"}],"version-history":[{"count":3,"href":"https:\/\/ffh.unsa.edu.pe\/artes\/wp-json\/wp\/v2\/pages\/2619\/revisions"}],"predecessor-version":[{"id":2628,"href":"https:\/\/ffh.unsa.edu.pe\/artes\/wp-json\/wp\/v2\/pages\/2619\/revisions\/2628"}],"wp:featuredmedia":[{"embeddable":true,"href":"https:\/\/ffh.unsa.edu.pe\/artes\/wp-json\/wp\/v2\/media\/1246"}],"wp:attachment":[{"href":"https:\/\/ffh.unsa.edu.pe\/artes\/wp-json\/wp\/v2\/media?parent=2619"}],"curies":[{"name":"wp","href":"https:\/\/api.w.org\/{rel}","templated":true}]}}