{"id":2703,"date":"2021-07-24T11:20:52","date_gmt":"2021-07-24T16:20:52","guid":{"rendered":"https:\/\/ffh.unsa.edu.pe\/artes\/?page_id=2703"},"modified":"2023-08-31T17:48:39","modified_gmt":"2023-08-31T22:48:39","slug":"guia-de-admision-musica","status":"publish","type":"page","link":"https:\/\/ffh.unsa.edu.pe\/artes\/guia-de-admision-musica\/","title":{"rendered":"GU\u00cdA DE ADMISI\u00d3N M\u00daSICA 2023"},"content":{"rendered":"<p><img loading=\"lazy\" decoding=\"async\" class=\"aligncenter wp-image-2735\" src=\"https:\/\/ffh.unsa.edu.pe\/artes\/wp-content\/uploads\/sites\/2\/2021\/07\/guia-musica-final.jpg\" alt=\"\" width=\"834\" height=\"188\" srcset=\"https:\/\/ffh.unsa.edu.pe\/artes\/wp-content\/uploads\/sites\/2\/2021\/07\/guia-musica-final.jpg 1197w, https:\/\/ffh.unsa.edu.pe\/artes\/wp-content\/uploads\/sites\/2\/2021\/07\/guia-musica-final-768x173.jpg 768w\" sizes=\"auto, (max-width: 834px) 100vw, 834px\" \/><\/p>\n<p>La presente gu\u00eda tiene como finalidad orientar al postulante a la carrera profesional de m\u00fasica en el proceso de evaluaci\u00f3n del perfil vocacional.<br \/>\nLos postulantes al Programa de Artes se someter\u00e1n a una evaluaci\u00f3n de perfil vocacional de car\u00e1cter obligatorio, teniendo una valoraci\u00f3n del 50% del puntaje total. Dicho puntaje obtenido en la evaluaci\u00f3n del perfil vocacional ser\u00e1 v\u00e1lido \u00fanicamente para la modalidad y fase en la que est\u00e1n siendo evaluados los postulantes.<br \/>\nLas evaluaciones se tomar\u00e1n en la fecha, hora y local publicados en la p\u00e1gina web de la Universidad y en la oficina de la DUA, de lo cual los postulantes deber\u00e1n tomar debido conocimiento.<br \/>\nLa Evaluaci\u00f3n de Perfil Vocacional para la especialidad de m\u00fasica incluir\u00e1 las siguientes fases de evaluaci\u00f3n:<\/p>\n<p>&nbsp;<\/p>\n<p><img loading=\"lazy\" decoding=\"async\" class=\"aligncenter size-full wp-image-3644\" src=\"https:\/\/ffh.unsa.edu.pe\/artes\/wp-content\/uploads\/sites\/2\/2023\/08\/pesos-admision.jpg\" alt=\"\" width=\"592\" height=\"387\" \/><\/p>\n<p class=\"p1\"><span class=\"s1\"><b>PERFIL DE INGRESO AL PROGRAMA DE ESTUDIOS DE <\/b><\/span><span class=\"s1\"><b>ARTES CON ESPECIALIDAD DE M\u00daSICA<\/b><\/span><\/p>\n<p class=\"p1\"><span class=\"s1\">El postulante e ingresante a la carrera de m\u00fasica deber\u00e1 evidenciar el dominio de conocimientos y aptitudes musicales, en los componentes de Instrumento principal, Lenguaje musical (Teor\u00eda, lectura y audioperceptiva) e Historia Universal de la M\u00fasica.<\/span><\/p>\n<p class=\"p1\"><span class=\"s1\">COMPONENTE: INSTRUMENTO PRINCIPAL<\/span><\/p>\n<p class=\"p1\"><span class=\"s1\">Evidencia un adecuado nivel t\u00e9cnico-interpretativo ejecutando satisfactoriamente un instrumento musical o la voz seg\u00fan el repertorio exigido para cada especialidad, demostrando autoconfianza, autocontrol y capacidad de autocr\u00edtica.<\/span><\/p>\n<p class=\"p1\"><span class=\"s1\">COMPONENTE: LENGUAJE MUSICAL (TEOR\u00cdA LECTURA Y AUDIOPERCEPTIVA)<\/span><\/p>\n<p class=\"p1\"><span class=\"s1\">Demuestra elevadas aptitudes para el estudio de la m\u00fasica como la afinaci\u00f3n, exactitud r\u00edtmica y memoria musical, as\u00ed como dominio de aspectos relacionados a teor\u00eda y solfeo con adaptabilidad y capacidad de escucha.<\/span><\/p>\n<p class=\"p1\"><span class=\"s1\">COMPONENTE: HISTORIA UNIVERSAL DE LA M\u00daSICA<\/span><\/p>\n<p class=\"p1\"><span class=\"s1\">Conoce las diversas funciones que cumple la m\u00fasica en una variedad de contextos sociales, culturales e hist\u00f3ricos y las expone de manera organizada y con capacidad cr\u00edtica.<\/span><\/p>\n<p><img loading=\"lazy\" decoding=\"async\" class=\"size-full wp-image-2814 alignleft\" src=\"https:\/\/ffh.unsa.edu.pe\/artes\/wp-content\/uploads\/sites\/2\/2021\/08\/MUS2.jpg\" alt=\"\" width=\"472\" height=\"51\" \/><\/p>\n<p>&nbsp;<\/p>\n<p>&nbsp;<\/p>\n<p style=\"text-align: left\">La gu\u00eda est\u00e1 dise\u00f1ada sobre las fases de evaluaci\u00f3n del perfil vocacional.<br \/>\nEn la fase de Ejecuci\u00f3n instrumental, el postulante tendr\u00e1 que ejecutar el contenido proporcionado para cada especialidad instrumental que contiene ejercicios obligatorios como repertorio, estudios y escalas. Para tal prop\u00f3sito, <strong>el postulante debe presentarse a la prueba con su instrumento propio, con excepci\u00f3n de los postulantes a piano y percusi\u00f3n (solo deber\u00e1n portar un par de baquetas).<\/strong><br \/>\nEn la fase de lenguaje y teor\u00eda musical incluir\u00e1 lo b\u00e1sico de la lecto-escritura musical como: el pentagrama, comp\u00e1s, figuras musicales, escalas, arpegios, intervalos. Por otro lado, en la parte pr\u00e1ctica se ejecutar\u00e1n ejercicios b\u00e1sicos de lectura musical hablada, entonada y r\u00edtmica.<br \/>\nEn la fase de perfil vocacional (examen aptitud psicol\u00f3gica) se incluye un test de perfil psicol\u00f3gico, que mide los aspectos neurol\u00f3gicos, intereses, personalidad, h\u00e1bitos de estudio y valores.<br \/>\nEs importante cubrir todos los aspectos antes se\u00f1alados para presentar este examen, ya que el desempe\u00f1o de la evaluaci\u00f3n del perfil vocacional conjuntamente con el examen de conocimientos, es el que determinar\u00e1 el ingreso al Programa de Estudios de Artes con Especialidad de M\u00fasica.<\/p>\n<p>&nbsp;<\/p>\n<p><img loading=\"lazy\" decoding=\"async\" class=\"size-full wp-image-2815 alignleft\" src=\"https:\/\/ffh.unsa.edu.pe\/artes\/wp-content\/uploads\/sites\/2\/2021\/08\/MUS3.jpg\" alt=\"\" width=\"252\" height=\"56\" \/><\/p>\n<p>&nbsp;<\/p>\n<p>&nbsp;<\/p>\n<p>&nbsp;<\/p>\n<p style=\"text-align: left\">Para la ejecuci\u00f3n instrumental el postulante deber\u00e1 presentarse con lo siguiente:<\/p>\n<p>&nbsp;<\/p>\n<p><img loading=\"lazy\" decoding=\"async\" class=\"aligncenter wp-image-2933\" src=\"https:\/\/ffh.unsa.edu.pe\/artes\/wp-content\/uploads\/sites\/2\/2021\/10\/VIOLIN-2-MODIFICADO.jpg\" alt=\"\" width=\"597\" height=\"264\" srcset=\"https:\/\/ffh.unsa.edu.pe\/artes\/wp-content\/uploads\/sites\/2\/2021\/10\/VIOLIN-2-MODIFICADO.jpg 1360w, https:\/\/ffh.unsa.edu.pe\/artes\/wp-content\/uploads\/sites\/2\/2021\/10\/VIOLIN-2-MODIFICADO-768x340.jpg 768w\" sizes=\"auto, (max-width: 597px) 100vw, 597px\" \/><\/p>\n<p><img loading=\"lazy\" decoding=\"async\" class=\"aligncenter size-full wp-image-2821\" src=\"https:\/\/ffh.unsa.edu.pe\/artes\/wp-content\/uploads\/sites\/2\/2021\/08\/MUS5.jpg\" alt=\"\" width=\"607\" height=\"552\" \/><\/p>\n<p>&nbsp;<\/p>\n<p>&nbsp;<\/p>\n<p><img loading=\"lazy\" decoding=\"async\" class=\"aligncenter size-full wp-image-2823\" src=\"https:\/\/ffh.unsa.edu.pe\/artes\/wp-content\/uploads\/sites\/2\/2021\/08\/MUS6.jpg\" alt=\"\" width=\"604\" height=\"763\" \/><\/p>\n<p>&nbsp;<\/p>\n<p><img loading=\"lazy\" decoding=\"async\" class=\"aligncenter size-full wp-image-2825\" src=\"https:\/\/ffh.unsa.edu.pe\/artes\/wp-content\/uploads\/sites\/2\/2021\/08\/MUS7.jpg\" alt=\"\" width=\"603\" height=\"444\" \/><\/p>\n<p>&nbsp;<\/p>\n<p><img loading=\"lazy\" decoding=\"async\" class=\"aligncenter size-full wp-image-2884\" src=\"https:\/\/ffh.unsa.edu.pe\/artes\/wp-content\/uploads\/sites\/2\/2021\/08\/M2.jpg\" alt=\"\" width=\"610\" height=\"364\" \/><\/p>\n<p>&nbsp;<\/p>\n<p><img loading=\"lazy\" decoding=\"async\" class=\"aligncenter size-full wp-image-2885\" src=\"https:\/\/ffh.unsa.edu.pe\/artes\/wp-content\/uploads\/sites\/2\/2021\/08\/M3.jpg\" alt=\"\" width=\"612\" height=\"483\" \/><\/p>\n<p>&nbsp;<\/p>\n<p><img loading=\"lazy\" decoding=\"async\" class=\"aligncenter size-full wp-image-2828\" src=\"https:\/\/ffh.unsa.edu.pe\/artes\/wp-content\/uploads\/sites\/2\/2021\/08\/MUS10.jpg\" alt=\"\" width=\"604\" height=\"291\" \/><\/p>\n<p>&nbsp;<\/p>\n<p><img loading=\"lazy\" decoding=\"async\" class=\"aligncenter size-full wp-image-2829\" src=\"https:\/\/ffh.unsa.edu.pe\/artes\/wp-content\/uploads\/sites\/2\/2021\/08\/MUS11.jpg\" alt=\"\" width=\"605\" height=\"883\" \/><\/p>\n<p>&nbsp;<\/p>\n<p><img loading=\"lazy\" decoding=\"async\" class=\"aligncenter size-full wp-image-2830\" src=\"https:\/\/ffh.unsa.edu.pe\/artes\/wp-content\/uploads\/sites\/2\/2021\/08\/MUS12.jpg\" alt=\"\" width=\"605\" height=\"146\" \/><\/p>\n<p><img loading=\"lazy\" decoding=\"async\" class=\"aligncenter wp-image-2934\" src=\"https:\/\/ffh.unsa.edu.pe\/artes\/wp-content\/uploads\/sites\/2\/2021\/10\/ARPA.jpg\" alt=\"\" width=\"598\" height=\"105\" srcset=\"https:\/\/ffh.unsa.edu.pe\/artes\/wp-content\/uploads\/sites\/2\/2021\/10\/ARPA.jpg 1352w, https:\/\/ffh.unsa.edu.pe\/artes\/wp-content\/uploads\/sites\/2\/2021\/10\/ARPA-768x135.jpg 768w\" sizes=\"auto, (max-width: 598px) 100vw, 598px\" \/><\/p>\n<p><img loading=\"lazy\" decoding=\"async\" class=\"size-full wp-image-2832 alignleft\" src=\"https:\/\/ffh.unsa.edu.pe\/artes\/wp-content\/uploads\/sites\/2\/2021\/08\/MUS13.jpg\" alt=\"\" width=\"187\" height=\"105\" \/><\/p>\n<p>&nbsp;<\/p>\n<p>&nbsp;<\/p>\n<p>&nbsp;<\/p>\n<p>&nbsp;<\/p>\n<p><span style=\"color: #993300\">a. Intervalos:<\/span><br \/>\nLos intervalos indican la altura o distancia que existe entre dos notas musicales, se miden por tonos y semitonos.<\/p>\n<p><img loading=\"lazy\" decoding=\"async\" class=\"aligncenter size-full wp-image-3455\" src=\"https:\/\/ffh.unsa.edu.pe\/artes\/wp-content\/uploads\/sites\/2\/2022\/09\/Captura-de-Pantalla-2022-09-13-a-las-1.04.24-a.-m..png\" alt=\"\" width=\"505\" height=\"218\" \/><\/p>\n<p>&nbsp;<\/p>\n<p><span style=\"color: #993300\">b. Escalas musicales:<\/span><br \/>\nTono y semitono: Las notas de la escala no guardan igual espacio entre s\u00ed: entre unos la distancia es mayor (TONO), y entre otros es menor (SEMITONO)<\/p>\n<p><img loading=\"lazy\" decoding=\"async\" class=\"aligncenter size-full wp-image-2835\" src=\"https:\/\/ffh.unsa.edu.pe\/artes\/wp-content\/uploads\/sites\/2\/2021\/08\/MUSI2.jpg\" alt=\"\" width=\"693\" height=\"193\" \/><\/p>\n<p>Todas las escalas mayores, al igual que la escala de Do, tiene esta misma estructura de tonos y semitonos es decir:<\/p>\n<p><img loading=\"lazy\" decoding=\"async\" class=\"size-full wp-image-2836 aligncenter\" src=\"https:\/\/ffh.unsa.edu.pe\/artes\/wp-content\/uploads\/sites\/2\/2021\/08\/MUSI8.jpg\" alt=\"\" width=\"612\" height=\"44\" \/><\/p>\n<p>&nbsp;<\/p>\n<p><img loading=\"lazy\" decoding=\"async\" class=\"size-full wp-image-2837 alignleft\" src=\"https:\/\/ffh.unsa.edu.pe\/artes\/wp-content\/uploads\/sites\/2\/2021\/08\/MUS14.jpg\" alt=\"\" width=\"191\" height=\"25\" \/><\/p>\n<p>&nbsp;<\/p>\n<p>&nbsp;<\/p>\n<p><img loading=\"lazy\" decoding=\"async\" class=\"aligncenter size-full wp-image-2838\" src=\"https:\/\/ffh.unsa.edu.pe\/artes\/wp-content\/uploads\/sites\/2\/2021\/08\/MUSI3.jpg\" alt=\"\" width=\"837\" height=\"447\" srcset=\"https:\/\/ffh.unsa.edu.pe\/artes\/wp-content\/uploads\/sites\/2\/2021\/08\/MUSI3.jpg 837w, https:\/\/ffh.unsa.edu.pe\/artes\/wp-content\/uploads\/sites\/2\/2021\/08\/MUSI3-768x410.jpg 768w\" sizes=\"auto, (max-width: 837px) 100vw, 837px\" \/><\/p>\n<p>&nbsp;<\/p>\n<p>&nbsp;<\/p>\n<p><img loading=\"lazy\" decoding=\"async\" class=\"aligncenter size-full wp-image-2839\" src=\"https:\/\/ffh.unsa.edu.pe\/artes\/wp-content\/uploads\/sites\/2\/2021\/08\/MUSI4.jpg\" alt=\"\" width=\"718\" height=\"206\" \/><\/p>\n<p>&nbsp;<\/p>\n<p><img loading=\"lazy\" decoding=\"async\" class=\"size-full wp-image-2840 alignleft\" src=\"https:\/\/ffh.unsa.edu.pe\/artes\/wp-content\/uploads\/sites\/2\/2021\/08\/MUS15.jpg\" alt=\"\" width=\"310\" height=\"24\" \/><\/p>\n<p>&nbsp;<\/p>\n<p>&nbsp;<\/p>\n<p><span style=\"color: #993300\">a. Lectura Hablada:<\/span><\/p>\n<p><img loading=\"lazy\" decoding=\"async\" class=\"aligncenter size-full wp-image-2841\" src=\"https:\/\/ffh.unsa.edu.pe\/artes\/wp-content\/uploads\/sites\/2\/2021\/08\/MUSI5.jpg\" alt=\"\" width=\"924\" height=\"353\" srcset=\"https:\/\/ffh.unsa.edu.pe\/artes\/wp-content\/uploads\/sites\/2\/2021\/08\/MUSI5.jpg 924w, https:\/\/ffh.unsa.edu.pe\/artes\/wp-content\/uploads\/sites\/2\/2021\/08\/MUSI5-768x293.jpg 768w\" sizes=\"auto, (max-width: 924px) 100vw, 924px\" \/><\/p>\n<p>&nbsp;<\/p>\n<p>&nbsp;<\/p>\n<p><span style=\"color: #993300\">b. Lectura Cantada:<\/span><\/p>\n<p style=\"text-align: center\"><img loading=\"lazy\" decoding=\"async\" class=\"aligncenter size-full wp-image-2842\" src=\"https:\/\/ffh.unsa.edu.pe\/artes\/wp-content\/uploads\/sites\/2\/2021\/08\/MUSI6.jpg\" alt=\"\" width=\"664\" height=\"517\" \/><\/p>\n<p style=\"text-align: center\"><span style=\"color: #993300\">RECURSOS PARA PRACTICAR<\/span><\/p>\n<p style=\"text-align: center\">Identificaci\u00f3n te\u00f3rica de 3m, 3M, 5J y 8J- 20 minutos Clave de Sol<br \/>\n<a href=\"https:\/\/www.musictheory.net\/exercises\/interval\/bg1yryyejbydnywyyk\">https:\/\/www.musictheory.net\/exercises\/interval\/bg1yryyejbydnywyyk<\/a><\/p>\n<p style=\"text-align: center\">Identificaci\u00f3n auditiva de 3m, 3M, 5J y 8J- 20 minutos<br \/>\n<a href=\"https:\/\/www.musictheory.net\/exercises\/ear-interval\/arrdnyn8seyyywyy\">https:\/\/www.musictheory.net\/exercises\/ear-interval\/arrdnyn8seyyywyy<\/a><\/p>\n<p style=\"text-align: center\">Dictado de notas sueltas con el Do3 de referencia- 20 minutos<br \/>\n<a href=\"https:\/\/www.musictheory.net\/exercises\/ear-note\/iinbhnngnebynwyy\">https:\/\/www.musictheory.net\/exercises\/ear-note\/iinbhnngnebynwyy<\/a><\/p>\n<p>&nbsp;<\/p>\n<p><img loading=\"lazy\" decoding=\"async\" class=\"size-full wp-image-2844 alignleft\" src=\"https:\/\/ffh.unsa.edu.pe\/artes\/wp-content\/uploads\/sites\/2\/2021\/08\/MUS16.jpg\" alt=\"\" width=\"244\" height=\"24\" \/><\/p>\n<p>&nbsp;<\/p>\n<p>&nbsp;<\/p>\n<p><img loading=\"lazy\" decoding=\"async\" class=\"aligncenter size-full wp-image-2845\" src=\"https:\/\/ffh.unsa.edu.pe\/artes\/wp-content\/uploads\/sites\/2\/2021\/08\/MUS17.jpg\" alt=\"\" width=\"608\" height=\"293\" \/><\/p>\n<p>&nbsp;<\/p>\n<p>&nbsp;<\/p>\n<p><img loading=\"lazy\" decoding=\"async\" class=\"size-full wp-image-2904 aligncenter\" src=\"https:\/\/ffh.unsa.edu.pe\/artes\/wp-content\/uploads\/sites\/2\/2021\/08\/PRE-HIST-1.jpg\" alt=\"\" width=\"1055\" height=\"221\" srcset=\"https:\/\/ffh.unsa.edu.pe\/artes\/wp-content\/uploads\/sites\/2\/2021\/08\/PRE-HIST-1.jpg 1055w, https:\/\/ffh.unsa.edu.pe\/artes\/wp-content\/uploads\/sites\/2\/2021\/08\/PRE-HIST-1-768x161.jpg 768w\" sizes=\"auto, (max-width: 1055px) 100vw, 1055px\" \/><\/p>\n<p><img loading=\"lazy\" decoding=\"async\" class=\"aligncenter size-full wp-image-2897\" src=\"https:\/\/ffh.unsa.edu.pe\/artes\/wp-content\/uploads\/sites\/2\/2021\/08\/ANTIG.jpg\" alt=\"\" width=\"1056\" height=\"239\" srcset=\"https:\/\/ffh.unsa.edu.pe\/artes\/wp-content\/uploads\/sites\/2\/2021\/08\/ANTIG.jpg 1056w, https:\/\/ffh.unsa.edu.pe\/artes\/wp-content\/uploads\/sites\/2\/2021\/08\/ANTIG-768x174.jpg 768w\" sizes=\"auto, (max-width: 1056px) 100vw, 1056px\" \/><\/p>\n<p><img loading=\"lazy\" decoding=\"async\" class=\"size-full wp-image-2898 aligncenter\" src=\"https:\/\/ffh.unsa.edu.pe\/artes\/wp-content\/uploads\/sites\/2\/2021\/08\/EDAD-MED.jpg\" alt=\"\" width=\"1055\" height=\"238\" srcset=\"https:\/\/ffh.unsa.edu.pe\/artes\/wp-content\/uploads\/sites\/2\/2021\/08\/EDAD-MED.jpg 1055w, https:\/\/ffh.unsa.edu.pe\/artes\/wp-content\/uploads\/sites\/2\/2021\/08\/EDAD-MED-768x173.jpg 768w\" sizes=\"auto, (max-width: 1055px) 100vw, 1055px\" \/><\/p>\n<p><img loading=\"lazy\" decoding=\"async\" class=\"aligncenter size-full wp-image-2899\" src=\"https:\/\/ffh.unsa.edu.pe\/artes\/wp-content\/uploads\/sites\/2\/2021\/08\/RENAC.jpg\" alt=\"\" width=\"1058\" height=\"222\" srcset=\"https:\/\/ffh.unsa.edu.pe\/artes\/wp-content\/uploads\/sites\/2\/2021\/08\/RENAC.jpg 1058w, https:\/\/ffh.unsa.edu.pe\/artes\/wp-content\/uploads\/sites\/2\/2021\/08\/RENAC-768x161.jpg 768w\" sizes=\"auto, (max-width: 1058px) 100vw, 1058px\" \/><\/p>\n<p><img loading=\"lazy\" decoding=\"async\" class=\"size-full wp-image-2900 aligncenter\" src=\"https:\/\/ffh.unsa.edu.pe\/artes\/wp-content\/uploads\/sites\/2\/2021\/08\/BARROCO.jpg\" alt=\"\" width=\"1056\" height=\"315\" srcset=\"https:\/\/ffh.unsa.edu.pe\/artes\/wp-content\/uploads\/sites\/2\/2021\/08\/BARROCO.jpg 1056w, https:\/\/ffh.unsa.edu.pe\/artes\/wp-content\/uploads\/sites\/2\/2021\/08\/BARROCO-768x229.jpg 768w\" sizes=\"auto, (max-width: 1056px) 100vw, 1056px\" \/><\/p>\n<p><img loading=\"lazy\" decoding=\"async\" class=\"aligncenter size-full wp-image-2901\" src=\"https:\/\/ffh.unsa.edu.pe\/artes\/wp-content\/uploads\/sites\/2\/2021\/08\/CLASIC.jpg\" alt=\"\" width=\"1057\" height=\"498\" srcset=\"https:\/\/ffh.unsa.edu.pe\/artes\/wp-content\/uploads\/sites\/2\/2021\/08\/CLASIC.jpg 1057w, https:\/\/ffh.unsa.edu.pe\/artes\/wp-content\/uploads\/sites\/2\/2021\/08\/CLASIC-768x362.jpg 768w\" sizes=\"auto, (max-width: 1057px) 100vw, 1057px\" \/><\/p>\n<p><img loading=\"lazy\" decoding=\"async\" class=\"size-full wp-image-2902 aligncenter\" src=\"https:\/\/ffh.unsa.edu.pe\/artes\/wp-content\/uploads\/sites\/2\/2021\/08\/ROMANTIC.jpg\" alt=\"\" width=\"1056\" height=\"674\" srcset=\"https:\/\/ffh.unsa.edu.pe\/artes\/wp-content\/uploads\/sites\/2\/2021\/08\/ROMANTIC.jpg 1056w, https:\/\/ffh.unsa.edu.pe\/artes\/wp-content\/uploads\/sites\/2\/2021\/08\/ROMANTIC-768x490.jpg 768w\" sizes=\"auto, (max-width: 1056px) 100vw, 1056px\" \/><\/p>\n<p><img loading=\"lazy\" decoding=\"async\" class=\"aligncenter size-full wp-image-2903\" src=\"https:\/\/ffh.unsa.edu.pe\/artes\/wp-content\/uploads\/sites\/2\/2021\/08\/MODERNA.jpg\" alt=\"\" width=\"1056\" height=\"674\" srcset=\"https:\/\/ffh.unsa.edu.pe\/artes\/wp-content\/uploads\/sites\/2\/2021\/08\/MODERNA.jpg 1056w, https:\/\/ffh.unsa.edu.pe\/artes\/wp-content\/uploads\/sites\/2\/2021\/08\/MODERNA-768x490.jpg 768w\" sizes=\"auto, (max-width: 1056px) 100vw, 1056px\" \/><\/p>\n<p>&nbsp;<\/p>\n<p>&nbsp;<\/p>\n<p><img loading=\"lazy\" decoding=\"async\" class=\"size-full wp-image-2853 alignleft\" src=\"https:\/\/ffh.unsa.edu.pe\/artes\/wp-content\/uploads\/sites\/2\/2021\/08\/MUS26.jpg\" alt=\"\" width=\"519\" height=\"55\" \/><\/p>\n<p>&nbsp;<\/p>\n<p>&nbsp;<\/p>\n<p>&nbsp;<\/p>\n<p>La tercera fase es la Evaluaci\u00f3n Psicot\u00e9cnica que est\u00e1 organizada por la Oficina de Admisi\u00f3n de nuestra Universidad, para tal fin el postulante desarrollar\u00e1 un test psicol\u00f3gico, con la finalidad de medir las aptitudes y cualidades con respecto a la carrera profesional que tienen los postulantes al programa de estudios.<\/p>\n<p>&nbsp;<\/p>\n<p><a href=\"https:\/\/ffh.unsa.edu.pe\/artes\/wp-content\/uploads\/sites\/2\/2023\/08\/GUIA-ADMISION-MUSICA-2023.pdf\" target=\"_blank\" rel=\"noopener\"><img loading=\"lazy\" decoding=\"async\" class=\"alignleft wp-image-2856 size-full\" src=\"https:\/\/ffh.unsa.edu.pe\/artes\/wp-content\/uploads\/sites\/2\/2021\/08\/PDF.jpg\" alt=\"\" width=\"171\" height=\"28\" \/><\/a><\/p>\n<p>&nbsp;<\/p>\n<p>&nbsp;<\/p>\n<p>&nbsp;<\/p>\n<h6 style=\"text-align: center\">COMISI\u00d3N PERMANENTE DE ADMISI\u00d3N DE EVALUACI\u00d3N DE APTITUD ART\u00cdSTICA DE LA ESCUELA PROFESIONAL DE ARTES 2021<\/h6>\n<p>&nbsp;<\/p>\n","protected":false},"excerpt":{"rendered":"<p>La presente gu\u00eda tiene como finalidad orientar al postulante a la carrera profesional de m\u00fasica en el proceso de evaluaci\u00f3n del perfil vocacional. Los postulantes al Programa de Artes se someter\u00e1n a una evaluaci\u00f3n de perfil vocacional de car\u00e1cter obligatorio, teniendo una valoraci\u00f3n del 50% del puntaje total. Dicho puntaje obtenido en la evaluaci\u00f3n del [&hellip;]<\/p>\n","protected":false},"author":9,"featured_media":0,"parent":0,"menu_order":0,"comment_status":"closed","ping_status":"closed","template":"","meta":{"_acf_changed":false,"footnotes":""},"class_list":["post-2703","page","type-page","status-publish","hentry"],"acf":[],"_links":{"self":[{"href":"https:\/\/ffh.unsa.edu.pe\/artes\/wp-json\/wp\/v2\/pages\/2703","targetHints":{"allow":["GET"]}}],"collection":[{"href":"https:\/\/ffh.unsa.edu.pe\/artes\/wp-json\/wp\/v2\/pages"}],"about":[{"href":"https:\/\/ffh.unsa.edu.pe\/artes\/wp-json\/wp\/v2\/types\/page"}],"author":[{"embeddable":true,"href":"https:\/\/ffh.unsa.edu.pe\/artes\/wp-json\/wp\/v2\/users\/9"}],"replies":[{"embeddable":true,"href":"https:\/\/ffh.unsa.edu.pe\/artes\/wp-json\/wp\/v2\/comments?post=2703"}],"version-history":[{"count":59,"href":"https:\/\/ffh.unsa.edu.pe\/artes\/wp-json\/wp\/v2\/pages\/2703\/revisions"}],"predecessor-version":[{"id":3650,"href":"https:\/\/ffh.unsa.edu.pe\/artes\/wp-json\/wp\/v2\/pages\/2703\/revisions\/3650"}],"wp:attachment":[{"href":"https:\/\/ffh.unsa.edu.pe\/artes\/wp-json\/wp\/v2\/media?parent=2703"}],"curies":[{"name":"wp","href":"https:\/\/api.w.org\/{rel}","templated":true}]}}