{"id":2719,"date":"2021-07-24T12:15:23","date_gmt":"2021-07-24T17:15:23","guid":{"rendered":"https:\/\/ffh.unsa.edu.pe\/artes\/?page_id=2719"},"modified":"2023-08-31T17:49:43","modified_gmt":"2023-08-31T22:49:43","slug":"guia-de-admision-plasticas","status":"publish","type":"page","link":"https:\/\/ffh.unsa.edu.pe\/artes\/guia-de-admision-plasticas\/","title":{"rendered":"GU\u00cdA DE ADMISI\u00d3N PL\u00c1STICAS 2023"},"content":{"rendered":"<p><img loading=\"lazy\" decoding=\"async\" class=\"aligncenter wp-image-2739\" src=\"https:\/\/ffh.unsa.edu.pe\/artes\/wp-content\/uploads\/sites\/2\/2021\/07\/guia-plasticas-final.jpg\" alt=\"\" width=\"838\" height=\"164\" srcset=\"https:\/\/ffh.unsa.edu.pe\/artes\/wp-content\/uploads\/sites\/2\/2021\/07\/guia-plasticas-final.jpg 1196w, https:\/\/ffh.unsa.edu.pe\/artes\/wp-content\/uploads\/sites\/2\/2021\/07\/guia-plasticas-final-768x150.jpg 768w\" sizes=\"auto, (max-width: 838px) 100vw, 838px\" \/><\/p>\n<p>La presente gu\u00eda tiene como finalidad orientar al postulante a la carrera profesional de artes en la especialidad de Artes Pl\u00e1sticas para el proceso de Evaluaci\u00f3n del Perfil Vocacional.<\/p>\n<p>Los postulantes al Programa de Artes se someter\u00e1n a una evaluaci\u00f3n de perfil vocacional de car\u00e1cter obligatorio, teniendo una valoraci\u00f3n del 50% del puntaje total. Dicho puntaje obtenido en la evaluaci\u00f3n del perfil vocacional ser\u00e1 v\u00e1lido \u00fanicamente para la modalidad y fase en la que est\u00e1n siendo evaluados los postulantes.<\/p>\n<p>Las evaluaciones se tomar\u00e1n en la fecha, hora y local publicados oportunamente en la p\u00e1gina Web de la Universidad, p\u00e1gina Web de la Escuela Profesional de Artes y en la oficina de la DUA, de lo cual los postulantes deber\u00e1n tomar el debido conocimiento.<\/p>\n<p>La Evaluaci\u00f3n de Perfil Vocacional para la especialidad de Artes Pl\u00e1sticas incluir\u00e1 las siguientes fases de evaluaci\u00f3n:<\/p>\n<p>&nbsp;<\/p>\n<p><img loading=\"lazy\" decoding=\"async\" class=\"aligncenter size-full wp-image-2866\" src=\"https:\/\/ffh.unsa.edu.pe\/artes\/wp-content\/uploads\/sites\/2\/2021\/08\/PLAS1.jpg\" alt=\"\" width=\"632\" height=\"410\" \/><\/p>\n<p>El postulante desarrollar\u00e1 la competencia establecida para la Evaluaci\u00f3n de Perfil Vocacional para la especialidad de Artes Pl\u00e1sticas, en cuanto a los procedimientos de dibujo y pintura.<\/p>\n<p><img loading=\"lazy\" decoding=\"async\" class=\"aligncenter size-full wp-image-2867\" src=\"https:\/\/ffh.unsa.edu.pe\/artes\/wp-content\/uploads\/sites\/2\/2021\/08\/PLAS2.jpg\" alt=\"\" width=\"650\" height=\"530\" \/><\/p>\n<p><img loading=\"lazy\" decoding=\"async\" class=\"size-full wp-image-2868 alignleft\" src=\"https:\/\/ffh.unsa.edu.pe\/artes\/wp-content\/uploads\/sites\/2\/2021\/08\/PLAS3.jpg\" alt=\"\" width=\"499\" height=\"50\" \/><\/p>\n<p>&nbsp;<\/p>\n<p>&nbsp;<\/p>\n<p>La gu\u00eda est\u00e1 dise\u00f1ada considerando las fases de Evaluaci\u00f3n del Perfil Vocacional. En la fase de Ejecuci\u00f3n Pl\u00e1stica, el postulante pondr\u00e1 en evidencia el conocimiento pr\u00e1ctico de la t\u00e9cnica que elegir\u00e1 para desarrollar su trabajo a presentar.<br \/>\nPara tal fin, el postulante deber\u00e1 desarrollar un Bodeg\u00f3n, inicialmente en un primer momento con una estructura en dibujo sobre el soporte apropiado que elija, considerando que en otro momento deber\u00e1 sobre este dibujo desarrollar la pintura. En la elaboraci\u00f3n del dibujo el postulante demostrar\u00e1 el proceso de construcci\u00f3n geom\u00e9trica, estructura, proporci\u00f3n y composici\u00f3n espacial de cada uno de los elementos que haya elegido para la representaci\u00f3n del Bodeg\u00f3n. En la ejecuci\u00f3n de su pintura, de la misma manera, teniendo en cuenta la t\u00e9cnica pict\u00f3rica elegida el postulante deber\u00e1 de continuar con el proceso creativo demostrando manejo de los materiales e instrumentos, interacci\u00f3n del color, manejo del volumen en la representaci\u00f3n de la luz y la sombra, representaci\u00f3n de calidades y texturas en su obra.<br \/>\nPara la segunda fase, la comisi\u00f3n responsable de la escuela, integrada por los docentes especialistas, realizar\u00e1n una entrevista personal en la que el postulante ser\u00e1 evaluado sobre aspectos propios de la carrera de Artes Pl\u00e1sticas: Teor\u00eda del Arte, Historia del Arte, los Maestros del Arte (universal, nacional, arequipe\u00f1o), y sumados a diversos aspectos de Cultura General en base a la naturaleza de la especialidad.<br \/>\nEn la tercera fase de la Evaluaci\u00f3n Psicot\u00e9cnica est\u00e1 organizada por la Oficina de Admisi\u00f3n de nuestra Universidad, para tal fin el postulante desarrollar\u00e1 un test Psicol\u00f3gico.<br \/>\nLos postulantes a la Especialidad de Artes Pl\u00e1sticas deben cumplir con todo el proceso antes se\u00f1alado, ya que su desempe\u00f1o en la Evaluaci\u00f3n del Perfil Vocacional conjuntamente con el examen de conocimientos, determinar\u00e1n la posibilidad de ingreso a la Escuela Profesional de Artes especialidad de Pl\u00e1sticas.<\/p>\n<p><img loading=\"lazy\" decoding=\"async\" class=\"aligncenter size-full wp-image-2869\" src=\"https:\/\/ffh.unsa.edu.pe\/artes\/wp-content\/uploads\/sites\/2\/2021\/08\/PLAS4.jpg\" alt=\"\" width=\"652\" height=\"288\" \/><\/p>\n<p>&nbsp;<\/p>\n<p><img loading=\"lazy\" decoding=\"async\" class=\"size-full wp-image-2870 alignleft\" src=\"https:\/\/ffh.unsa.edu.pe\/artes\/wp-content\/uploads\/sites\/2\/2021\/08\/PLAS5.jpg\" alt=\"\" width=\"572\" height=\"86\" \/><\/p>\n<p>&nbsp;<\/p>\n<p>&nbsp;<\/p>\n<p>&nbsp;<\/p>\n<p>&nbsp;<\/p>\n<p>Para la evaluaci\u00f3n art\u00edstica el Postulante deber\u00e1 presentarse con los siguientes materiales seg\u00fan sea la t\u00e9cnica que vaya a desarrollar:<\/p>\n<p><img loading=\"lazy\" decoding=\"async\" class=\"aligncenter size-full wp-image-2871\" src=\"https:\/\/ffh.unsa.edu.pe\/artes\/wp-content\/uploads\/sites\/2\/2021\/08\/PLAS6.jpg\" alt=\"\" width=\"650\" height=\"769\" \/><\/p>\n<p><img loading=\"lazy\" decoding=\"async\" class=\"aligncenter size-full wp-image-2872\" src=\"https:\/\/ffh.unsa.edu.pe\/artes\/wp-content\/uploads\/sites\/2\/2021\/08\/PLAS7.jpg\" alt=\"\" width=\"649\" height=\"968\" \/><\/p>\n<p>&nbsp;<\/p>\n<p>&nbsp;<\/p>\n<p><img loading=\"lazy\" decoding=\"async\" class=\"size-full wp-image-2873 alignleft\" src=\"https:\/\/ffh.unsa.edu.pe\/artes\/wp-content\/uploads\/sites\/2\/2021\/08\/PLAS8.jpg\" alt=\"\" width=\"643\" height=\"85\" \/><\/p>\n<p>&nbsp;<\/p>\n<p>&nbsp;<\/p>\n<p>&nbsp;<\/p>\n<p>La comisi\u00f3n responsable de la escuela de Artes Especialidad de Pl\u00e1sticas, integrada por docentes especialistas realizar\u00e1n la entrevista a cada uno de los postulantes sobre: Teor\u00eda del Arte, Historia del Arte, los Maestros del Arte (universal, nacional, arequipe\u00f1o), y sumados a diversos aspectos de Cultura General en base a la naturaleza de la especialidad.<\/p>\n<p><img loading=\"lazy\" decoding=\"async\" class=\"aligncenter size-full wp-image-2874\" src=\"https:\/\/ffh.unsa.edu.pe\/artes\/wp-content\/uploads\/sites\/2\/2021\/08\/PLAS9.jpg\" alt=\"\" width=\"651\" height=\"680\" \/><\/p>\n<p>&nbsp;<\/p>\n<p>&nbsp;<\/p>\n<p><img loading=\"lazy\" decoding=\"async\" class=\"size-full wp-image-2875 alignleft\" src=\"https:\/\/ffh.unsa.edu.pe\/artes\/wp-content\/uploads\/sites\/2\/2021\/08\/PLAS10.jpg\" alt=\"\" width=\"556\" height=\"61\" \/><\/p>\n<p>&nbsp;<\/p>\n<p>&nbsp;<\/p>\n<p>&nbsp;<\/p>\n<p>En la tercera fase de la Evaluaci\u00f3n Psicot\u00e9cnica est\u00e1 organizada por la Oficina de Admisi\u00f3n de nuestra Universidad, para tal fin el postulante desarrollar\u00e1 un test Psicol\u00f3gico, con la finalidad de medir las aptitudes y cualidades con respecto a la carrera profesional que tienen los postulantes al programa de estudios.<\/p>\n<p>&nbsp;<\/p>\n<p><a href=\"https:\/\/ffh.unsa.edu.pe\/artes\/wp-content\/uploads\/sites\/2\/2021\/08\/GUIA-ADMISION-PLASTICAS-webF.pages_.pdf\" target=\"_blank\" rel=\"noopener\"><img loading=\"lazy\" decoding=\"async\" class=\"aligncenter wp-image-2856 size-full\" src=\"https:\/\/ffh.unsa.edu.pe\/artes\/wp-content\/uploads\/sites\/2\/2021\/08\/PDF.jpg\" alt=\"\" width=\"171\" height=\"28\" \/><\/a><\/p>\n<p>&nbsp;<\/p>\n<h6 style=\"text-align: center\">COMISI\u00d3N PERMANENTE DE ADMISI\u00d3N DE EVALUACI\u00d3N DE APTITUD ART\u00cdSTICA DE LA ESCUELA PROFESIONAL DE ARTES 2021<\/h6>\n<p>&nbsp;<\/p>\n<p>&nbsp;<\/p>\n<p>&nbsp;<\/p>\n<p>&nbsp;<\/p>\n<p>&nbsp;<\/p>\n<p>&nbsp;<\/p>\n<p>&nbsp;<\/p>\n<p>&nbsp;<\/p>\n<p>&nbsp;<\/p>\n","protected":false},"excerpt":{"rendered":"<p>La presente gu\u00eda tiene como finalidad orientar al postulante a la carrera profesional de artes en la especialidad de Artes Pl\u00e1sticas para el proceso de Evaluaci\u00f3n del Perfil Vocacional. Los postulantes al Programa de Artes se someter\u00e1n a una evaluaci\u00f3n de perfil vocacional de car\u00e1cter obligatorio, teniendo una valoraci\u00f3n del 50% del puntaje total. Dicho [&hellip;]<\/p>\n","protected":false},"author":9,"featured_media":0,"parent":0,"menu_order":0,"comment_status":"closed","ping_status":"closed","template":"","meta":{"_acf_changed":false,"footnotes":""},"class_list":["post-2719","page","type-page","status-publish","hentry"],"acf":[],"_links":{"self":[{"href":"https:\/\/ffh.unsa.edu.pe\/artes\/wp-json\/wp\/v2\/pages\/2719","targetHints":{"allow":["GET"]}}],"collection":[{"href":"https:\/\/ffh.unsa.edu.pe\/artes\/wp-json\/wp\/v2\/pages"}],"about":[{"href":"https:\/\/ffh.unsa.edu.pe\/artes\/wp-json\/wp\/v2\/types\/page"}],"author":[{"embeddable":true,"href":"https:\/\/ffh.unsa.edu.pe\/artes\/wp-json\/wp\/v2\/users\/9"}],"replies":[{"embeddable":true,"href":"https:\/\/ffh.unsa.edu.pe\/artes\/wp-json\/wp\/v2\/comments?post=2719"}],"version-history":[{"count":10,"href":"https:\/\/ffh.unsa.edu.pe\/artes\/wp-json\/wp\/v2\/pages\/2719\/revisions"}],"predecessor-version":[{"id":3651,"href":"https:\/\/ffh.unsa.edu.pe\/artes\/wp-json\/wp\/v2\/pages\/2719\/revisions\/3651"}],"wp:attachment":[{"href":"https:\/\/ffh.unsa.edu.pe\/artes\/wp-json\/wp\/v2\/media?parent=2719"}],"curies":[{"name":"wp","href":"https:\/\/api.w.org\/{rel}","templated":true}]}}