{"id":2939,"date":"2021-11-04T20:38:06","date_gmt":"2021-11-05T01:38:06","guid":{"rendered":"https:\/\/ffh.unsa.edu.pe\/artes\/?page_id=2939"},"modified":"2023-06-13T10:00:43","modified_gmt":"2023-06-13T15:00:43","slug":"investigacion","status":"publish","type":"page","link":"https:\/\/ffh.unsa.edu.pe\/artes\/investigacion\/","title":{"rendered":"L\u00edneas de Investigaci\u00f3n"},"content":{"rendered":"<p>Por Resoluci\u00f3n de Consejo Universitario N\u00ba 0289-2022 del 7 de junio de 2022, se aprobaron las 48 l\u00edneas de investigaci\u00f3n de la Universidad Nacional de San Agust\u00edn de Arequipa. Dentro de los Programas de Ciencias Sociales, se aprob\u00f3 la l\u00ednea de investigaci\u00f3n N\u00b0 41: Arte, Educaci\u00f3n y Cultura<\/p>\n<p>Mediante la Resoluci\u00f3n Decanal N\u00ba 376-2022-FFH-UNSA se aprueban tres sublineas de investigaci\u00f3n de la Escuela Profesioonal de Artes: 1. Arte y educaci\u00f3n, 2.Arte y Cultura y 3. Producci\u00f3n Art\u00edstica<\/p>\n<p>&nbsp;<\/p>\n<p><img loading=\"lazy\" decoding=\"async\" class=\"aligncenter size-full wp-image-3606\" src=\"https:\/\/ffh.unsa.edu.pe\/artes\/wp-content\/uploads\/sites\/2\/2023\/06\/Lineas-de-investigacio\u0301n-1.jpg\" alt=\"\" width=\"1024\" height=\"768\" srcset=\"https:\/\/ffh.unsa.edu.pe\/artes\/wp-content\/uploads\/sites\/2\/2023\/06\/Lineas-de-investigacio\u0301n-1.jpg 1024w, https:\/\/ffh.unsa.edu.pe\/artes\/wp-content\/uploads\/sites\/2\/2023\/06\/Lineas-de-investigacio\u0301n-1-88x67.jpg 88w, https:\/\/ffh.unsa.edu.pe\/artes\/wp-content\/uploads\/sites\/2\/2023\/06\/Lineas-de-investigacio\u0301n-1-768x576.jpg 768w\" sizes=\"auto, (max-width: 1024px) 100vw, 1024px\" \/><\/p>\n<p>&nbsp;<\/p>\n<p><img loading=\"lazy\" decoding=\"async\" class=\"aligncenter size-full wp-image-3607\" src=\"https:\/\/ffh.unsa.edu.pe\/artes\/wp-content\/uploads\/sites\/2\/2023\/06\/Lineas-de-investigacio\u0301n-2.jpg\" alt=\"\" width=\"1024\" height=\"768\" srcset=\"https:\/\/ffh.unsa.edu.pe\/artes\/wp-content\/uploads\/sites\/2\/2023\/06\/Lineas-de-investigacio\u0301n-2.jpg 1024w, https:\/\/ffh.unsa.edu.pe\/artes\/wp-content\/uploads\/sites\/2\/2023\/06\/Lineas-de-investigacio\u0301n-2-88x67.jpg 88w, https:\/\/ffh.unsa.edu.pe\/artes\/wp-content\/uploads\/sites\/2\/2023\/06\/Lineas-de-investigacio\u0301n-2-768x576.jpg 768w\" sizes=\"auto, (max-width: 1024px) 100vw, 1024px\" \/><\/p>\n","protected":false},"excerpt":{"rendered":"<p>Por Resoluci\u00f3n de Consejo Universitario N\u00ba 0289-2022 del 7 de junio de 2022, se aprobaron las 48 l\u00edneas de investigaci\u00f3n de la Universidad Nacional de San Agust\u00edn de Arequipa. Dentro de los Programas de Ciencias Sociales, se aprob\u00f3 la l\u00ednea de investigaci\u00f3n N\u00b0 41: Arte, Educaci\u00f3n y Cultura Mediante la Resoluci\u00f3n Decanal N\u00ba 376-2022-FFH-UNSA se [&hellip;]<\/p>\n","protected":false},"author":9,"featured_media":0,"parent":0,"menu_order":0,"comment_status":"closed","ping_status":"closed","template":"","meta":{"_acf_changed":false,"footnotes":""},"class_list":["post-2939","page","type-page","status-publish","hentry"],"acf":[],"_links":{"self":[{"href":"https:\/\/ffh.unsa.edu.pe\/artes\/wp-json\/wp\/v2\/pages\/2939","targetHints":{"allow":["GET"]}}],"collection":[{"href":"https:\/\/ffh.unsa.edu.pe\/artes\/wp-json\/wp\/v2\/pages"}],"about":[{"href":"https:\/\/ffh.unsa.edu.pe\/artes\/wp-json\/wp\/v2\/types\/page"}],"author":[{"embeddable":true,"href":"https:\/\/ffh.unsa.edu.pe\/artes\/wp-json\/wp\/v2\/users\/9"}],"replies":[{"embeddable":true,"href":"https:\/\/ffh.unsa.edu.pe\/artes\/wp-json\/wp\/v2\/comments?post=2939"}],"version-history":[{"count":22,"href":"https:\/\/ffh.unsa.edu.pe\/artes\/wp-json\/wp\/v2\/pages\/2939\/revisions"}],"predecessor-version":[{"id":3610,"href":"https:\/\/ffh.unsa.edu.pe\/artes\/wp-json\/wp\/v2\/pages\/2939\/revisions\/3610"}],"wp:attachment":[{"href":"https:\/\/ffh.unsa.edu.pe\/artes\/wp-json\/wp\/v2\/media?parent=2939"}],"curies":[{"name":"wp","href":"https:\/\/api.w.org\/{rel}","templated":true}]}}