{"id":2961,"date":"2021-11-04T22:38:36","date_gmt":"2021-11-05T03:38:36","guid":{"rendered":"https:\/\/ffh.unsa.edu.pe\/artes\/?page_id=2961"},"modified":"2023-09-21T20:51:35","modified_gmt":"2023-09-22T01:51:35","slug":"drazoilaelenavegasalvatierra","status":"publish","type":"page","link":"https:\/\/ffh.unsa.edu.pe\/artes\/drazoilaelenavegasalvatierra\/","title":{"rendered":"Dra. Zoila Elena Vega Salvatierra"},"content":{"rendered":"<p class=\"page_title\"><strong>Inca\u00edsmo y costumbrismo en la escena l\u00edrica peruana del siglo XX: los casos de Mariano B\u00e9jar y Benigno Ball\u00f3n Farf\u00e1n<\/strong><\/p>\n<p>Per Musi. Scholarly Music Journal. Vol. 24 (2023)<\/p>\n<p>Resumen:<\/p>\n<p class=\"p1\"><span class=\"s1\">En las primeras d\u00e9cadas del siglo XX, una fuerte tendencia nacionalista se hizo evidente en la escena l\u00edrica peruana al estrenarse obras con tem\u00e1ticas inca\u00edstas y costumbristas que apelaban tanto a lenguajes familiares para las audiencias como a nuevos s\u00edmbolos sonoros. Este trabajo aborda las contribuciones de Mariano B\u00e9jar Pacheco (Puno 1893- Lima 1969) que estren\u00f3 sus obras en Lima en la d\u00e9cada de 1920 y Benigno Ball\u00f3n Farf\u00e1n (Arequipa, 1898-1957) que desarroll\u00f3 su carrera compositiva \u00edntegramente en provincia a partir de la misma d\u00e9cada. El primero apost\u00f3 por una visi\u00f3n romantizada del imperio incaico desde la perspectiva historicista para exhibir la gran diversidad de la m\u00fasica andina de su presente, mientras que el segundo bas\u00f3<span class=\"Apple-converted-space\">\u00a0 <\/span>su escritura musical en los cantos costumbristas de campesinos y artesanos que converg\u00edan en las calles de una ciudad provincial que se vinculaba aceleradamente con la modernidad.<\/span><\/p>\n<h6><a href=\"https:\/\/doi.org\/10.35699\/2317-6377.2023.46322\" target=\"_blank\" rel=\"noopener\">LINK DE LA PUBLICACI\u00d3N<\/a><\/h6>\n<h6>________________________________________________________________________________________________________________________<\/h6>\n<p><strong>T\u00f3picos musicales de escena y sal\u00f3n en el templo: Arrepentimiento, loor y exaltaci\u00f3n en las canciones religiosas de Pedro Xim\u00e9nez (Sucre, Bolivia, 1833\u20131856).\u00a0<\/strong><\/p>\n<p>University of Texas Press. 2023<\/p>\n<p>Resumen:<\/p>\n<p>Se conoce poco de las pr\u00e1cticas musicales lit\u00fargicas de las catedrales sudamericanas despu\u00e9s de consolidada la independencia. En algunas ciudades, se llev\u00f3 a cabo una singular adaptaci\u00f3n de repertorios extra religiosos especialmente para actividades paralit\u00fargicas que permit\u00edan el uso de g\u00e9neros musicales provenientes de espacios profanos y cuyos textos se escrib\u00edan en lengua vern\u00e1cula. Este art\u00edculo emplea la identificaci\u00f3n de t\u00f3picos musicales en canciones escritas en lengua romance compuestas por Pedro Xim\u00e9nez (1784\u20131856) presumiblemente para la catedral de Sucre, Bolivia, entre 1833 y 1856 para demostrar c\u00f3mo se empleaban recursos sonoros provenientes del teatro y del sal\u00f3n en canciones de alabanza y exaltaci\u00f3n por un lado; y lamentaci\u00f3n y arrepentimiento por el otro, para el uso religioso.<\/p>\n<h6><a href=\"https:\/\/www.utexaspressjournals.org\/doi\/abs\/10.7560\/LAMR43202\" target=\"_blank\" rel=\"noopener\">LINK DE LA PUBLICACI\u00d3N<\/a><\/h6>\n<h6>________________________________________________________________________________________________________________________<\/h6>\n<p class=\"t m0 xa h6 y2a ff3 fs2 fc2 sc0 ls0 ws0\"><strong>Un g\u00e9nero cortesano en un siglo rom\u00e1ntico: esquemas galantes en los minuetos para guitarra de Pedro Xim\u00e9nes (1784-1856)<\/strong><\/p>\n<p>Antec, Revista Peruana de Investigaci\u00f3n Musical, 2021<\/p>\n<p>Revista indizada en REDIB<\/p>\n<h6><a href=\"http:\/\/revistas.unm.edu.pe\/index.php\/Antec\/article\/view\/109\/543\" target=\"_blank\" rel=\"noopener\">LINK DE LA PUBLICACI\u00d3N<\/a><\/h6>\n<hr \/>\n<p><strong>\u00bfC\u00f3mo se oye la libertad? Sonoridades urbanas en Arequipa en el cambio de la colonia a la rep\u00fablica. (1814-1834)<\/strong><\/p>\n<p>Cap\u00edtulo del libro La Ciudad Blanca libre. La Independencia e inicios de la Rep\u00fablica en Arequipa, 2021.<\/p>\n<p>Surandino<\/p>\n<p>ISBN 9786124796722<\/p>\n<hr \/>\n<p><strong>Estilos musicales en el umbral de la Independencia. Consideraciones a prop\u00f3sito del villancico El Juego del Hombre de Diego Llanos (Arequipa, 1824)<\/strong><\/p>\n<p>Antec, Revista Peruana de Investigaci\u00f3n Musical, 2020<\/p>\n<p>Revista indizada en REDIB<\/p>\n<h6><a href=\"http:\/\/revistas.unm.edu.pe\/index.php\/Antec\/article\/view\/63\/56\" target=\"_blank\" rel=\"noopener\">LINK DE LA PUBLICACI\u00d3N<\/a><\/h6>\n<hr \/>\n<p><strong>Pedro Xim\u00e9nez Abrill Tirado. Cuartetos Concertantes. Jos\u00e9 Manuel Izquierdo K\u00f6nig (Editor)<\/strong><\/p>\n<p>Revista Musical Chilena, 2020.<\/p>\n<p>Rese\u00f1a de publicaci\u00f3n<\/p>\n<h6><a href=\"https:\/\/revistamusicalchilena.uchile.cl\/index.php\/RMCH\/article\/view\/60726\" target=\"_blank\" rel=\"noopener\">LINK DE LA PUBLICACI\u00d3N<\/a><\/h6>\n<hr \/>\n<p><strong>Discursos y estrategias en los grupos sikuris femeninos en el sur peruano: la experiencia de Warmi Sikuri Awka Sisa en Arequipa, Per\u00fa (2018-2019) en coautor\u00eda con Ver\u00f3nica Garc\u00eda Garufe, 2020.<\/strong><\/p>\n<p>Di\u00e1logo Andino. 2020, n.63, pp.151-160.<\/p>\n<h6><a href=\"https:\/\/scielo.conicyt.cl\/scielo.php?pid=S0719-26812020000300151&amp;script=sci_abstract\" target=\"_blank\" rel=\"noopener\">LINK DE LA PUBLICACI\u00d3N<\/a><\/h6>\n<hr \/>\n<p><strong>Los discursos alrededor de la partitura: lecturas acerca de la identidad en la obra de Pedro Xim\u00e9nez desde la perspectiva del narrativismo de Frank Ankersmit, 2020<\/strong><\/p>\n<p>Revista Musical Chilena, 74(234), 35-47<\/p>\n<h6><a href=\"https:\/\/revistamusicalchilena.uchile.cl\/index.php\/RMCH\/article\/view\/48962\" target=\"_blank\" rel=\"noopener\">LINK DE LA PUBLICACI\u00d3N<\/a><\/h6>\n<hr \/>\n<p><strong>La partitura como testimonio de la tradici\u00f3n. Un caso sobre identidad y etnomusicolog\u00eda en la historia. 2020<\/strong><\/p>\n<p>Cuadernos de M\u00fasica Iberoamericana.\u00a0 Vol. 31<\/p>\n<h6><a href=\"https:\/\/www.researchgate.net\/publication\/329843695_La_partitura_como_testimonio_de_la_tradicion_Un_caso_sobre_identidad_y_etnomusicologia_en_la_historia\" target=\"_blank\" rel=\"noopener\">LINK DE LA PUBLICACI\u00d3N<\/a><\/h6>\n<hr \/>\n<p><strong>Nuevos aportes acerca de la vida del compositor peruano-boliviano Pedro Xim\u00e9nez Abrill Tirado (1784-1856). 2017<\/strong><\/p>\n<p>Revista Musical Chilena, A\u00f1o LXXI, enero-junio, 2017, N\u00ba 227, pp. 48-78 (Scopus)<\/p>\n<h6><a href=\"https:\/\/revistamusicalchilena.uchile.cl\/index.php\/RMCH\/article\/view\/46815\" target=\"_blank\" rel=\"noopener\">LINK DE LA PUBLICACI\u00d3N<\/a><\/h6>\n<hr \/>\n<p><strong>Siluetas en la oscuridad: el maestro de capilla Cayetano Rodr\u00edguez (Arequipa, Per\u00fa, Siglo XVIII). Ejemplo del uso de las fuentes no musicales en la reconstrucci\u00f3n de la historia de la m\u00fasica colonial de Sudam\u00e9rica. 2017<\/strong><\/p>\n<p>Revista Resonancias vol. 21, n\u00b0 40, enero-junio 2017, pp. 33-46. (Scopus)<\/p>\n<h6><a href=\"http:\/\/resonancias.uc.cl\/es\/N%C2%BA-40\/siluetas-en-la-oscuridad-el-maestro-de-capilla-cayetano-rodriguez-arequipa-peru-siglo-xviii-ejemplo-del-uso-de-las-fuentes-no-musicales-en-la-reconstruccion-de-la-historia-de-la-musica-colonial.html\" target=\"_blank\" rel=\"noopener\">LINK DE LA PUBLICACI\u00d3N<\/a><\/h6>\n<hr \/>\n<p><strong>Vigencia de los ritos coloniales y su m\u00fasica en la catedral republicana. 2009<\/strong><\/p>\n<p>Revista de Musicolog\u00eda Vol. 32, No. 1 (Enero 2009), pp. 233-251<\/p>\n<h6><a href=\"https:\/\/www.jstor.org\/stable\/20797974\" target=\"_blank\" rel=\"noopener\">LINK DE LA PUBLICACI\u00d3N<\/a><\/h6>\n<hr \/>\n<p><strong>Maestros de capilla y organistas en la catedral de Arequipa en la \u00e9poca colonial. 2008<\/strong><\/p>\n<p>Revista de Musicolog\u00eda Vol. 31, No. 2 (Diciembre 2008), pp. 315-332<\/p>\n<h6><a href=\"https:\/\/www.jstor.org\/stable\/20797928\" target=\"_blank\" rel=\"noopener\">LINK DE LA PUBLICACI\u00d3N<\/a><\/h6>\n<hr \/>\n<p><strong>El\u00a0 yarav\u00ed galante en la \u00e9poca de la independencia: Los yarav\u00edes de la Noticia de Arequipa de Antonio Pereira (1816)<\/strong><\/p>\n<p>Surandino. Volumen: 1. (pp. 46 &#8211; 80)<\/p>\n<h6><a href=\"https:\/\/www.surandinorevista.pe\/wp-content\/uploads\/2021\/01\/04-EL-YARAVI-GALANTE_compressed.pdf\" target=\"_blank\" rel=\"noopener\">LINK DE LA PUBLICACI\u00d3N<\/a><\/h6>\n<hr \/>\n<p><strong>Texto y contexto en la obra de Roberto Carpio en la Arequipa (Per\u00fa) del siglo XX. 2001<\/strong><\/p>\n<p>Revista musical Chilena Vol. 55 Num. 195 (2001)<\/p>\n<h6><a href=\"https:\/\/revistamusicalchilena.uchile.cl\/index.php\/RMCH\/article\/view\/500\" target=\"_blank\" rel=\"noopener\">LINK DE LA PUBLICACI\u00d3N<\/a><\/h6>\n<hr \/>\n<p>&nbsp;<\/p>\n","protected":false},"excerpt":{"rendered":"<p>Inca\u00edsmo y costumbrismo en la escena l\u00edrica peruana del siglo XX: los casos de Mariano B\u00e9jar y Benigno Ball\u00f3n Farf\u00e1n Per Musi. Scholarly Music Journal. Vol. 24 (2023) Resumen: En las primeras d\u00e9cadas del siglo XX, una fuerte tendencia nacionalista se hizo evidente en la escena l\u00edrica peruana al estrenarse obras con tem\u00e1ticas inca\u00edstas y [&hellip;]<\/p>\n","protected":false},"author":9,"featured_media":0,"parent":0,"menu_order":0,"comment_status":"closed","ping_status":"closed","template":"","meta":{"_acf_changed":false,"footnotes":""},"class_list":["post-2961","page","type-page","status-publish","hentry"],"acf":[],"_links":{"self":[{"href":"https:\/\/ffh.unsa.edu.pe\/artes\/wp-json\/wp\/v2\/pages\/2961","targetHints":{"allow":["GET"]}}],"collection":[{"href":"https:\/\/ffh.unsa.edu.pe\/artes\/wp-json\/wp\/v2\/pages"}],"about":[{"href":"https:\/\/ffh.unsa.edu.pe\/artes\/wp-json\/wp\/v2\/types\/page"}],"author":[{"embeddable":true,"href":"https:\/\/ffh.unsa.edu.pe\/artes\/wp-json\/wp\/v2\/users\/9"}],"replies":[{"embeddable":true,"href":"https:\/\/ffh.unsa.edu.pe\/artes\/wp-json\/wp\/v2\/comments?post=2961"}],"version-history":[{"count":38,"href":"https:\/\/ffh.unsa.edu.pe\/artes\/wp-json\/wp\/v2\/pages\/2961\/revisions"}],"predecessor-version":[{"id":3676,"href":"https:\/\/ffh.unsa.edu.pe\/artes\/wp-json\/wp\/v2\/pages\/2961\/revisions\/3676"}],"wp:attachment":[{"href":"https:\/\/ffh.unsa.edu.pe\/artes\/wp-json\/wp\/v2\/media?parent=2961"}],"curies":[{"name":"wp","href":"https:\/\/api.w.org\/{rel}","templated":true}]}}