{"id":2997,"date":"2021-11-11T21:24:47","date_gmt":"2021-11-12T02:24:47","guid":{"rendered":"https:\/\/ffh.unsa.edu.pe\/artes\/?page_id=2997"},"modified":"2021-11-26T11:38:22","modified_gmt":"2021-11-26T16:38:22","slug":"publicaciones-de-nuestros-docentes","status":"publish","type":"page","link":"https:\/\/ffh.unsa.edu.pe\/artes\/publicaciones-de-nuestros-docentes\/","title":{"rendered":"Publicaciones de nuestros docentes"},"content":{"rendered":"<p style=\"text-align: left\">En esta p\u00e1gina encontrar\u00e1s los trabajos de investigaci\u00f3n publicados por los docentes de los Programas de Estudios de Artes con Especialidad de M\u00fasica y Pl\u00e1sticas.<\/p>\n<p>Para acceder a las publicaciones solo dale click sobre el nombre del docente de tu inter\u00e9s<\/p>\n<p style=\"text-align: center\"><strong>PROGRAMA DE ESTUDIOS DE ARTES CON ESPECIALIDAD DE M\u00daSICA<\/strong><\/p>\n<ul>\n<li><a href=\"https:\/\/ffh.unsa.edu.pe\/artes\/mg-olivia-cecilia-jaen-aspilcueta\/\">Mg. Olivia Cecilia Ja\u00e9n Azpilcueta<\/a><\/li>\n<li><a href=\"https:\/\/ffh.unsa.edu.pe\/artes\/?page_id=3034&amp;preview=true\">Mg. Alejandra\u00a0 Lopera Quintanilla<\/a><\/li>\n<li><a href=\"https:\/\/ffh.unsa.edu.pe\/artes\/mg-maria-del-pilar-lopera-quintanilla\/\">Mg. Mar\u00eda del Pilar Lopera Quintanilla<\/a><\/li>\n<li><a href=\"https:\/\/ffh.unsa.edu.pe\/artes\/drazoilaelenavegasalvatierra\/\">Dra. Zoila Elena Vega Salvatierra<\/a><\/li>\n<li><a href=\"https:\/\/ffh.unsa.edu.pe\/artes\/mg-javier-vizcarra-pinto\/\">Mg. Javier Vizcarra Pinto<\/a><\/li>\n<\/ul>\n<p style=\"text-align: center\"><strong>PROGRAMA DE ESTUDIOS DE ARTES CON ESPECIALIDAD DE PL\u00c1STICAS<\/strong><\/p>\n<ul>\n<li><a href=\"https:\/\/ffh.unsa.edu.pe\/artes\/dr-ricardo-alberto-cordova-farfan\/\">Dr. Ricardo Alberto C\u00f3rdova Farf\u00e1n<\/a><\/li>\n<li><a href=\"https:\/\/ffh.unsa.edu.pe\/artes\/mg-slink-victor-duenas-silva\/\">Mg. Slink Victor Due\u00f1as Silva<\/a><\/li>\n<li><a href=\"https:\/\/ffh.unsa.edu.pe\/artes\/?page_id=3049&amp;preview=true\">Dr. Olger Albino Guti\u00e9rrez Aguilar<\/a><\/li>\n<li><a href=\"https:\/\/ffh.unsa.edu.pe\/artes\/mg-ygnacio-salvador-tomaylla-quispe\/\">Dr. Ygnacio Salvador Tomaylla Quispe<\/a><\/li>\n<\/ul>\n","protected":false},"excerpt":{"rendered":"<p>En esta p\u00e1gina encontrar\u00e1s los trabajos de investigaci\u00f3n publicados por los docentes de los Programas de Estudios de Artes con Especialidad de M\u00fasica y Pl\u00e1sticas. Para acceder a las publicaciones solo dale click sobre el nombre del docente de tu inter\u00e9s PROGRAMA DE ESTUDIOS DE ARTES CON ESPECIALIDAD DE M\u00daSICA Mg. Olivia Cecilia Ja\u00e9n Azpilcueta [&hellip;]<\/p>\n","protected":false},"author":9,"featured_media":0,"parent":0,"menu_order":0,"comment_status":"closed","ping_status":"closed","template":"","meta":{"_acf_changed":false,"footnotes":""},"class_list":["post-2997","page","type-page","status-publish","hentry"],"acf":[],"_links":{"self":[{"href":"https:\/\/ffh.unsa.edu.pe\/artes\/wp-json\/wp\/v2\/pages\/2997","targetHints":{"allow":["GET"]}}],"collection":[{"href":"https:\/\/ffh.unsa.edu.pe\/artes\/wp-json\/wp\/v2\/pages"}],"about":[{"href":"https:\/\/ffh.unsa.edu.pe\/artes\/wp-json\/wp\/v2\/types\/page"}],"author":[{"embeddable":true,"href":"https:\/\/ffh.unsa.edu.pe\/artes\/wp-json\/wp\/v2\/users\/9"}],"replies":[{"embeddable":true,"href":"https:\/\/ffh.unsa.edu.pe\/artes\/wp-json\/wp\/v2\/comments?post=2997"}],"version-history":[{"count":19,"href":"https:\/\/ffh.unsa.edu.pe\/artes\/wp-json\/wp\/v2\/pages\/2997\/revisions"}],"predecessor-version":[{"id":3150,"href":"https:\/\/ffh.unsa.edu.pe\/artes\/wp-json\/wp\/v2\/pages\/2997\/revisions\/3150"}],"wp:attachment":[{"href":"https:\/\/ffh.unsa.edu.pe\/artes\/wp-json\/wp\/v2\/media?parent=2997"}],"curies":[{"name":"wp","href":"https:\/\/api.w.org\/{rel}","templated":true}]}}