{"id":3024,"date":"2021-11-12T00:03:29","date_gmt":"2021-11-12T05:03:29","guid":{"rendered":"https:\/\/ffh.unsa.edu.pe\/artes\/?page_id=3024"},"modified":"2021-11-12T00:06:58","modified_gmt":"2021-11-12T05:06:58","slug":"mg-javier-vizcarra-pinto","status":"publish","type":"page","link":"https:\/\/ffh.unsa.edu.pe\/artes\/mg-javier-vizcarra-pinto\/","title":{"rendered":"Mg. Javier Vizcarra Pinto"},"content":{"rendered":"<p>\u201cOpus XXI\u201d y la composici\u00f3n musical acad\u00e9mica en la Arequipa contempor\u00e1nea. 2018<\/p>\n<p>Revista \u201cLa vida y la Historia\u201d vol 5 N\u00b0 8, 2do semestre 2018 (Latindex).<\/p>\n<h6><a href=\"https:\/\/revistas.unjbg.edu.pe\/index.php\/vyh\/article\/view\/762\" target=\"_blank\" rel=\"noopener\">LINK DE LA PUBLICACI\u00d3N<\/a><\/h6>\n<hr \/>\n<p>&nbsp;<\/p>\n","protected":false},"excerpt":{"rendered":"<p>\u201cOpus XXI\u201d y la composici\u00f3n musical acad\u00e9mica en la Arequipa contempor\u00e1nea. 2018 Revista \u201cLa vida y la Historia\u201d vol 5 N\u00b0 8, 2do semestre 2018 (Latindex). LINK DE LA PUBLICACI\u00d3N &nbsp;<\/p>\n","protected":false},"author":9,"featured_media":0,"parent":0,"menu_order":0,"comment_status":"closed","ping_status":"closed","template":"","meta":{"_acf_changed":false,"footnotes":""},"class_list":["post-3024","page","type-page","status-publish","hentry"],"acf":[],"_links":{"self":[{"href":"https:\/\/ffh.unsa.edu.pe\/artes\/wp-json\/wp\/v2\/pages\/3024","targetHints":{"allow":["GET"]}}],"collection":[{"href":"https:\/\/ffh.unsa.edu.pe\/artes\/wp-json\/wp\/v2\/pages"}],"about":[{"href":"https:\/\/ffh.unsa.edu.pe\/artes\/wp-json\/wp\/v2\/types\/page"}],"author":[{"embeddable":true,"href":"https:\/\/ffh.unsa.edu.pe\/artes\/wp-json\/wp\/v2\/users\/9"}],"replies":[{"embeddable":true,"href":"https:\/\/ffh.unsa.edu.pe\/artes\/wp-json\/wp\/v2\/comments?post=3024"}],"version-history":[{"count":3,"href":"https:\/\/ffh.unsa.edu.pe\/artes\/wp-json\/wp\/v2\/pages\/3024\/revisions"}],"predecessor-version":[{"id":3026,"href":"https:\/\/ffh.unsa.edu.pe\/artes\/wp-json\/wp\/v2\/pages\/3024\/revisions\/3026"}],"wp:attachment":[{"href":"https:\/\/ffh.unsa.edu.pe\/artes\/wp-json\/wp\/v2\/media?parent=3024"}],"curies":[{"name":"wp","href":"https:\/\/api.w.org\/{rel}","templated":true}]}}