{"id":3034,"date":"2021-11-12T00:12:40","date_gmt":"2021-11-12T05:12:40","guid":{"rendered":"https:\/\/ffh.unsa.edu.pe\/artes\/?page_id=3034"},"modified":"2021-11-12T00:17:13","modified_gmt":"2021-11-12T05:17:13","slug":"mg-alejandra-lopera-quintanilla","status":"publish","type":"page","link":"https:\/\/ffh.unsa.edu.pe\/artes\/mg-alejandra-lopera-quintanilla\/","title":{"rendered":"Mg. Alejandra Lopera Quintanilla"},"content":{"rendered":"<p>Referencias hist\u00f3ricas sobre el perfil did\u00e1ctico del maestro de m\u00fasica del siglo XVIII a partir de tres tratados europeos de la \u00e9poca. (En coautor\u00eda con Mar\u00eda del Pilar Lopera Quintanilla). 2020<\/p>\n<p>Antec: Revista Peruana de Investigaci\u00f3n Musical.\u00a0 Vol. 4 N\u00fam. 2<\/p>\n<h6><a href=\"http:\/\/revistas.unm.edu.pe\/index.php\/Antec\/article\/view\/97\" target=\"_blank\" rel=\"noopener\">LINK DE LA PUBLICACI\u00d3N<\/a><\/h6>\n<hr \/>\n<p>&nbsp;<\/p>\n","protected":false},"excerpt":{"rendered":"<p>Referencias hist\u00f3ricas sobre el perfil did\u00e1ctico del maestro de m\u00fasica del siglo XVIII a partir de tres tratados europeos de la \u00e9poca. (En coautor\u00eda con Mar\u00eda del Pilar Lopera Quintanilla). 2020 Antec: Revista Peruana de Investigaci\u00f3n Musical.\u00a0 Vol. 4 N\u00fam. 2 LINK DE LA PUBLICACI\u00d3N &nbsp;<\/p>\n","protected":false},"author":9,"featured_media":0,"parent":0,"menu_order":0,"comment_status":"closed","ping_status":"closed","template":"","meta":{"_acf_changed":false,"footnotes":""},"class_list":["post-3034","page","type-page","status-publish","hentry"],"acf":[],"_links":{"self":[{"href":"https:\/\/ffh.unsa.edu.pe\/artes\/wp-json\/wp\/v2\/pages\/3034","targetHints":{"allow":["GET"]}}],"collection":[{"href":"https:\/\/ffh.unsa.edu.pe\/artes\/wp-json\/wp\/v2\/pages"}],"about":[{"href":"https:\/\/ffh.unsa.edu.pe\/artes\/wp-json\/wp\/v2\/types\/page"}],"author":[{"embeddable":true,"href":"https:\/\/ffh.unsa.edu.pe\/artes\/wp-json\/wp\/v2\/users\/9"}],"replies":[{"embeddable":true,"href":"https:\/\/ffh.unsa.edu.pe\/artes\/wp-json\/wp\/v2\/comments?post=3034"}],"version-history":[{"count":3,"href":"https:\/\/ffh.unsa.edu.pe\/artes\/wp-json\/wp\/v2\/pages\/3034\/revisions"}],"predecessor-version":[{"id":3037,"href":"https:\/\/ffh.unsa.edu.pe\/artes\/wp-json\/wp\/v2\/pages\/3034\/revisions\/3037"}],"wp:attachment":[{"href":"https:\/\/ffh.unsa.edu.pe\/artes\/wp-json\/wp\/v2\/media?parent=3034"}],"curies":[{"name":"wp","href":"https:\/\/api.w.org\/{rel}","templated":true}]}}