{"id":3040,"date":"2021-11-12T00:19:14","date_gmt":"2021-11-12T05:19:14","guid":{"rendered":"https:\/\/ffh.unsa.edu.pe\/artes\/?page_id=3040"},"modified":"2021-11-12T00:20:16","modified_gmt":"2021-11-12T05:20:16","slug":"dr-ricardo-alberto-cordova-farfan","status":"publish","type":"page","link":"https:\/\/ffh.unsa.edu.pe\/artes\/dr-ricardo-alberto-cordova-farfan\/","title":{"rendered":"Dr. Ricardo Alberto C\u00f3rdova Farf\u00e1n"},"content":{"rendered":"<p>Jos\u00e9 Luis Pantigoso entre la tradici\u00f3n y la modernidad<\/p>\n<p>Revista Sur Andino 2020<\/p>\n<h6><a href=\"https:\/\/www.surandinorevista.pe\/wp-content\/uploads\/2021\/01\/09-ENTRE-LA-TRADICION.pdf\" target=\"_blank\" rel=\"noopener\">LINK DE LA PUBLICACI\u00d3N<\/a><\/h6>\n<hr \/>\n<p>&nbsp;<\/p>\n","protected":false},"excerpt":{"rendered":"<p>Jos\u00e9 Luis Pantigoso entre la tradici\u00f3n y la modernidad Revista Sur Andino 2020 LINK DE LA PUBLICACI\u00d3N &nbsp;<\/p>\n","protected":false},"author":9,"featured_media":0,"parent":0,"menu_order":0,"comment_status":"closed","ping_status":"closed","template":"","meta":{"_acf_changed":false,"footnotes":""},"class_list":["post-3040","page","type-page","status-publish","hentry"],"acf":[],"_links":{"self":[{"href":"https:\/\/ffh.unsa.edu.pe\/artes\/wp-json\/wp\/v2\/pages\/3040","targetHints":{"allow":["GET"]}}],"collection":[{"href":"https:\/\/ffh.unsa.edu.pe\/artes\/wp-json\/wp\/v2\/pages"}],"about":[{"href":"https:\/\/ffh.unsa.edu.pe\/artes\/wp-json\/wp\/v2\/types\/page"}],"author":[{"embeddable":true,"href":"https:\/\/ffh.unsa.edu.pe\/artes\/wp-json\/wp\/v2\/users\/9"}],"replies":[{"embeddable":true,"href":"https:\/\/ffh.unsa.edu.pe\/artes\/wp-json\/wp\/v2\/comments?post=3040"}],"version-history":[{"count":2,"href":"https:\/\/ffh.unsa.edu.pe\/artes\/wp-json\/wp\/v2\/pages\/3040\/revisions"}],"predecessor-version":[{"id":3043,"href":"https:\/\/ffh.unsa.edu.pe\/artes\/wp-json\/wp\/v2\/pages\/3040\/revisions\/3043"}],"wp:attachment":[{"href":"https:\/\/ffh.unsa.edu.pe\/artes\/wp-json\/wp\/v2\/media?parent=3040"}],"curies":[{"name":"wp","href":"https:\/\/api.w.org\/{rel}","templated":true}]}}