{"id":3084,"date":"2021-11-14T22:21:33","date_gmt":"2021-11-15T03:21:33","guid":{"rendered":"https:\/\/ffh.unsa.edu.pe\/artes\/?page_id=3084"},"modified":"2023-09-19T01:04:01","modified_gmt":"2023-09-19T06:04:01","slug":"movilidad","status":"publish","type":"page","link":"https:\/\/ffh.unsa.edu.pe\/artes\/movilidad\/","title":{"rendered":"Movilidad y Convenios Pl\u00e1sticas"},"content":{"rendered":"<h2 style=\"text-align: center\">MOVILIDAD Y CONVENIOS DEL PROGRAMA DE ESTUDIOS DE ARTES CON ESPECIALIDAD DE PL\u00c1STICAS<\/h2>\n<p>La oficina universitaria de cooperaci\u00f3n, convenios, relaciones internacionales, becas y pasant\u00edas es la encargada de dar el marco normativo referido a los convenios celebrados, alcances, \u00e1mbitos, finalidades, compromisos, responsables y otros que permitan su continuidad. Pone a\u00a0 disposici\u00f3n de toda la comunidad universitaria la informaci\u00f3n para la movilidad de estudiantes y docentes, los requisitos, modalidades y beneficios. Los convenios que tienen a su alcance\u00a0 los estudiantes y docentes del Programa de Estudios son p\u00fablicos y transparentes y se pueden revisar en el siguiente link:<\/p>\n<p><a href=\"http:\/\/transparencia.unsa.edu.pe\/discover?filtertype=author&amp;filter_relational_operator=equals&amp;filter=OUCCRIBP\" target=\"_blank\" rel=\"noopener\">Movilidad e internacionalizaci\u00f3n<\/a><\/p>\n<p>En la misma p\u00e1gina de la universidad se da a conocer regularmente a toda la comunidad Agustina los diferentes procesos y convocatorias de movilidad.<\/p>\n<p>Los principales protagonistas son los estudiantes, quienes a trav\u00e9s de las vivencias y experiencias vividas con la propia realidad van construyendo el conocimiento que les permita fijar las competencias que est\u00e1n consignadas en el perfil de egreso del Programa de Estudios de Artes con Especialidad de Pl\u00e1sticas.<\/p>\n<p>Existe un reglamento y cronograma de beca excelencia internacional UNSA (Movilidad estudiantil para semestres acad\u00e9micos en universidades extranjeras) que norma su implementaci\u00f3n.<\/p>\n<p>Lo mismo acontece con el docente a trav\u00e9s de la movilidad para que pueda fortalecer sus capacidades pedag\u00f3gicas y de la especialidad a fin de contribuir al desarrollo del programa de estudios de manera efectiva; Para ello existen las bases del reglamento del programa de movilidad docente para participar en eventos internacionales de estancias cortas en la Resoluci\u00f3n de Consejo Universitario N\u00ba 444-2019.<\/p>\n<p>&nbsp;<\/p>\n<h2 style=\"text-align: left\">LINKS DE INTER\u00c9S SOBRE MOVILIDAD UNSA<\/h2>\n<p><a href=\"https:\/\/rpu.edu.pe\/programas\/programa-intercambio-virtual-estudiantil\/\" target=\"_blank\" rel=\"noopener\">Red Peruana de Universidades &#8211; Programa de intercambio virtual estudiantil<\/a><\/p>\n<p><a href=\"https:\/\/rpu.edu.pe\/programas\/pasantias-docentes-rpu\/\" target=\"_blank\" rel=\"noopener\">Red Peruana de Universidades &#8211; Pasant\u00edas docentes RPU<\/a><\/p>\n<p><a href=\"http:\/\/transparencia.unsa.edu.pe\/recent-submissions\" target=\"_blank\" rel=\"noopener\">Portal de Transparencia UNSA<\/a><\/p>\n<hr \/>\n<p class=\"p1\"><span class=\"s1\"><b>PROGRAMA DE INTERNACIONALIZACI\u00d3N VIRTUAL ESTUDIANTIL (PIVE-2023)<\/b><\/span><\/p>\n<p><img loading=\"lazy\" decoding=\"async\" class=\"aligncenter wp-image-3655\" src=\"https:\/\/ffh.unsa.edu.pe\/artes\/wp-content\/uploads\/sites\/2\/2023\/09\/PIVE-2023.jpeg\" alt=\"\" width=\"812\" height=\"574\" srcset=\"https:\/\/ffh.unsa.edu.pe\/artes\/wp-content\/uploads\/sites\/2\/2023\/09\/PIVE-2023.jpeg 934w, https:\/\/ffh.unsa.edu.pe\/artes\/wp-content\/uploads\/sites\/2\/2023\/09\/PIVE-2023-768x543.jpeg 768w\" sizes=\"auto, (max-width: 812px) 100vw, 812px\" \/><\/p>\n<p>M\u00e1s informaci\u00f3n, reglamento, y formulario de postulaci\u00f3n en el enlace:<\/p>\n<p><a href=\"https:\/\/www.unsa.edu.pe\/bec_conv_inv\/convocatoria-pive-2023\/\">https:\/\/www.unsa.edu.pe\/bec_conv_inv\/convocatoria-pive-2023\/<\/a><\/p>\n<hr \/>\n<p><strong>CONVENIO DE LA UNIVERSIDAD NACIONAL DE SAN AGUSTIN DE AREQUIPA Y LA UNIVERSIDAD NACIONAL DIEGO QUISPE TITO (CUSCO)<\/strong><\/p>\n<p>Se aprueba el \u00abCONVENIO MARCO DE COOPERACI\u00d3N ACAD\u00c9MICA, CIENT\u00cdFICA Y CULTURAL QUE CELEBRAN LA UNIVERSIDAD NACIONAL DE SAN AGUST\u00cdN DE AREQUIPA (PER\u00da) Y LA UNIVERSIDAD NACIONAL DIEGO QUISPE TITO (CUSCO, PER\u00da)\u00bb<\/p>\n<p>Docentes responsables y\u00a0 coordinadores del convenio: Mg. Jos\u00e9 Andr\u00e9s Lara Quilla y Mag. Rose Marie Torres Pinto.<\/p>\n<h5><a href=\"https:\/\/ffh.unsa.edu.pe\/artes\/wp-content\/uploads\/sites\/2\/2023\/09\/CONVENIO-DIEGO-QUISPE-TITO-UNSA-RCU-367-2023.pdf\"><span style=\"color: #993300\">VER M\u00c1S<\/span><\/a><\/h5>\n<hr \/>\n<p>&nbsp;<\/p>\n<p>&nbsp;<\/p>\n<div class=\"cua-gra\"><img loading=\"lazy\" decoding=\"async\" class=\"hidden-xs aligncenter size-full wp-image-3340\" src=\"https:\/\/ffh.unsa.edu.pe\/artes\/wp-content\/uploads\/sites\/2\/2022\/05\/Coordinad-plasticas.jpeg\" alt=\"\" width=\"592\" height=\"739\" \/><\/div>\n<h2><\/h2>\n<h2>OFERTAS DE MOVILIDAD ACAD\u00c9MICA 2022<\/h2>\n<p><a href=\"https:\/\/ofertaacademica.ustamed.edu.co\/\" target=\"_blank\" rel=\"noopener\">https:\/\/ofertaacademica.ustamed.edu.co\/<\/a><\/p>\n<p><img loading=\"lazy\" decoding=\"async\" class=\"alignleft wp-image-3319\" src=\"https:\/\/ffh.unsa.edu.pe\/artes\/wp-content\/uploads\/sites\/2\/2022\/05\/Santo-Toma\u0301s-Medelli\u0301n-Colombia.jpg\" alt=\"\" width=\"500\" height=\"647\" srcset=\"https:\/\/ffh.unsa.edu.pe\/artes\/wp-content\/uploads\/sites\/2\/2022\/05\/Santo-Toma\u0301s-Medelli\u0301n-Colombia.jpg 1275w, https:\/\/ffh.unsa.edu.pe\/artes\/wp-content\/uploads\/sites\/2\/2022\/05\/Santo-Toma\u0301s-Medelli\u0301n-Colombia-768x994.jpg 768w, https:\/\/ffh.unsa.edu.pe\/artes\/wp-content\/uploads\/sites\/2\/2022\/05\/Santo-Toma\u0301s-Medelli\u0301n-Colombia-1187x1536.jpg 1187w\" sizes=\"auto, (max-width: 500px) 100vw, 500px\" \/><\/p>\n<p>&nbsp;<\/p>\n<p>&nbsp;<\/p>\n<p>&nbsp;<\/p>\n<p>&nbsp;<\/p>\n<p>&nbsp;<\/p>\n<p>&nbsp;<\/p>\n<p>&nbsp;<\/p>\n<p>&nbsp;<\/p>\n<p>&nbsp;<\/p>\n<p>&nbsp;<\/p>\n<p>&nbsp;<\/p>\n<p>&nbsp;<\/p>\n<p>&nbsp;<\/p>\n<p>&nbsp;<\/p>\n<p>&nbsp;<\/p>\n<p>&nbsp;<\/p>\n<p>&nbsp;<\/p>\n<p>&nbsp;<\/p>\n<hr \/>\n<p style=\"text-align: left\"><a href=\"https:\/\/www.civartes.com\/aasa-2020\" target=\"_blank\" rel=\"noopener\">https:\/\/www.civartes.com\/aasa-2020<\/a><\/p>\n<p><img loading=\"lazy\" decoding=\"async\" class=\"alignleft wp-image-3330\" src=\"https:\/\/ffh.unsa.edu.pe\/artes\/wp-content\/uploads\/sites\/2\/2022\/05\/UJAEN-ESPAN\u0303A.jpeg\" alt=\"\" width=\"500\" height=\"637\" \/><\/p>\n<p>&nbsp;<\/p>\n<p>&nbsp;<\/p>\n<p>&nbsp;<\/p>\n<p>&nbsp;<\/p>\n<p>&nbsp;<\/p>\n<p>&nbsp;<\/p>\n<p>&nbsp;<\/p>\n<p>&nbsp;<\/p>\n<p>&nbsp;<\/p>\n<p>&nbsp;<\/p>\n<p>&nbsp;<\/p>\n<p>&nbsp;<\/p>\n<p>&nbsp;<\/p>\n<p>&nbsp;<\/p>\n<p>&nbsp;<\/p>\n<p>&nbsp;<\/p>\n<p>&nbsp;<\/p>\n<p>&nbsp;<\/p>\n<hr \/>\n<p><a href=\"https:\/\/artesociedad.com\/congreso-2022\" target=\"_blank\" rel=\"noopener\">https:\/\/artesociedad.com\/congreso-2022<\/a><\/p>\n<p><img loading=\"lazy\" decoding=\"async\" class=\"alignleft wp-image-3332\" src=\"https:\/\/ffh.unsa.edu.pe\/artes\/wp-content\/uploads\/sites\/2\/2022\/05\/San-Jorge-Zaragoza.jpeg\" alt=\"\" width=\"500\" height=\"642\" srcset=\"https:\/\/ffh.unsa.edu.pe\/artes\/wp-content\/uploads\/sites\/2\/2022\/05\/San-Jorge-Zaragoza.jpeg 809w, https:\/\/ffh.unsa.edu.pe\/artes\/wp-content\/uploads\/sites\/2\/2022\/05\/San-Jorge-Zaragoza-768x985.jpeg 768w\" sizes=\"auto, (max-width: 500px) 100vw, 500px\" \/><\/p>\n<p>&nbsp;<\/p>\n<p>&nbsp;<\/p>\n<p>&nbsp;<\/p>\n<p>&nbsp;<\/p>\n<p>&nbsp;<\/p>\n<p>&nbsp;<\/p>\n<p>&nbsp;<\/p>\n<p>&nbsp;<\/p>\n<p>&nbsp;<\/p>\n<p>&nbsp;<\/p>\n<p>&nbsp;<\/p>\n<p>&nbsp;<\/p>\n<p>&nbsp;<\/p>\n<p>&nbsp;<\/p>\n<p>&nbsp;<\/p>\n<p>&nbsp;<\/p>\n<p>&nbsp;<\/p>\n<p>&nbsp;<\/p>\n<hr \/>\n<p><a href=\"https:\/\/visuales.una.edu.ar\/cursos\/taller-de-dibujo-y-retrato-bases-estructurales_34972\" target=\"_blank\" rel=\"noopener\">https:\/\/visuales.una.edu.ar\/cursos\/taller-de-dibujo-y-retrato-bases-estructurales_34972<\/a><\/p>\n<p><img loading=\"lazy\" decoding=\"async\" class=\"alignleft wp-image-3333\" src=\"https:\/\/ffh.unsa.edu.pe\/artes\/wp-content\/uploads\/sites\/2\/2022\/05\/Ulas-Artes-argent.jpeg\" alt=\"\" width=\"500\" height=\"577\" srcset=\"https:\/\/ffh.unsa.edu.pe\/artes\/wp-content\/uploads\/sites\/2\/2022\/05\/Ulas-Artes-argent.jpeg 858w, https:\/\/ffh.unsa.edu.pe\/artes\/wp-content\/uploads\/sites\/2\/2022\/05\/Ulas-Artes-argent-768x886.jpeg 768w\" sizes=\"auto, (max-width: 500px) 100vw, 500px\" \/><\/p>\n<p>&nbsp;<\/p>\n<p>&nbsp;<\/p>\n<p>&nbsp;<\/p>\n<p>&nbsp;<\/p>\n<p>&nbsp;<\/p>\n<p>&nbsp;<\/p>\n<p>&nbsp;<\/p>\n<p>&nbsp;<\/p>\n<p>&nbsp;<\/p>\n<p>&nbsp;<\/p>\n<p>&nbsp;<\/p>\n<p>&nbsp;<\/p>\n<p>&nbsp;<\/p>\n<p>&nbsp;<\/p>\n<p>&nbsp;<\/p>\n<p>&nbsp;<\/p>\n<hr \/>\n<p><a href=\"https:\/\/visuales.una.edu.ar\/cursos\/influencias-y-vida-de-jackson-pollock_34973\" target=\"_blank\" rel=\"noopener\">https:\/\/visuales.una.edu.ar\/cursos\/influencias-y-vida-de-jackson-pollock_34973<\/a><\/p>\n<p><img loading=\"lazy\" decoding=\"async\" class=\"alignleft wp-image-3334\" src=\"https:\/\/ffh.unsa.edu.pe\/artes\/wp-content\/uploads\/sites\/2\/2022\/05\/Ulas-artes-argent2.jpeg\" alt=\"\" width=\"500\" height=\"599\" \/><\/p>\n<p>&nbsp;<\/p>\n<p>&nbsp;<\/p>\n<p>&nbsp;<\/p>\n<p>&nbsp;<\/p>\n<p>&nbsp;<\/p>\n<p>&nbsp;<\/p>\n<p>&nbsp;<\/p>\n<p>&nbsp;<\/p>\n<p>&nbsp;<\/p>\n<p>&nbsp;<\/p>\n<p>&nbsp;<\/p>\n<p>&nbsp;<\/p>\n<p>&nbsp;<\/p>\n<p>&nbsp;<\/p>\n<p>&nbsp;<\/p>\n<p>&nbsp;<\/p>\n<p>&nbsp;<\/p>\n<hr \/>\n<p><a href=\"https:\/\/visuales.una.edu.ar\/cursos\/taller-de-acuarela-dibujo-y-tinta-china_34978\" target=\"_blank\" rel=\"noopener\">https:\/\/visuales.una.edu.ar\/cursos\/taller-de-acuarela-dibujo-y-tinta-china_34978<\/a><\/p>\n<p><img loading=\"lazy\" decoding=\"async\" class=\"alignleft wp-image-3335\" src=\"https:\/\/ffh.unsa.edu.pe\/artes\/wp-content\/uploads\/sites\/2\/2022\/05\/Ulas-artes-argent-3.jpeg\" alt=\"\" width=\"500\" height=\"589\" \/><\/p>\n<p>&nbsp;<\/p>\n<p>&nbsp;<\/p>\n<p>&nbsp;<\/p>\n<p>&nbsp;<\/p>\n<p>&nbsp;<\/p>\n<p>&nbsp;<\/p>\n<p>&nbsp;<\/p>\n<p>&nbsp;<\/p>\n<p>&nbsp;<\/p>\n<p>&nbsp;<\/p>\n<p>&nbsp;<\/p>\n<p>&nbsp;<\/p>\n<p>&nbsp;<\/p>\n<p>&nbsp;<\/p>\n<p>&nbsp;<\/p>\n<p>&nbsp;<\/p>\n<p>&nbsp;<\/p>\n<p>&nbsp;<\/p>\n<p>&nbsp;<\/p>\n<p>&nbsp;<\/p>\n<p><iframe loading=\"lazy\" title=\"Movilidad estudiantil - UNSA 2020 &quot;Proyecta tu futuro&quot;\" width=\"500\" height=\"281\" src=\"https:\/\/www.youtube.com\/embed\/gHhtLZnxTWQ?feature=oembed\" frameborder=\"0\" allow=\"accelerometer; autoplay; clipboard-write; encrypted-media; gyroscope; picture-in-picture; web-share\" referrerpolicy=\"strict-origin-when-cross-origin\" allowfullscreen><\/iframe><\/p>\n<p>&nbsp;<\/p>\n<p>&nbsp;<\/p>\n<p>&nbsp;<\/p>\n<p><iframe loading=\"lazy\" title=\"Movilidad - UNSA  2020\" width=\"500\" height=\"281\" src=\"https:\/\/www.youtube.com\/embed\/N3YskLFjhXY?feature=oembed\" frameborder=\"0\" allow=\"accelerometer; autoplay; clipboard-write; encrypted-media; gyroscope; picture-in-picture; web-share\" referrerpolicy=\"strict-origin-when-cross-origin\" allowfullscreen><\/iframe><\/p>\n<h2>NUESTROS ESTUDIANTES HACEN USO DE MOVILIDAD ESTUDIANTIL<\/h2>\n<p><strong>Vanessa Veronica Quispe Vilca.<\/strong><\/p>\n<p>Estudiante del Programa de Estudios de Artes con Especialidad de Pl\u00e1sticas ha sido aceptada como estudiante visitante de tiempo completo para cursar asignaturas en la Facultad de Artes de la Universidad Nacional de Colombia, sede Bogot\u00e1, del 4 de octubre de 2021 al 12 de febrero de 2022.<\/p>\n<p><a href=\"https:\/\/ffh.unsa.edu.pe\/artes\/wp-content\/uploads\/sites\/2\/2021\/11\/Carta-de-Aceptacion-Movilidad-Entrante_2021-0202.pdf\">Ver m\u00e1s<\/a><\/p>\n<hr \/>\n<p><strong>Walther Joel S\u00e1nchez Aquino.<\/strong><\/p>\n<p>Estudiante del Programa de Estudios de Artes con Especialidad de Pl\u00e1sticas, participa del\u00a0 Programa de Intercambio Virtual Estudiantil Red Peruana de Universidades \u2013 RPU, programa que se desarrolla durante el semestre acad\u00e9mico 2021-2.<\/p>\n<p><a href=\"https:\/\/ffh.unsa.edu.pe\/artes\/wp-content\/uploads\/sites\/2\/2021\/11\/WSANCHEZ_POSTULACION-MOVILIDAD-ESTUDIANTIL_AR-1.pdf\">Ver m\u00e1s<\/a><\/p>\n<h2>MOVILIDAD DOCENTE<strong><br \/>\n<\/strong><\/h2>\n<ul>\n<li><a href=\"https:\/\/ffh.unsa.edu.pe\/artes\/movilidad-olger-gutierrez-aguilar\/\">Dr. Olger Albino Gutierrez Aguilar<\/a><\/li>\n<\/ul>\n<p>&nbsp;<\/p>\n<p>&nbsp;<\/p>\n","protected":false},"excerpt":{"rendered":"<p>MOVILIDAD Y CONVENIOS DEL PROGRAMA DE ESTUDIOS DE ARTES CON ESPECIALIDAD DE PL\u00c1STICAS La oficina universitaria de cooperaci\u00f3n, convenios, relaciones internacionales, becas y pasant\u00edas es la encargada de dar el marco normativo referido a los convenios celebrados, alcances, \u00e1mbitos, finalidades, compromisos, responsables y otros que permitan su continuidad. Pone a\u00a0 disposici\u00f3n de toda la comunidad [&hellip;]<\/p>\n","protected":false},"author":9,"featured_media":0,"parent":0,"menu_order":0,"comment_status":"closed","ping_status":"closed","template":"","meta":{"_acf_changed":false,"footnotes":""},"class_list":["post-3084","page","type-page","status-publish","hentry"],"acf":[],"_links":{"self":[{"href":"https:\/\/ffh.unsa.edu.pe\/artes\/wp-json\/wp\/v2\/pages\/3084","targetHints":{"allow":["GET"]}}],"collection":[{"href":"https:\/\/ffh.unsa.edu.pe\/artes\/wp-json\/wp\/v2\/pages"}],"about":[{"href":"https:\/\/ffh.unsa.edu.pe\/artes\/wp-json\/wp\/v2\/types\/page"}],"author":[{"embeddable":true,"href":"https:\/\/ffh.unsa.edu.pe\/artes\/wp-json\/wp\/v2\/users\/9"}],"replies":[{"embeddable":true,"href":"https:\/\/ffh.unsa.edu.pe\/artes\/wp-json\/wp\/v2\/comments?post=3084"}],"version-history":[{"count":39,"href":"https:\/\/ffh.unsa.edu.pe\/artes\/wp-json\/wp\/v2\/pages\/3084\/revisions"}],"predecessor-version":[{"id":3663,"href":"https:\/\/ffh.unsa.edu.pe\/artes\/wp-json\/wp\/v2\/pages\/3084\/revisions\/3663"}],"wp:attachment":[{"href":"https:\/\/ffh.unsa.edu.pe\/artes\/wp-json\/wp\/v2\/media?parent=3084"}],"curies":[{"name":"wp","href":"https:\/\/api.w.org\/{rel}","templated":true}]}}