{"id":3087,"date":"2021-11-21T15:50:38","date_gmt":"2021-11-21T20:50:38","guid":{"rendered":"https:\/\/ffh.unsa.edu.pe\/artes\/?page_id=3087"},"modified":"2024-12-25T11:00:11","modified_gmt":"2024-12-25T16:00:11","slug":"investigaciones-de-nuestros-estudiantes","status":"publish","type":"page","link":"https:\/\/ffh.unsa.edu.pe\/artes\/investigaciones-de-nuestros-estudiantes\/","title":{"rendered":"Investigaciones de nuestros estudiantes"},"content":{"rendered":"<p style=\"text-align: center\"><strong>ACTIVIDADES DE INVESTIGACI\u00d3N DE LOS ESTUDIANTES DEL PROGRAMA DE ESTUDIOS DE ARTES\u00a0 CON ESPECIALIDAD DE M\u00daSICA.<\/strong><\/p>\n<ul>\n<li>IV Coloquio de estudiantes de investigaci\u00f3n musical 2024 &#8211; \u00a1NUEVO!<\/li>\n<li><a href=\"https:\/\/ffh.unsa.edu.pe\/artes\/iii-coloquio-de-estudiantes-de-investigacion-musical-2023\/\">III Coloquio de estudiantes de investigaci\u00f3n musical 2023<\/a><\/li>\n<li><a href=\"https:\/\/ffh.unsa.edu.pe\/artes\/ii-coloquio-de-investigacion-musical\/\">II Coloquio de estudiantes de investigaci\u00f3n musical 2022<\/a><\/li>\n<li><a href=\"https:\/\/ffh.unsa.edu.pe\/artes\/i-coloquio-de-estudiantes-de-investigacion-musical\/\">I Coloquio de estudiantes de investigaci\u00f3n musical<\/a><\/li>\n<\/ul>\n<p>&nbsp;<\/p>\n<p style=\"text-align: center\"><strong>ACTIVIDADES DE INVESTIGACI\u00d3N DE LOS ESTUDIANTES DEL PROGRAMA DE ESTUDIOS DE ARTES\u00a0 CON ESPECIALIDAD DE PL\u00c1STICAS.<\/strong><\/p>\n<ul>\n<li><a href=\"https:\/\/ffh.unsa.edu.pe\/artes\/publicaciones-de-estudiantes-del-programa-de-estudios-de-artes-con-especialidad-de-plasticas-2020\/\">Publicaciones de estudiantes del Programa de Estudios de Artes con Especialidad de Pl\u00e1sticas 2020, 2021<\/a><\/li>\n<\/ul>\n<p>&nbsp;<\/p>\n","protected":false},"excerpt":{"rendered":"<p>ACTIVIDADES DE INVESTIGACI\u00d3N DE LOS ESTUDIANTES DEL PROGRAMA DE ESTUDIOS DE ARTES\u00a0 CON ESPECIALIDAD DE M\u00daSICA. IV Coloquio de estudiantes de investigaci\u00f3n musical 2024 &#8211; \u00a1NUEVO! III Coloquio de estudiantes de investigaci\u00f3n musical 2023 II Coloquio de estudiantes de investigaci\u00f3n musical 2022 I Coloquio de estudiantes de investigaci\u00f3n musical &nbsp; ACTIVIDADES DE INVESTIGACI\u00d3N DE LOS [&hellip;]<\/p>\n","protected":false},"author":9,"featured_media":0,"parent":0,"menu_order":0,"comment_status":"closed","ping_status":"closed","template":"","meta":{"_acf_changed":false,"footnotes":""},"class_list":["post-3087","page","type-page","status-publish","hentry"],"acf":[],"_links":{"self":[{"href":"https:\/\/ffh.unsa.edu.pe\/artes\/wp-json\/wp\/v2\/pages\/3087","targetHints":{"allow":["GET"]}}],"collection":[{"href":"https:\/\/ffh.unsa.edu.pe\/artes\/wp-json\/wp\/v2\/pages"}],"about":[{"href":"https:\/\/ffh.unsa.edu.pe\/artes\/wp-json\/wp\/v2\/types\/page"}],"author":[{"embeddable":true,"href":"https:\/\/ffh.unsa.edu.pe\/artes\/wp-json\/wp\/v2\/users\/9"}],"replies":[{"embeddable":true,"href":"https:\/\/ffh.unsa.edu.pe\/artes\/wp-json\/wp\/v2\/comments?post=3087"}],"version-history":[{"count":14,"href":"https:\/\/ffh.unsa.edu.pe\/artes\/wp-json\/wp\/v2\/pages\/3087\/revisions"}],"predecessor-version":[{"id":4171,"href":"https:\/\/ffh.unsa.edu.pe\/artes\/wp-json\/wp\/v2\/pages\/3087\/revisions\/4171"}],"wp:attachment":[{"href":"https:\/\/ffh.unsa.edu.pe\/artes\/wp-json\/wp\/v2\/media?parent=3087"}],"curies":[{"name":"wp","href":"https:\/\/api.w.org\/{rel}","templated":true}]}}