{"id":3091,"date":"2021-11-21T16:02:06","date_gmt":"2021-11-21T21:02:06","guid":{"rendered":"https:\/\/ffh.unsa.edu.pe\/artes\/?page_id=3091"},"modified":"2021-11-26T10:48:45","modified_gmt":"2021-11-26T15:48:45","slug":"i-coloquio-de-estudiantes-de-investigacion-musical","status":"publish","type":"page","link":"https:\/\/ffh.unsa.edu.pe\/artes\/i-coloquio-de-estudiantes-de-investigacion-musical\/","title":{"rendered":"I Coloquio de estudiantes de investigaci\u00f3n musical"},"content":{"rendered":"<p>El coloquio busca socializar los proyectos de tesis de licenciatura de los estudiantes del \u00faltimo a\u00f1o de la carrera de m\u00fasica y acercar al p\u00fablico a las diversas perspectivas de investigaci\u00f3n dentro de nuestro programa de estudios.<\/p>\n<p>Fecha: 25 de noviembre de 2021<\/p>\n<p>Hora: 7:00 am<\/p>\n<p>Asignatura: Investigaci\u00f3n Musical II<\/p>\n<p>Docente responsable: Dra. Zoila Elena Vega Salvatierra<\/p>\n<p>A continuaci\u00f3n se presentan los resumenes y exposiciones de los 19 proyectos de investigaci\u00f3n realizados por los alumnos de d\u00e9cimo semestre 2021 de la asignatura Investigaci\u00f3n Musical II:<\/p>\n<p>&nbsp;<\/p>\n<p><strong>V\u00edctor C\u00e1ceres Gonz\u00e1les<\/strong><\/p>\n<p>\u00abFactores determinantes en el uso generalizado de la guitarra en estudiantes de diversas especialidades instrumentales en la EPA-UNSA 2022\u00bb<\/p>\n<p><a href=\"https:\/\/ffh.unsa.edu.pe\/artes\/wp-content\/uploads\/sites\/2\/2021\/11\/Caceres.pdf\" rel=\"noopener\">RESUMEN<\/a><\/p>\n<p><img loading=\"lazy\" decoding=\"async\" class=\"aligncenter size-full wp-image-3141\" src=\"https:\/\/ffh.unsa.edu.pe\/artes\/wp-content\/uploads\/sites\/2\/2021\/11\/Poster-Victor-Caceres-e1637841558983.jpg\" alt=\"\" width=\"700\" height=\"1750\" \/><\/p>\n<p>&nbsp;<\/p>\n<hr \/>\n<p><strong>Kilder Cartolin Cruz<\/strong><\/p>\n<p>\u00abImpacto de las pr\u00e1cticas pedag\u00f3gicas virtuales en el rendimiento acad\u00e9mico de las bandas musicales escolares. Observaciones en conjuntos instrumentales de nivel secundario en Arequipa, ciudad, 2020\u00bb<\/p>\n<p><a href=\"https:\/\/ffh.unsa.edu.pe\/artes\/wp-content\/uploads\/sites\/2\/2021\/11\/Cartolin.pdf\">RESUMEN<\/a><\/p>\n<p><img loading=\"lazy\" decoding=\"async\" class=\"aligncenter size-full wp-image-3138\" src=\"https:\/\/ffh.unsa.edu.pe\/artes\/wp-content\/uploads\/sites\/2\/2021\/11\/Poster-KILDER-JULIO-CARTOLIN-CRUZ-scaled-e1637841339521.jpg\" alt=\"\" width=\"700\" height=\"495\" \/><\/p>\n<hr \/>\n<p><strong>Greice Cuadros Adriano<\/strong><\/p>\n<p>\u00abPosturas incorrectas en la ejecuci\u00f3n de viol\u00edn y viola Observaciones en los alumnos de la Escuela Profesional de Artes de la UNSA &#8211; 2021\u00bb<\/p>\n<p><a href=\"https:\/\/ffh.unsa.edu.pe\/artes\/wp-content\/uploads\/sites\/2\/2021\/11\/Cuadros.pdf\">RESUMEN<\/a><\/p>\n<p><img loading=\"lazy\" decoding=\"async\" class=\"aligncenter size-full wp-image-3135\" src=\"https:\/\/ffh.unsa.edu.pe\/artes\/wp-content\/uploads\/sites\/2\/2021\/11\/Poster-GREICE-CUADROS-e1637841206126.jpg\" alt=\"\" width=\"700\" height=\"990\" \/><\/p>\n<hr \/>\n<p><strong>Percy D\u00e1valos Salas<\/strong><\/p>\n<p>\u00abInfluencia de los procesos creativos de Ludovico Einaudo y Arvo Part en la composici\u00f3n de cinco obras para piano solo (2014-2015) de Percy D\u00e1valos\u00bb<\/p>\n<p><a href=\"https:\/\/ffh.unsa.edu.pe\/artes\/wp-content\/uploads\/sites\/2\/2021\/11\/Davalos.pdf\">RESUMEN<\/a><\/p>\n<p><iframe loading=\"lazy\" title=\"&quot;I Coloquio de estudiantes de investigaci\u00f3n musical&quot; Percy Da\u0301valos Salas\" width=\"500\" height=\"281\" src=\"https:\/\/www.youtube.com\/embed\/4dWwe0nxdoo?feature=oembed\" frameborder=\"0\" allow=\"accelerometer; autoplay; clipboard-write; encrypted-media; gyroscope; picture-in-picture; web-share\" referrerpolicy=\"strict-origin-when-cross-origin\" allowfullscreen><\/iframe><\/p>\n<hr \/>\n<p><strong>Melissa Delgado Medina<\/strong><\/p>\n<p>\u00abImpacto de la ansiedad esc\u00e9nica en la interpretaci\u00f3n musical. El miedo esc\u00e9nico en estudiantes de primer a\u00f1o de carrera en EPA-UNSA-2022\u00bb<\/p>\n<p><a href=\"https:\/\/ffh.unsa.edu.pe\/artes\/wp-content\/uploads\/sites\/2\/2021\/11\/Delgado.pdf\">RESUMEN<\/a><\/p>\n<p><img loading=\"lazy\" decoding=\"async\" class=\"aligncenter size-full wp-image-3139\" src=\"https:\/\/ffh.unsa.edu.pe\/artes\/wp-content\/uploads\/sites\/2\/2021\/11\/Poster-Melissa-Delgado-e1637841378473.jpg\" alt=\"\" width=\"700\" height=\"990\" \/><\/p>\n<hr \/>\n<p><strong>Emerson Janampa Espinoza<\/strong><\/p>\n<p>\u00abLa embocadura y sus lesiones en estudiantes de saxof\u00f3n y clarinete durante los a\u00f1os 2020 \u2013 2021\u00bb<\/p>\n<p><a href=\"https:\/\/ffh.unsa.edu.pe\/artes\/wp-content\/uploads\/sites\/2\/2021\/11\/Janampa.pdf\">RESUMEN<\/a><\/p>\n<p><iframe loading=\"lazy\" title=\"&quot;I Coloquio de estudiantes de investigaci\u00f3n musical&quot;  Emerson Janampa Espinoza\" width=\"500\" height=\"281\" src=\"https:\/\/www.youtube.com\/embed\/cytNUsQ-9jY?feature=oembed\" frameborder=\"0\" allow=\"accelerometer; autoplay; clipboard-write; encrypted-media; gyroscope; picture-in-picture; web-share\" referrerpolicy=\"strict-origin-when-cross-origin\" allowfullscreen><\/iframe><\/p>\n<hr \/>\n<p><strong>Eduardo Maquito Velarde<\/strong><\/p>\n<p>\u00abIndustria musical, oportunidades laborales y consumo de la producci\u00f3n art\u00edstica musical de la ciudad de Arequipa (2016-2021)\u00bb<\/p>\n<p><a href=\"https:\/\/ffh.unsa.edu.pe\/artes\/wp-content\/uploads\/sites\/2\/2021\/11\/Maquito.pdf\">RESUMEN<\/a><\/p>\n<p><iframe loading=\"lazy\" title=\"&quot;I Coloquio de estudiantes de investigaci\u00f3n musical&quot; Eduardo Maquito Velarde\" width=\"500\" height=\"281\" src=\"https:\/\/www.youtube.com\/embed\/5OEmmXBR5dw?feature=oembed\" frameborder=\"0\" allow=\"accelerometer; autoplay; clipboard-write; encrypted-media; gyroscope; picture-in-picture; web-share\" referrerpolicy=\"strict-origin-when-cross-origin\" allowfullscreen><\/iframe><\/p>\n<hr \/>\n<p><strong>Fernando Navarro Zapana<\/strong><\/p>\n<p>\u00abLa influencia de los docentes en los alumnos dentro del \u00e1mbito musical-instrumental en la Universidad Nacional de San Agust\u00edn en el 2021\u00bb<\/p>\n<p><a href=\"https:\/\/ffh.unsa.edu.pe\/artes\/wp-content\/uploads\/sites\/2\/2021\/11\/Navarro.pdf\">RESUMEN<\/a><\/p>\n<p><img loading=\"lazy\" decoding=\"async\" class=\"aligncenter size-full wp-image-3134\" src=\"https:\/\/ffh.unsa.edu.pe\/artes\/wp-content\/uploads\/sites\/2\/2021\/11\/Poster-Fernando-Navarro-Zapana-scaled-e1637841160258.jpg\" alt=\"\" width=\"700\" height=\"990\" \/><\/p>\n<hr \/>\n<p><strong>Jefri John Pacheco Flores<\/strong><\/p>\n<p>\u00abRecursos pedag\u00f3gicos para la afinaci\u00f3n en la pr\u00e1ctica de la trompeta: Ejercicios de boquilla aplicados a estudiantes de m\u00fasica de la UNSA (2021)\u00bb<\/p>\n<p><a href=\"https:\/\/ffh.unsa.edu.pe\/artes\/wp-content\/uploads\/sites\/2\/2021\/11\/Pacheco.pdf\">RESUMEN<\/a><\/p>\n<p><img loading=\"lazy\" decoding=\"async\" class=\"aligncenter size-full wp-image-3136\" src=\"https:\/\/ffh.unsa.edu.pe\/artes\/wp-content\/uploads\/sites\/2\/2021\/11\/Poster-JEFRI-PACHECO-scaled-e1637841251504.jpeg\" alt=\"\" width=\"700\" height=\"990\" \/><\/p>\n<hr \/>\n<p><strong>Andrea Quiroa Abuhadba<\/strong><\/p>\n<p>\u00abEstrategias pedag\u00f3gicas y resultados acad\u00e9micos en la educaci\u00f3n virtual y presencial de la c\u00e1tedra de cuerdas frotadas de la Escuela Profesional de Artes de la UNSA (2019 &#8211; 2020)\u00bb<\/p>\n<p><a href=\"https:\/\/ffh.unsa.edu.pe\/artes\/wp-content\/uploads\/sites\/2\/2021\/11\/Quiroa.pdf\">RESUMEN<\/a><\/p>\n<p><img loading=\"lazy\" decoding=\"async\" class=\"aligncenter size-full wp-image-3132\" src=\"https:\/\/ffh.unsa.edu.pe\/artes\/wp-content\/uploads\/sites\/2\/2021\/11\/Poster-Andrea-Quiroa-e1637841037155.jpg\" alt=\"\" width=\"700\" height=\"990\" \/><\/p>\n<hr \/>\n<p><strong>Xiomara Quispe y Juan Marcelo Calder\u00f3n Mendoza<\/strong><\/p>\n<p>\u00abGrabaci\u00f3n y Edici\u00f3n musical: Experiencias en la Escuela de Artes de los alumnos de 4to y 5to a\u00f1o durante la pandemia del COVID-19 en 2020 y 2021\u00bb<\/p>\n<p><a href=\"https:\/\/ffh.unsa.edu.pe\/artes\/wp-content\/uploads\/sites\/2\/2021\/11\/Quispe-y-Calderon.pdf\">RESUMEN<\/a><\/p>\n<p><img loading=\"lazy\" decoding=\"async\" class=\"aligncenter size-full wp-image-3137\" src=\"https:\/\/ffh.unsa.edu.pe\/artes\/wp-content\/uploads\/sites\/2\/2021\/11\/Poster-Juan-Marcelo-y-Xiomara-e1637841301282.jpg\" alt=\"\" width=\"700\" height=\"990\" \/><\/p>\n<hr \/>\n<p><strong>Mar\u00eda Fernanda Rodr\u00edguez<\/strong><\/p>\n<p>\u00abInfluencia de la ludo-musicolog\u00eda en la pedagog\u00eda musical. An\u00e1lisis en estudiantes de 4to grado de secundaria en Arequipa, 2022\u00bb<\/p>\n<p><a href=\"https:\/\/ffh.unsa.edu.pe\/artes\/wp-content\/uploads\/sites\/2\/2021\/11\/Rodriguez.pdf\">RESUMEN<\/a><\/p>\n<p><img loading=\"lazy\" decoding=\"async\" class=\"aligncenter size-full wp-image-3140\" src=\"https:\/\/ffh.unsa.edu.pe\/artes\/wp-content\/uploads\/sites\/2\/2021\/11\/Poster-RODRIGUEZ-CHAVEZ-e1637841443322.jpg\" alt=\"\" width=\"700\" height=\"990\" \/><\/p>\n<hr \/>\n<p><strong>David Ruiz Llanos<\/strong><\/p>\n<p>\u00abLa afinaci\u00f3n del contrabajo europeo por quintas y su relaci\u00f3n con las sinfon\u00edas parisinas (1780-1786) y londinenses (1791-1795) de Franz Joseph Haydn.\u00bb<\/p>\n<p><a href=\"https:\/\/ffh.unsa.edu.pe\/artes\/wp-content\/uploads\/sites\/2\/2021\/11\/Ruiz.pdf\">RESUMEN<\/a><\/p>\n<p><iframe loading=\"lazy\" title=\"&quot;I Coloquio de estudiantes de investigaci\u00f3n musical&quot; David Ruiz Llanos\" width=\"500\" height=\"281\" src=\"https:\/\/www.youtube.com\/embed\/0W6JMr758Jg?feature=oembed\" frameborder=\"0\" allow=\"accelerometer; autoplay; clipboard-write; encrypted-media; gyroscope; picture-in-picture; web-share\" referrerpolicy=\"strict-origin-when-cross-origin\" allowfullscreen><\/iframe><\/p>\n<hr \/>\n<p><strong>Daniel Salas Benavides<\/strong><\/p>\n<p>\u00ab\u00bfHerramienta o instrumento musical? El uso del micr\u00f3fono en Mikrophonie I (1964-1965) de Karlheinz Stockhausen\u00bb<\/p>\n<p><a href=\"https:\/\/ffh.unsa.edu.pe\/artes\/wp-content\/uploads\/sites\/2\/2021\/11\/Salas-Benavides.pdf\">RESUMEN<\/a><\/p>\n<p><iframe loading=\"lazy\" title=\"&quot;I Coloquio de estudiantes de investigaci\u00f3n musical&quot; Daniel Salas Benavides\" width=\"500\" height=\"281\" src=\"https:\/\/www.youtube.com\/embed\/qfUvrPxSlZc?feature=oembed\" frameborder=\"0\" allow=\"accelerometer; autoplay; clipboard-write; encrypted-media; gyroscope; picture-in-picture; web-share\" referrerpolicy=\"strict-origin-when-cross-origin\" allowfullscreen><\/iframe><\/p>\n<hr \/>\n<p><strong>Jos\u00e9 Alfredo Valencia<\/strong><\/p>\n<p>\u00abFactores del desarrollo de bandas escolares en la nueva normalidad: estudio en instituciones educativas estatales de la ciudad de Arequipa (2022)\u00bb<\/p>\n<p><a href=\"https:\/\/ffh.unsa.edu.pe\/artes\/wp-content\/uploads\/sites\/2\/2021\/11\/Valencia.pdf\">RESUMEN<\/a><\/p>\n<p><iframe loading=\"lazy\" title=\"&quot;I Coloquio de estudiantes de investigaci\u00f3n musical&quot; Jose\u0301 Alfredo Valencia\" width=\"500\" height=\"281\" src=\"https:\/\/www.youtube.com\/embed\/0S5YWMiiq1c?feature=oembed\" frameborder=\"0\" allow=\"accelerometer; autoplay; clipboard-write; encrypted-media; gyroscope; picture-in-picture; web-share\" referrerpolicy=\"strict-origin-when-cross-origin\" allowfullscreen><\/iframe><\/p>\n<hr \/>\n<p><strong>Fausto Vel\u00e1squez Arapa<\/strong><\/p>\n<p>\u00abProblemas de comunicabilidad en las diferentes notaciones para congas, bongos y timbales en percusionistas peruanos durante la segunda d\u00e9cada del siglo XXI\u00bb<\/p>\n<p><a href=\"https:\/\/ffh.unsa.edu.pe\/artes\/wp-content\/uploads\/sites\/2\/2021\/11\/Velasquez.pdf\">RESUMEN<\/a><\/p>\n<p><img loading=\"lazy\" decoding=\"async\" class=\"aligncenter size-full wp-image-3133\" src=\"https:\/\/ffh.unsa.edu.pe\/artes\/wp-content\/uploads\/sites\/2\/2021\/11\/Poster-FAUSTO-VELASQUEZ--scaled-e1637841097704.jpg\" alt=\"\" width=\"700\" height=\"933\" \/><\/p>\n<hr \/>\n<p><strong>Jorge Velazco Amanta<\/strong><\/p>\n<p>\u00abLa t\u00e9cnica del movimiento de brazo de Claudio Arrau en la interpretaci\u00f3n pian\u00edstica en estudiantes de piano de la Escuela Profesional de Artes \u2013 M\u00fasica de la UNSA Arequipa \u2013 2022\u00bb<\/p>\n<p><a href=\"https:\/\/ffh.unsa.edu.pe\/artes\/wp-content\/uploads\/sites\/2\/2021\/11\/Velazco.pdf\">RESUMEN<\/a><\/p>\n<p><img loading=\"lazy\" decoding=\"async\" class=\"aligncenter size-full wp-image-3131\" src=\"https:\/\/ffh.unsa.edu.pe\/artes\/wp-content\/uploads\/sites\/2\/2021\/11\/Poster-JORGE-VELAZCO-scaled-e1637840907936.jpg\" alt=\"\" width=\"700\" height=\"950\" \/><\/p>\n<hr \/>\n<p><strong>Luis Yvan Vera Acosta<\/strong><\/p>\n<p>\u00abLa importancia del ritmo, del sonido y de la afinaci\u00f3n en la formaci\u00f3n temprana de j\u00f3venes violinistas en Arequipa (2021)\u00bb<\/p>\n<p><a href=\"https:\/\/ffh.unsa.edu.pe\/artes\/wp-content\/uploads\/sites\/2\/2021\/11\/Vera.pdf\">RESUMEN<\/a><\/p>\n<p><iframe loading=\"lazy\" title=\"&quot;I Coloquio de estudiantes de investigaci\u00f3n musical&quot; Luis Yvan Vera Acosta\" width=\"500\" height=\"281\" src=\"https:\/\/www.youtube.com\/embed\/oB83n7OCte8?feature=oembed\" frameborder=\"0\" allow=\"accelerometer; autoplay; clipboard-write; encrypted-media; gyroscope; picture-in-picture; web-share\" referrerpolicy=\"strict-origin-when-cross-origin\" allowfullscreen><\/iframe><\/p>\n<hr \/>\n<p><strong>Diego Zevallos Rodr\u00edguez<\/strong><\/p>\n<p>\u00abBandas sonoras de miedo: Recursos sonoros y su influencia en la psique del jugador de videojuegos del sub g\u00e9nero survival horror. Estudios sobre Resident Evil II (1998) y Resident Evil: C\u00f3digo Ver\u00f3nica (2000)\u00bb<\/p>\n<p><a href=\"https:\/\/ffh.unsa.edu.pe\/artes\/wp-content\/uploads\/sites\/2\/2021\/11\/Zeballos.pdf\">RESUMEN<\/a><\/p>\n<p><iframe loading=\"lazy\" title=\"&quot;I Coloquio de estudiantes de investigaci\u00f3n musical&quot; Diego Zevallos Rodriguez\" width=\"500\" height=\"281\" src=\"https:\/\/www.youtube.com\/embed\/No7s8u4IzB8?feature=oembed\" frameborder=\"0\" allow=\"accelerometer; autoplay; clipboard-write; encrypted-media; gyroscope; picture-in-picture; web-share\" referrerpolicy=\"strict-origin-when-cross-origin\" allowfullscreen><\/iframe><\/p>\n<p>&nbsp;<\/p>\n<hr \/>\n<p>I Coloquio de estudiantes de investigaci\u00f3n musical &#8211; INTRODUCCI\u00d3N<\/p>\n<p><iframe loading=\"lazy\" title=\"&quot;I Coloquio de estudiantes de investigaci\u00f3n musical&quot; Introduccio\u0301n\" width=\"500\" height=\"281\" src=\"https:\/\/www.youtube.com\/embed\/cZoC-yo0pbQ?feature=oembed\" frameborder=\"0\" allow=\"accelerometer; autoplay; clipboard-write; encrypted-media; gyroscope; picture-in-picture; web-share\" referrerpolicy=\"strict-origin-when-cross-origin\" allowfullscreen><\/iframe><\/p>\n<p>PRIMERA RONDA DE PREGUNTAS<\/p>\n<p><iframe loading=\"lazy\" title=\"&quot;I Coloquio de estudiantes de investigaci\u00f3n musical&quot; Primera ronda de preguntas\" width=\"500\" height=\"281\" src=\"https:\/\/www.youtube.com\/embed\/zNhaXC7T77w?feature=oembed\" frameborder=\"0\" allow=\"accelerometer; autoplay; clipboard-write; encrypted-media; gyroscope; picture-in-picture; web-share\" referrerpolicy=\"strict-origin-when-cross-origin\" allowfullscreen><\/iframe><\/p>\n<p>SEGUNDA RONDA DE PREGUNTAS Y DESPEDIDA<\/p>\n<p><iframe loading=\"lazy\" title=\"&quot;I Coloquio de estudiantes de investigaci\u00f3n musical&quot; Segunda ronda de preguntas y despedida\" width=\"500\" height=\"281\" src=\"https:\/\/www.youtube.com\/embed\/32Ya6fVEbgg?feature=oembed\" frameborder=\"0\" allow=\"accelerometer; autoplay; clipboard-write; encrypted-media; gyroscope; picture-in-picture; web-share\" referrerpolicy=\"strict-origin-when-cross-origin\" allowfullscreen><\/iframe><\/p>\n","protected":false},"excerpt":{"rendered":"<p>El coloquio busca socializar los proyectos de tesis de licenciatura de los estudiantes del \u00faltimo a\u00f1o de la carrera de m\u00fasica y acercar al p\u00fablico a las diversas perspectivas de investigaci\u00f3n dentro de nuestro programa de estudios. Fecha: 25 de noviembre de 2021 Hora: 7:00 am Asignatura: Investigaci\u00f3n Musical II Docente responsable: Dra. Zoila Elena [&hellip;]<\/p>\n","protected":false},"author":9,"featured_media":3123,"parent":0,"menu_order":0,"comment_status":"closed","ping_status":"closed","template":"","meta":{"_acf_changed":false,"footnotes":""},"class_list":["post-3091","page","type-page","status-publish","has-post-thumbnail","hentry"],"acf":[],"_links":{"self":[{"href":"https:\/\/ffh.unsa.edu.pe\/artes\/wp-json\/wp\/v2\/pages\/3091","targetHints":{"allow":["GET"]}}],"collection":[{"href":"https:\/\/ffh.unsa.edu.pe\/artes\/wp-json\/wp\/v2\/pages"}],"about":[{"href":"https:\/\/ffh.unsa.edu.pe\/artes\/wp-json\/wp\/v2\/types\/page"}],"author":[{"embeddable":true,"href":"https:\/\/ffh.unsa.edu.pe\/artes\/wp-json\/wp\/v2\/users\/9"}],"replies":[{"embeddable":true,"href":"https:\/\/ffh.unsa.edu.pe\/artes\/wp-json\/wp\/v2\/comments?post=3091"}],"version-history":[{"count":15,"href":"https:\/\/ffh.unsa.edu.pe\/artes\/wp-json\/wp\/v2\/pages\/3091\/revisions"}],"predecessor-version":[{"id":3145,"href":"https:\/\/ffh.unsa.edu.pe\/artes\/wp-json\/wp\/v2\/pages\/3091\/revisions\/3145"}],"wp:featuredmedia":[{"embeddable":true,"href":"https:\/\/ffh.unsa.edu.pe\/artes\/wp-json\/wp\/v2\/media\/3123"}],"wp:attachment":[{"href":"https:\/\/ffh.unsa.edu.pe\/artes\/wp-json\/wp\/v2\/media?parent=3091"}],"curies":[{"name":"wp","href":"https:\/\/api.w.org\/{rel}","templated":true}]}}