{"id":3165,"date":"2021-11-29T00:59:24","date_gmt":"2021-11-29T05:59:24","guid":{"rendered":"https:\/\/ffh.unsa.edu.pe\/artes\/?page_id=3165"},"modified":"2024-06-07T00:40:09","modified_gmt":"2024-06-07T05:40:09","slug":"movilidad-y-convenios-musica","status":"publish","type":"page","link":"https:\/\/ffh.unsa.edu.pe\/artes\/movilidad-y-convenios-musica\/","title":{"rendered":"Movilidad y Convenios M\u00fasica"},"content":{"rendered":"<p>La oficina universitaria de cooperaci\u00f3n, convenios, relaciones internacionales, becas y pasant\u00edas es la encargada de dar el marco normativo referido a los convenios celebrados, alcances, \u00e1mbitos, finalidades, compromisos, responsables y otros que permitan su continuidad. Pone a\u00a0 disposici\u00f3n de toda la comunidad universitaria la informaci\u00f3n para la movilidad de estudiantes y docentes, los requisitos, modalidades y beneficios. En p\u00e1gina web de la universidad se da a conocer regularmente a toda la comunidad Agustina los diferentes procesos y convocatorias de movilidad.<\/p>\n<p>Los principales protagonistas son los estudiantes, quienes a trav\u00e9s de las vivencias y experiencias vividas con la propia realidad van construyendo el conocimiento que les permita fijar las competencias que est\u00e1n consignadas en el perfil de egreso del Programa de Estudios de Artes con Especialidad de M\u00fasica.<\/p>\n<p>Lo mismo acontece con el docente a trav\u00e9s de la movilidad para que pueda fortalecer sus capacidades pedag\u00f3gicas y de la especialidad a fin de contribuir al desarrollo del programa de estudios de manera efectiva; Para ello existen las bases del reglamento del programa de movilidad docente para participar en eventos internacionales de estancias cortas en la Resoluci\u00f3n de Consejo Universitario N\u00ba 444-2019.<\/p>\n<hr \/>\n<h3><strong>CONVENIO CON LA UNIVERSIDAD NACIONAL DE M\u00daSICA<\/strong><\/h3>\n<p>Con fecha 17 de abril de 2024 se resuelve aprobar el <strong>\u00abConvenio marco de cooperaci\u00f3n acad\u00e9mica, cient\u00edfica y cultural que celebran la Universidad Nacional de San Agust\u00edn de Arequipa y la Universidad Nacional de M\u00fasica\u00bb<\/strong> y nombrar como coordinadora como coordinadora y\/o responsable de dicho convenio a la <strong>Dra. Zoila Elena Vega Salvatierra<\/strong>, docente de la Facultad de Filosof\u00eda y Humanidades.\u00a0<a href=\"https:\/\/ffh.unsa.edu.pe\/artes\/wp-content\/uploads\/sites\/2\/2024\/06\/EXPEDIENTE-DE-LA-RCU-165-2024-1-2.pdf\" target=\"_blank\" rel=\"noopener\">VER M\u00c1S<\/a><\/p>\n<p><a href=\"https:\/\/ffh.unsa.edu.pe\/artes\/wp-content\/uploads\/sites\/2\/2024\/06\/EXPEDIENTE-DE-LA-RCU-165-2024-Convenio.pdf\" target=\"_blank\" rel=\"noopener\">VER DETALLES DEL CONVENIO<\/a><\/p>\n<hr \/>\n<h3><\/h3>\n<h3><\/h3>\n<h3><strong>LINKS DE INTER\u00c9S SOBRE MOVILIDAD UNSA<\/strong><\/h3>\n<p><a href=\"https:\/\/rpu.edu.pe\/programas\/programa-intercambio-virtual-estudiantil\/\" target=\"_blank\" rel=\"noopener\">Red Peruana de Universidades &#8211; Programa de intercambio virtual estudiantil<\/a><\/p>\n<p><a href=\"https:\/\/rpu.edu.pe\/programas\/pasantias-docentes-rpu\/\" target=\"_blank\" rel=\"noopener\">Red Peruana de Universidades &#8211; Pasant\u00edas docentes RPU<\/a><\/p>\n<p><a href=\"http:\/\/transparencia.unsa.edu.pe\/recent-submissions\" target=\"_blank\" rel=\"noopener\">Portal de Transparencia UNSA<\/a><\/p>\n<p><iframe loading=\"lazy\" title=\"Movilidad estudiantil - UNSA 2020 &quot;Proyecta tu futuro&quot;\" width=\"500\" height=\"281\" src=\"https:\/\/www.youtube.com\/embed\/gHhtLZnxTWQ?feature=oembed\" frameborder=\"0\" allow=\"accelerometer; autoplay; clipboard-write; encrypted-media; gyroscope; picture-in-picture; web-share\" referrerpolicy=\"strict-origin-when-cross-origin\" allowfullscreen><\/iframe><\/p>\n<p><iframe loading=\"lazy\" title=\"Movilidad - UNSA  2020\" width=\"500\" height=\"281\" src=\"https:\/\/www.youtube.com\/embed\/N3YskLFjhXY?feature=oembed\" frameborder=\"0\" allow=\"accelerometer; autoplay; clipboard-write; encrypted-media; gyroscope; picture-in-picture; web-share\" referrerpolicy=\"strict-origin-when-cross-origin\" allowfullscreen><\/iframe><\/p>\n<h3>MOVILIDAD ESTUDIANTIL<\/h3>\n<ul>\n<li><strong>Erwin Calcina<\/strong>, estudiante del Programa de Estudios de Artes con Especialidad de M\u00fasica es aceptado como finalista del 3er. concurso Internacional de Flautistas de Tel Aviv (TARF), 2 al 7 de febrero de 2020.<\/li>\n<\/ul>\n<h6><a href=\"https:\/\/ffh.unsa.edu.pe\/artes\/wp-content\/uploads\/sites\/2\/2021\/12\/ERWIN-CALCINA-VILCA-DOCUMENTACION-FESTIVAL-ISRAEL.pdf\">VER M\u00c1S<\/a><\/h6>\n<p>&nbsp;<\/p>\n<h3><strong>MOVILIDAD DOCENTE<br \/>\n<\/strong><\/h3>\n<ul>\n<li><a href=\"https:\/\/ffh.unsa.edu.pe\/artes\/dra-zoila-elena-vega-salvatierra-informe-de-actividades-de-movilidad-docente\/\">Dra. Zoila Elena Vega Salvatierra<\/a><\/li>\n<\/ul>\n<p>&nbsp;<\/p>\n<p>&nbsp;<\/p>\n","protected":false},"excerpt":{"rendered":"<p>La oficina universitaria de cooperaci\u00f3n, convenios, relaciones internacionales, becas y pasant\u00edas es la encargada de dar el marco normativo referido a los convenios celebrados, alcances, \u00e1mbitos, finalidades, compromisos, responsables y otros que permitan su continuidad. Pone a\u00a0 disposici\u00f3n de toda la comunidad universitaria la informaci\u00f3n para la movilidad de estudiantes y docentes, los requisitos, modalidades [&hellip;]<\/p>\n","protected":false},"author":9,"featured_media":0,"parent":0,"menu_order":0,"comment_status":"closed","ping_status":"closed","template":"","meta":{"_acf_changed":false,"footnotes":""},"class_list":["post-3165","page","type-page","status-publish","hentry"],"acf":[],"_links":{"self":[{"href":"https:\/\/ffh.unsa.edu.pe\/artes\/wp-json\/wp\/v2\/pages\/3165","targetHints":{"allow":["GET"]}}],"collection":[{"href":"https:\/\/ffh.unsa.edu.pe\/artes\/wp-json\/wp\/v2\/pages"}],"about":[{"href":"https:\/\/ffh.unsa.edu.pe\/artes\/wp-json\/wp\/v2\/types\/page"}],"author":[{"embeddable":true,"href":"https:\/\/ffh.unsa.edu.pe\/artes\/wp-json\/wp\/v2\/users\/9"}],"replies":[{"embeddable":true,"href":"https:\/\/ffh.unsa.edu.pe\/artes\/wp-json\/wp\/v2\/comments?post=3165"}],"version-history":[{"count":33,"href":"https:\/\/ffh.unsa.edu.pe\/artes\/wp-json\/wp\/v2\/pages\/3165\/revisions"}],"predecessor-version":[{"id":3751,"href":"https:\/\/ffh.unsa.edu.pe\/artes\/wp-json\/wp\/v2\/pages\/3165\/revisions\/3751"}],"wp:attachment":[{"href":"https:\/\/ffh.unsa.edu.pe\/artes\/wp-json\/wp\/v2\/media?parent=3165"}],"curies":[{"name":"wp","href":"https:\/\/api.w.org\/{rel}","templated":true}]}}