{"id":3214,"date":"2021-11-30T13:00:15","date_gmt":"2021-11-30T18:00:15","guid":{"rendered":"https:\/\/ffh.unsa.edu.pe\/artes\/?page_id=3214"},"modified":"2021-11-30T13:42:41","modified_gmt":"2021-11-30T18:42:41","slug":"publicaciones-de-estudiantes-del-programa-de-estudios-de-artes-con-especialidad-de-plasticas-2020","status":"publish","type":"page","link":"https:\/\/ffh.unsa.edu.pe\/artes\/publicaciones-de-estudiantes-del-programa-de-estudios-de-artes-con-especialidad-de-plasticas-2020\/","title":{"rendered":"Publicaciones de estudiantes del Programa de Estudios de Artes con Especialidad de Pl\u00e1sticas 2020, 2021"},"content":{"rendered":"<ul>\n<li><strong>THEMATIC AXES IN THE EDUCATIONAL RESEARCH OF THREE UNIVERSITIES IN PERU (2016-2020)<\/strong> Ygnacio Tomaylla-Quispe, Olger Gutierrez-Aguilar, Juliana Bautista-L\u00f3pez, Estefany Sanchez-Meza, Yuma Condori-Surco, Elias Sanz-Casado (University Carlos III of Madrid (Spain))<\/li>\n<\/ul>\n<h6><a href=\"https:\/\/ffh.unsa.edu.pe\/artes\/wp-content\/uploads\/sites\/2\/2021\/11\/Paginas-desdePAPER_01_ESP-TRADUCIDO.pdf\" target=\"_blank\" rel=\"noopener\">VER RESUMEN<\/a><\/h6>\n<hr \/>\n<p>&nbsp;<\/p>\n<ul>\n<li><strong><strong>Creative thinking, extraversion, agreeableness, and the idea of social media reputation in visual artists. <\/strong><\/strong>Olger Gutierrez-Aguilar, Ygnacio Tomaylla-Quispe, Alejandra Cornejo-Velarde, Yuma and Walther S\u00e1nchez-Aquino<\/li>\n<\/ul>\n<h6><a href=\"https:\/\/ffh.unsa.edu.pe\/artes\/wp-content\/uploads\/sites\/2\/2021\/11\/Paper_02_Creative_thinking.pdf\" target=\"_blank\" rel=\"noopener\">VER RESUMEN<\/a><\/h6>\n<hr \/>\n<p>&nbsp;<\/p>\n<ul>\n<li><strong>The virtual teaching process and academic self-efficacy in learning and the intention to drop out university studies in times of Covid-19. <\/strong>Olger Gutierrez-Aguilar, Juliana Bautista-Lopez, Estefany S\u00e1nchez-Meza, Ruth Falcon-Huamani, Yuma Condori-Surco, Ygnacio Tomaylla-Quispe<strong><br \/>\n<\/strong><\/li>\n<\/ul>\n<h6><a href=\"https:\/\/ffh.unsa.edu.pe\/artes\/wp-content\/uploads\/sites\/2\/2021\/11\/Paper_LACLO_219747.pdf\" target=\"_blank\" rel=\"noopener\">VER RESUMEN<\/a><\/h6>\n<hr \/>\n<p>&nbsp;<\/p>\n<ul>\n<li><strong>Modelo de evaluaci\u00f3n de la investigaci\u00f3n en las universidades d Arequipa y su impacto en el sistema educativo.<\/strong> Yuma Maribel Condori Surco<\/li>\n<\/ul>\n<p>&nbsp;<\/p>\n<p>&nbsp;<\/p>\n<p><img loading=\"lazy\" decoding=\"async\" class=\"aligncenter wp-image-3225\" src=\"https:\/\/ffh.unsa.edu.pe\/artes\/wp-content\/uploads\/sites\/2\/2021\/11\/PROYECTO-UNSA-INVESTIGA_2021_YUMA-CONDORI-SURCO-scaled.jpg\" alt=\"\" width=\"700\" height=\"275\" srcset=\"https:\/\/ffh.unsa.edu.pe\/artes\/wp-content\/uploads\/sites\/2\/2021\/11\/PROYECTO-UNSA-INVESTIGA_2021_YUMA-CONDORI-SURCO-scaled.jpg 2560w, https:\/\/ffh.unsa.edu.pe\/artes\/wp-content\/uploads\/sites\/2\/2021\/11\/PROYECTO-UNSA-INVESTIGA_2021_YUMA-CONDORI-SURCO-768x302.jpg 768w, https:\/\/ffh.unsa.edu.pe\/artes\/wp-content\/uploads\/sites\/2\/2021\/11\/PROYECTO-UNSA-INVESTIGA_2021_YUMA-CONDORI-SURCO-1536x604.jpg 1536w, https:\/\/ffh.unsa.edu.pe\/artes\/wp-content\/uploads\/sites\/2\/2021\/11\/PROYECTO-UNSA-INVESTIGA_2021_YUMA-CONDORI-SURCO-2048x806.jpg 2048w\" sizes=\"auto, (max-width: 700px) 100vw, 700px\" \/><\/p>\n<hr \/>\n<p>&nbsp;<\/p>\n<ul>\n<li><strong>Persuaci\u00f3n narrativa y contacto intergrupal medi\u00e1tico con la poblaci\u00f3n migrante venezolana en Arequipa,<\/strong> Nicoll Alejandra Cornejo Velarde<\/li>\n<\/ul>\n<p><img loading=\"lazy\" decoding=\"async\" class=\"aligncenter wp-image-3224\" src=\"https:\/\/ffh.unsa.edu.pe\/artes\/wp-content\/uploads\/sites\/2\/2021\/11\/PROYECTO-UNSA-INVESTIGA_2021_NICOLL-ALEJANDRA-CORNEJO-VELARDE-scaled.jpg\" alt=\"\" width=\"700\" height=\"296\" srcset=\"https:\/\/ffh.unsa.edu.pe\/artes\/wp-content\/uploads\/sites\/2\/2021\/11\/PROYECTO-UNSA-INVESTIGA_2021_NICOLL-ALEJANDRA-CORNEJO-VELARDE-scaled.jpg 2560w, https:\/\/ffh.unsa.edu.pe\/artes\/wp-content\/uploads\/sites\/2\/2021\/11\/PROYECTO-UNSA-INVESTIGA_2021_NICOLL-ALEJANDRA-CORNEJO-VELARDE-768x325.jpg 768w, https:\/\/ffh.unsa.edu.pe\/artes\/wp-content\/uploads\/sites\/2\/2021\/11\/PROYECTO-UNSA-INVESTIGA_2021_NICOLL-ALEJANDRA-CORNEJO-VELARDE-1536x650.jpg 1536w, https:\/\/ffh.unsa.edu.pe\/artes\/wp-content\/uploads\/sites\/2\/2021\/11\/PROYECTO-UNSA-INVESTIGA_2021_NICOLL-ALEJANDRA-CORNEJO-VELARDE-2048x866.jpg 2048w\" sizes=\"auto, (max-width: 700px) 100vw, 700px\" \/><\/p>\n<hr \/>\n<p>&nbsp;<\/p>\n","protected":false},"excerpt":{"rendered":"<p>THEMATIC AXES IN THE EDUCATIONAL RESEARCH OF THREE UNIVERSITIES IN PERU (2016-2020) Ygnacio Tomaylla-Quispe, Olger Gutierrez-Aguilar, Juliana Bautista-L\u00f3pez, Estefany Sanchez-Meza, Yuma Condori-Surco, Elias Sanz-Casado (University Carlos III of Madrid (Spain)) VER RESUMEN &nbsp; Creative thinking, extraversion, agreeableness, and the idea of social media reputation in visual artists. Olger Gutierrez-Aguilar, Ygnacio Tomaylla-Quispe, Alejandra Cornejo-Velarde, Yuma and [&hellip;]<\/p>\n","protected":false},"author":9,"featured_media":0,"parent":0,"menu_order":0,"comment_status":"closed","ping_status":"closed","template":"","meta":{"_acf_changed":false,"footnotes":""},"class_list":["post-3214","page","type-page","status-publish","hentry"],"acf":[],"_links":{"self":[{"href":"https:\/\/ffh.unsa.edu.pe\/artes\/wp-json\/wp\/v2\/pages\/3214","targetHints":{"allow":["GET"]}}],"collection":[{"href":"https:\/\/ffh.unsa.edu.pe\/artes\/wp-json\/wp\/v2\/pages"}],"about":[{"href":"https:\/\/ffh.unsa.edu.pe\/artes\/wp-json\/wp\/v2\/types\/page"}],"author":[{"embeddable":true,"href":"https:\/\/ffh.unsa.edu.pe\/artes\/wp-json\/wp\/v2\/users\/9"}],"replies":[{"embeddable":true,"href":"https:\/\/ffh.unsa.edu.pe\/artes\/wp-json\/wp\/v2\/comments?post=3214"}],"version-history":[{"count":14,"href":"https:\/\/ffh.unsa.edu.pe\/artes\/wp-json\/wp\/v2\/pages\/3214\/revisions"}],"predecessor-version":[{"id":3216,"href":"https:\/\/ffh.unsa.edu.pe\/artes\/wp-json\/wp\/v2\/pages\/3214\/revisions\/3216"}],"wp:attachment":[{"href":"https:\/\/ffh.unsa.edu.pe\/artes\/wp-json\/wp\/v2\/media?parent=3214"}],"curies":[{"name":"wp","href":"https:\/\/api.w.org\/{rel}","templated":true}]}}