{"id":3254,"date":"2021-12-01T09:52:02","date_gmt":"2021-12-01T14:52:02","guid":{"rendered":"https:\/\/ffh.unsa.edu.pe\/artes\/?page_id=3254"},"modified":"2021-12-01T09:52:02","modified_gmt":"2021-12-01T14:52:02","slug":"zoila-elena-vega-salvatierra","status":"publish","type":"page","link":"https:\/\/ffh.unsa.edu.pe\/artes\/zoila-elena-vega-salvatierra\/","title":{"rendered":"Zoila Elena Vega Salvatierra"},"content":{"rendered":"<p><b><div class=\"cua-gra\"><img loading=\"lazy\" decoding=\"async\" class=\"hidden-xs aligncenter wp-image-3252\" src=\"https:\/\/ffh.unsa.edu.pe\/artes\/wp-content\/uploads\/sites\/2\/2021\/12\/Zoila-Vega.jpeg\" alt=\"\" width=\"300\" height=\"306\" srcset=\"https:\/\/ffh.unsa.edu.pe\/artes\/wp-content\/uploads\/sites\/2\/2021\/12\/Zoila-Vega.jpeg 1254w, https:\/\/ffh.unsa.edu.pe\/artes\/wp-content\/uploads\/sites\/2\/2021\/12\/Zoila-Vega-768x784.jpeg 768w\" sizes=\"auto, (max-width: 300px) 100vw, 300px\" \/><\/b><\/p>\n<p><b>Zoila Vega Salvatierra (Arequipa, 1973)<\/b> es catedr\u00e1tica de investigaci\u00f3n musical en la Escuela de Artes de la Universidad Nacional de San Agust\u00edn de Arequipa y docente en la maestr\u00eda de musicolog\u00eda de la Pontificia Universidad Cat\u00f3lica del Per\u00fa. Es licenciada en artes menci\u00f3n m\u00fasica por la Universidad Nacional San Agust\u00edn de Arequipa (1995), mag\u00edster en musicolog\u00eda por la Universidad de Chile (2001) doctora en Ciencias Sociales por la Universidad Nacional San Agust\u00edn de Arequipa (2005) y doctora en Musicolog\u00eda por la Universidad Nacional Aut\u00f3noma de M\u00e9xico (2019). Es miembro de la Sociedad Internacional de Musicolog\u00eda (IMS) y de la Asociaci\u00f3n Internacional de estudios de M\u00fasica Popular- rama Latinoam\u00e9rica (IASPM-LA). Ha publicado <i>Texto y Contexto de la obra de Roberto Carpio en la Arequipa del siglo XX<\/i> (PubliUnsa, 2001), <i>Vida musical cotidiana en la Arequipa del Oncenio de Legu\u00eda 1919-1930<\/i>,\u00a0 (ANR 2006) y <i>M\u00fasica en la catedral de Arequipa (1609-1881)<\/i>, (UCSP, 2012) adem\u00e1s de varias publicaciones sobre m\u00fasica peruana en diversas revistas especializadas Su \u00e1rea de investigaci\u00f3n es la m\u00fasica surperuana de los siglos XVIII al XX.<\/p>\n<p>Orcid ID: 0000-0002-6748-7648<\/p>\n<p>Author Scopus: 57194780667<\/p>\n<p><b><\/div><\/b><\/p>\n","protected":false},"excerpt":{"rendered":"","protected":false},"author":9,"featured_media":0,"parent":0,"menu_order":0,"comment_status":"closed","ping_status":"closed","template":"","meta":{"_acf_changed":false,"footnotes":""},"class_list":["post-3254","page","type-page","status-publish","hentry"],"acf":[],"_links":{"self":[{"href":"https:\/\/ffh.unsa.edu.pe\/artes\/wp-json\/wp\/v2\/pages\/3254","targetHints":{"allow":["GET"]}}],"collection":[{"href":"https:\/\/ffh.unsa.edu.pe\/artes\/wp-json\/wp\/v2\/pages"}],"about":[{"href":"https:\/\/ffh.unsa.edu.pe\/artes\/wp-json\/wp\/v2\/types\/page"}],"author":[{"embeddable":true,"href":"https:\/\/ffh.unsa.edu.pe\/artes\/wp-json\/wp\/v2\/users\/9"}],"replies":[{"embeddable":true,"href":"https:\/\/ffh.unsa.edu.pe\/artes\/wp-json\/wp\/v2\/comments?post=3254"}],"version-history":[{"count":1,"href":"https:\/\/ffh.unsa.edu.pe\/artes\/wp-json\/wp\/v2\/pages\/3254\/revisions"}],"predecessor-version":[{"id":3255,"href":"https:\/\/ffh.unsa.edu.pe\/artes\/wp-json\/wp\/v2\/pages\/3254\/revisions\/3255"}],"wp:attachment":[{"href":"https:\/\/ffh.unsa.edu.pe\/artes\/wp-json\/wp\/v2\/media?parent=3254"}],"curies":[{"name":"wp","href":"https:\/\/api.w.org\/{rel}","templated":true}]}}