{"id":3260,"date":"2021-12-01T09:58:55","date_gmt":"2021-12-01T14:58:55","guid":{"rendered":"https:\/\/ffh.unsa.edu.pe\/artes\/?page_id=3260"},"modified":"2021-12-01T09:59:22","modified_gmt":"2021-12-01T14:59:22","slug":"rose-marie-torres-pinto","status":"publish","type":"page","link":"https:\/\/ffh.unsa.edu.pe\/artes\/rose-marie-torres-pinto\/","title":{"rendered":"Rose Marie Torres Pinto"},"content":{"rendered":"<div class=\"cua-gra\"><img loading=\"lazy\" decoding=\"async\" class=\"hidden-xs aligncenter wp-image-3258\" src=\"https:\/\/ffh.unsa.edu.pe\/artes\/wp-content\/uploads\/sites\/2\/2021\/12\/ROSE.jpeg\" alt=\"\" width=\"200\" height=\"318\" srcset=\"https:\/\/ffh.unsa.edu.pe\/artes\/wp-content\/uploads\/sites\/2\/2021\/12\/ROSE.jpeg 805w, https:\/\/ffh.unsa.edu.pe\/artes\/wp-content\/uploads\/sites\/2\/2021\/12\/ROSE-768x1221.jpeg 768w\" sizes=\"auto, (max-width: 200px) 100vw, 200px\" \/><\/p>\n<p><b>Rose Marie Torres Pinto<\/b>, Licenciada y Maestra en Artes por la Universidad Nacional de San Agust\u00edn, con experiencia en la docencia en arte en el nivel b\u00e1sico y superior y capacitaci\u00f3n constante en el campo art\u00edstico. Asimismo, ha expuesto individualmente y ha participado en diversas exposiciones pict\u00f3ricas colectivas. Actualmente dicta los cursos te\u00f3ricos de: Arte Peruano y Latinoamericano II, An\u00e1lisis Pl\u00e1stico, Arte Popular, Arte y Est\u00e9tica, Teor\u00eda del Color y Apreciaci\u00f3n y Expresi\u00f3n Art\u00edstica.<\/p>\n<p><\/div>\n","protected":false},"excerpt":{"rendered":"","protected":false},"author":9,"featured_media":0,"parent":0,"menu_order":0,"comment_status":"closed","ping_status":"closed","template":"","meta":{"_acf_changed":false,"footnotes":""},"class_list":["post-3260","page","type-page","status-publish","hentry"],"acf":[],"_links":{"self":[{"href":"https:\/\/ffh.unsa.edu.pe\/artes\/wp-json\/wp\/v2\/pages\/3260","targetHints":{"allow":["GET"]}}],"collection":[{"href":"https:\/\/ffh.unsa.edu.pe\/artes\/wp-json\/wp\/v2\/pages"}],"about":[{"href":"https:\/\/ffh.unsa.edu.pe\/artes\/wp-json\/wp\/v2\/types\/page"}],"author":[{"embeddable":true,"href":"https:\/\/ffh.unsa.edu.pe\/artes\/wp-json\/wp\/v2\/users\/9"}],"replies":[{"embeddable":true,"href":"https:\/\/ffh.unsa.edu.pe\/artes\/wp-json\/wp\/v2\/comments?post=3260"}],"version-history":[{"count":3,"href":"https:\/\/ffh.unsa.edu.pe\/artes\/wp-json\/wp\/v2\/pages\/3260\/revisions"}],"predecessor-version":[{"id":3262,"href":"https:\/\/ffh.unsa.edu.pe\/artes\/wp-json\/wp\/v2\/pages\/3260\/revisions\/3262"}],"wp:attachment":[{"href":"https:\/\/ffh.unsa.edu.pe\/artes\/wp-json\/wp\/v2\/media?parent=3260"}],"curies":[{"name":"wp","href":"https:\/\/api.w.org\/{rel}","templated":true}]}}