{"id":3282,"date":"2022-03-31T12:43:38","date_gmt":"2022-03-31T17:43:38","guid":{"rendered":"https:\/\/ffh.unsa.edu.pe\/artes\/?page_id=3282"},"modified":"2022-03-31T13:01:34","modified_gmt":"2022-03-31T18:01:34","slug":"guia-estudiantil-plasticas","status":"publish","type":"page","link":"https:\/\/ffh.unsa.edu.pe\/artes\/guia-estudiantil-plasticas\/","title":{"rendered":"Gu\u00eda Estudiantil &#8211; Pl\u00e1sticas"},"content":{"rendered":"<p>Dale click en la imagen para explorar la Gu\u00eda Estudiantil del Programa de Estudios de Artes con Especialidad de Pl\u00e1sticas<\/p>\n<p><a href=\"https:\/\/ffh.unsa.edu.pe\/artes\/wp-content\/uploads\/sites\/2\/2022\/03\/GUIA-DE-ESTUDIANTES-PLASTICAS-2022_compressed.pdf\" target=\"_blank\" rel=\"noopener\"><img loading=\"lazy\" decoding=\"async\" class=\"aligncenter wp-image-3283 size-full\" src=\"https:\/\/ffh.unsa.edu.pe\/artes\/wp-content\/uploads\/sites\/2\/2022\/03\/Guia-Plasticas.jpg\" alt=\"\" width=\"689\" height=\"482\" \/><\/a><\/p>\n","protected":false},"excerpt":{"rendered":"<p>Dale click en la imagen para explorar la Gu\u00eda Estudiantil del Programa de Estudios de Artes con Especialidad de Pl\u00e1sticas<\/p>\n","protected":false},"author":9,"featured_media":0,"parent":0,"menu_order":0,"comment_status":"closed","ping_status":"closed","template":"","meta":{"_acf_changed":false,"footnotes":""},"class_list":["post-3282","page","type-page","status-publish","hentry"],"acf":[],"_links":{"self":[{"href":"https:\/\/ffh.unsa.edu.pe\/artes\/wp-json\/wp\/v2\/pages\/3282","targetHints":{"allow":["GET"]}}],"collection":[{"href":"https:\/\/ffh.unsa.edu.pe\/artes\/wp-json\/wp\/v2\/pages"}],"about":[{"href":"https:\/\/ffh.unsa.edu.pe\/artes\/wp-json\/wp\/v2\/types\/page"}],"author":[{"embeddable":true,"href":"https:\/\/ffh.unsa.edu.pe\/artes\/wp-json\/wp\/v2\/users\/9"}],"replies":[{"embeddable":true,"href":"https:\/\/ffh.unsa.edu.pe\/artes\/wp-json\/wp\/v2\/comments?post=3282"}],"version-history":[{"count":4,"href":"https:\/\/ffh.unsa.edu.pe\/artes\/wp-json\/wp\/v2\/pages\/3282\/revisions"}],"predecessor-version":[{"id":3289,"href":"https:\/\/ffh.unsa.edu.pe\/artes\/wp-json\/wp\/v2\/pages\/3282\/revisions\/3289"}],"wp:attachment":[{"href":"https:\/\/ffh.unsa.edu.pe\/artes\/wp-json\/wp\/v2\/media?parent=3282"}],"curies":[{"name":"wp","href":"https:\/\/api.w.org\/{rel}","templated":true}]}}