{"id":3295,"date":"2022-03-31T13:01:16","date_gmt":"2022-03-31T18:01:16","guid":{"rendered":"https:\/\/ffh.unsa.edu.pe\/artes\/?page_id=3295"},"modified":"2022-03-31T13:03:10","modified_gmt":"2022-03-31T18:03:10","slug":"guia-estudiantil-musica","status":"publish","type":"page","link":"https:\/\/ffh.unsa.edu.pe\/artes\/guia-estudiantil-musica\/","title":{"rendered":"Gu\u00eda Estudiantil &#8211; M\u00fasica"},"content":{"rendered":"<p>Dale click en la imagen para explorar la Gu\u00eda Estudiantil del Programa de Estudios de Artes con Especialidad de M\u00fasica.<\/p>\n<p><a href=\"https:\/\/ffh.unsa.edu.pe\/artes\/wp-content\/uploads\/sites\/2\/2022\/03\/GUIA-ESTUDIANTES-MUSICA-2022_compressed.pdf\" target=\"_blank\" rel=\"noopener\"><img loading=\"lazy\" decoding=\"async\" class=\"aligncenter wp-image-3296 size-full\" src=\"https:\/\/ffh.unsa.edu.pe\/artes\/wp-content\/uploads\/sites\/2\/2022\/03\/Captura-de-Pantalla-2022-03-31-a-las-1.00.05-p.-m..jpg\" alt=\"\" width=\"708\" height=\"511\" \/><\/a><\/p>\n","protected":false},"excerpt":{"rendered":"<p>Dale click en la imagen para explorar la Gu\u00eda Estudiantil del Programa de Estudios de Artes con Especialidad de M\u00fasica.<\/p>\n","protected":false},"author":9,"featured_media":0,"parent":0,"menu_order":0,"comment_status":"closed","ping_status":"closed","template":"","meta":{"_acf_changed":false,"footnotes":""},"class_list":["post-3295","page","type-page","status-publish","hentry"],"acf":[],"_links":{"self":[{"href":"https:\/\/ffh.unsa.edu.pe\/artes\/wp-json\/wp\/v2\/pages\/3295","targetHints":{"allow":["GET"]}}],"collection":[{"href":"https:\/\/ffh.unsa.edu.pe\/artes\/wp-json\/wp\/v2\/pages"}],"about":[{"href":"https:\/\/ffh.unsa.edu.pe\/artes\/wp-json\/wp\/v2\/types\/page"}],"author":[{"embeddable":true,"href":"https:\/\/ffh.unsa.edu.pe\/artes\/wp-json\/wp\/v2\/users\/9"}],"replies":[{"embeddable":true,"href":"https:\/\/ffh.unsa.edu.pe\/artes\/wp-json\/wp\/v2\/comments?post=3295"}],"version-history":[{"count":3,"href":"https:\/\/ffh.unsa.edu.pe\/artes\/wp-json\/wp\/v2\/pages\/3295\/revisions"}],"predecessor-version":[{"id":3300,"href":"https:\/\/ffh.unsa.edu.pe\/artes\/wp-json\/wp\/v2\/pages\/3295\/revisions\/3300"}],"wp:attachment":[{"href":"https:\/\/ffh.unsa.edu.pe\/artes\/wp-json\/wp\/v2\/media?parent=3295"}],"curies":[{"name":"wp","href":"https:\/\/api.w.org\/{rel}","templated":true}]}}